{"id":21244562,"date":"2022-10-13T13:14:34","date_gmt":"2022-10-13T13:14:34","guid":{"rendered":"http:\/\/linerostelecom.cl\/?page_id=21244562"},"modified":"2023-05-03T13:32:32","modified_gmt":"2023-05-03T16:32:32","slug":"mantencion","status":"publish","type":"page","link":"https:\/\/linerostelecom.cl\/index.php\/mantencion\/","title":{"rendered":"Mantenci\u00f3n"},"content":{"rendered":"<p>[et_pb_section fb_built=&#8221;1&#8243; _builder_version=&#8221;4.16&#8243; _module_preset=&#8221;default&#8221; global_colors_info=&#8221;{}&#8221;][et_pb_row column_structure=&#8221;1_2,1_2&#8243; module_class=&#8221;contenedor-row&#8221; _builder_version=&#8221;4.16&#8243; _module_preset=&#8221;default&#8221; custom_margin_tablet=&#8221;||||false|false&#8221; custom_margin_phone=&#8221;&#8221; custom_margin_last_edited=&#8221;on|tablet&#8221; custom_css_main_element=&#8221;display:flex;||align-items:center;&#8221; locked=&#8221;off&#8221; global_colors_info=&#8221;{}&#8221;][et_pb_column type=&#8221;1_2&#8243; module_class=&#8221;col-12&#8243; _builder_version=&#8221;4.16&#8243; _module_preset=&#8221;default&#8221; background_color=&#8221;RGBA(0,0,0,0)&#8221; custom_padding=&#8221;||||false|false&#8221; custom_padding_tablet=&#8221;|10px||10px|false|false&#8221; custom_padding_phone=&#8221;&#8221; custom_padding_last_edited=&#8221;on|tablet&#8221; global_colors_info=&#8221;{}&#8221;][et_pb_image src=&#8221;https:\/\/linerostelecom.cl\/wp-content\/uploads\/2022\/10\/telecommunications-tower-6609432_1920.jpg&#8221; title_text=&#8221;telecommunications-tower-6609432_1920&#8243; _builder_version=&#8221;4.16&#8243; _module_preset=&#8221;default&#8221; background_color=&#8221;#6BA9D2&#8243; custom_margin=&#8221;|-26px||||&#8221; global_colors_info=&#8221;{}&#8221;][\/et_pb_image][\/et_pb_column][et_pb_column type=&#8221;1_2&#8243; module_class=&#8221;col-12&#8243; _builder_version=&#8221;4.16&#8243; _module_preset=&#8221;default&#8221; global_colors_info=&#8221;{}&#8221;][et_pb_text _builder_version=&#8221;4.16&#8243; _module_preset=&#8221;default&#8221; text_font=&#8221;Archivo|||on|||||&#8221; text_text_color=&#8221;#000000&#8243; text_font_size=&#8221;12px&#8221; custom_margin=&#8221;-14px||3px|||&#8221; custom_padding=&#8221;35px||0px|||&#8221; global_colors_info=&#8221;{}&#8221;]sevicio especializado[\/et_pb_text][et_pb_text _builder_version=&#8221;4.16&#8243; _module_preset=&#8221;default&#8221; header_font=&#8221;Archivo||||||||&#8221; header_font_size=&#8221;33px&#8221; header_2_font=&#8221;Archivo||||||||&#8221; header_2_text_color=&#8221;#000000&#8243; header_2_font_size=&#8221;32px&#8221; header_3_font=&#8221;Archivo||||||||&#8221; header_3_text_color=&#8221;#000000&#8243; header_3_font_size=&#8221;26px&#8221; custom_margin=&#8221;5px||17px|||&#8221; custom_css_main_element=&#8221;display:flex !important;||align-items:center !important;&#8221; global_colors_info=&#8221;{}&#8221;]<\/p>\n<h2>Siempre comunicado con bajos costos de operaci\u00f3n<\/h2>\n<p>[\/et_pb_text][et_pb_text _builder_version=&#8221;4.16&#8243; _module_preset=&#8221;default&#8221; text_font=&#8221;Archivo||||||||&#8221; text_text_color=&#8221;rgba(0,0,0,0.61)&#8221; global_colors_info=&#8221;{}&#8221;]<\/p>\n<p>Contamos con servicios de soporte especializado en mantener comunicaciones cr\u00edticas sin interrupciones en la operaci\u00f3n diaria del negocio con los m\u00e1s altos est\u00e1ndares que el mercado chileno exige.<\/p>\n<p>[\/et_pb_text][\/et_pb_column][\/et_pb_row][et_pb_row column_structure=&#8221;1_3,1_3,1_3&#8243; make_equal=&#8221;on&#8221; _builder_version=&#8221;4.16&#8243; _module_preset=&#8221;default&#8221; border_color_all=&#8221;#000000&#8243; global_colors_info=&#8221;{}&#8221;][et_pb_column type=&#8221;1_3&#8243; _builder_version=&#8221;4.16&#8243; _module_preset=&#8221;default&#8221; custom_padding=&#8221;10px|20px|10px|20px|true|true&#8221; border_width_all=&#8221;1px&#8221; border_color_all=&#8221;#eaeaea&#8221; global_colors_info=&#8221;{}&#8221;][et_pb_image src=&#8221;https:\/\/linerostelecom.cl\/wp-content\/uploads\/2022\/10\/icons8-torre-de-radio-100.png&#8221; alt=&#8221;proyectos&#8221; title_text=&#8221;icons8-torre-de-radio-100&#8243; _builder_version=&#8221;4.16&#8243; _module_preset=&#8221;default&#8221; width=&#8221;30%&#8221; module_alignment=&#8221;left&#8221; global_colors_info=&#8221;{}&#8221;][\/et_pb_image][et_pb_text _builder_version=&#8221;4.16&#8243; _module_preset=&#8221;default&#8221; text_font=&#8221;Archivo||||||||&#8221; text_font_size=&#8221;16px&#8221; header_font=&#8221;Archivo||||||||&#8221; header_font_size=&#8221;33px&#8221; header_2_font=&#8221;Archivo||||||||&#8221; header_2_text_color=&#8221;#000000&#8243; header_2_font_size=&#8221;32px&#8221; header_3_font=&#8221;Archivo||||||||&#8221; header_3_text_color=&#8221;#000000&#8243; header_3_font_size=&#8221;26px&#8221; header_4_font=&#8221;Archivo||||||||&#8221; header_4_text_color=&#8221;#000000&#8243; header_4_font_size=&#8221;20px&#8221; header_4_line_height=&#8221;1.1em&#8221; custom_margin=&#8221;5px|||||&#8221; custom_css_main_element=&#8221;display:flex !important;||align-items:center !important;&#8221; global_colors_info=&#8221;{}&#8221;]<\/p>\n<h4>Rentabilizamos tus centros de operaci\u00f3n<\/h4>\n<p>[\/et_pb_text][et_pb_text _builder_version=&#8221;4.20.0&#8243; _module_preset=&#8221;default&#8221; text_font=&#8221;Archivo||||||||&#8221; text_text_color=&#8221;rgba(0,0,0,0.61)&#8221; custom_margin=&#8221;-20px|||||&#8221; hover_enabled=&#8221;0&#8243; global_colors_info=&#8221;{}&#8221; sticky_enabled=&#8221;0&#8243;]<\/p>\n<p>Minimiza los costos relacionados con la falla de equipos y sistemas .<\/p>\n<p>Mejora y optimiza las comunicaciones al reducir notablemente los eventos que afectan la operaci\u00f3n de tu negocio<\/p>\n<p>[\/et_pb_text][\/et_pb_column][et_pb_column type=&#8221;1_3&#8243; _builder_version=&#8221;4.16&#8243; _module_preset=&#8221;default&#8221; custom_padding=&#8221;10px|20px|10px|20px|true|true&#8221; border_width_all=&#8221;1px&#8221; border_color_all=&#8221;#eaeaea&#8221; global_colors_info=&#8221;{}&#8221;][et_pb_image src=&#8221;https:\/\/linerostelecom.cl\/wp-content\/uploads\/2022\/10\/icons8-contabilidad-100.png&#8221; alt=&#8221;proyectos&#8221; title_text=&#8221;icons8-contabilidad-100&#8243; _builder_version=&#8221;4.16&#8243; _module_preset=&#8221;default&#8221; width=&#8221;30%&#8221; module_alignment=&#8221;left&#8221; custom_padding=&#8221;|||0px||&#8221; global_colors_info=&#8221;{}&#8221;][\/et_pb_image][et_pb_text _builder_version=&#8221;4.16&#8243; _module_preset=&#8221;default&#8221; text_font=&#8221;Archivo||||||||&#8221; text_font_size=&#8221;16px&#8221; header_font=&#8221;Archivo||||||||&#8221; header_font_size=&#8221;33px&#8221; header_2_font=&#8221;Archivo||||||||&#8221; header_2_text_color=&#8221;#000000&#8243; header_2_font_size=&#8221;32px&#8221; header_3_font=&#8221;Archivo||||||||&#8221; header_3_text_color=&#8221;#000000&#8243; header_3_font_size=&#8221;26px&#8221; header_4_font=&#8221;Archivo||||||||&#8221; header_4_text_color=&#8221;#000000&#8243; header_4_font_size=&#8221;20px&#8221; header_4_line_height=&#8221;1.1em&#8221; custom_margin=&#8221;5px|||||&#8221; custom_css_main_element=&#8221;display:flex !important;||align-items:center !important;&#8221; global_colors_info=&#8221;{}&#8221;]<\/p>\n<h4>Te recomendamos un plan de mejoramiento de tus sistemas de comunicaci\u00f3n<\/h4>\n<p>[\/et_pb_text][et_pb_text _builder_version=&#8221;4.16&#8243; _module_preset=&#8221;default&#8221; text_font=&#8221;Archivo||||||||&#8221; text_text_color=&#8221;rgba(0,0,0,0.61)&#8221; custom_margin=&#8221;-20px|||||&#8221; global_colors_info=&#8221;{}&#8221;]<\/p>\n<p>Ajustes y configuraci\u00f3n de equipos<\/p>\n<p>Soporte en casos de emergencia<\/p>\n<p>Mantenciones preventiva y correctiva<\/p>\n<p>[\/et_pb_text][\/et_pb_column][et_pb_column type=&#8221;1_3&#8243; _builder_version=&#8221;4.16&#8243; _module_preset=&#8221;default&#8221; custom_padding=&#8221;10px|20px|10px|20px|true|true&#8221; border_width_all=&#8221;1px&#8221; border_color_all=&#8221;#eaeaea&#8221; global_colors_info=&#8221;{}&#8221;][et_pb_image src=&#8221;https:\/\/linerostelecom.cl\/wp-content\/uploads\/2022\/10\/icons8-contract-1001.png&#8221; alt=&#8221;proyectos&#8221; title_text=&#8221;icons8-contract-100(1)&#8221; _builder_version=&#8221;4.16&#8243; _module_preset=&#8221;default&#8221; width=&#8221;30%&#8221; module_alignment=&#8221;left&#8221; global_colors_info=&#8221;{}&#8221;][\/et_pb_image][et_pb_text _builder_version=&#8221;4.16&#8243; _module_preset=&#8221;default&#8221; text_font=&#8221;Archivo||||||||&#8221; text_text_color=&#8221;#000000&#8243; text_font_size=&#8221;16px&#8221; header_font=&#8221;Archivo||||||||&#8221; header_font_size=&#8221;33px&#8221; header_2_font=&#8221;Archivo||||||||&#8221; header_2_text_color=&#8221;#000000&#8243; header_2_font_size=&#8221;32px&#8221; header_3_font=&#8221;Archivo||||||||&#8221; header_3_text_color=&#8221;#000000&#8243; header_3_font_size=&#8221;26px&#8221; header_4_font=&#8221;Archivo||||||||&#8221; header_4_text_color=&#8221;#000000&#8243; header_4_font_size=&#8221;20px&#8221; custom_margin=&#8221;5px|||||&#8221; custom_css_main_element=&#8221;display:flex !important;||align-items:center !important;&#8221; global_colors_info=&#8221;{}&#8221;]<\/p>\n<h4>Ofrecemos nuestros contrado de mantenci\u00f3n con distinas alternativas<\/h4>\n<p>[\/et_pb_text][et_pb_text _builder_version=&#8221;4.16&#8243; _module_preset=&#8221;default&#8221; text_font=&#8221;Archivo||||||||&#8221; text_text_color=&#8221;rgba(0,0,0,0.61)&#8221; custom_margin=&#8221;-20px|||||&#8221; global_colors_info=&#8221;{}&#8221;]<\/p>\n<p>Mantenciones por evento<\/p>\n<p>Mantenciones mensuales programadas seg\u00fan tarifa fija durante el periodo del contrato<\/p>\n<p>Mantenciones ilimitadas seg\u00fan tarifa fija por mes durante el periodo del contrato<\/p>\n<p>[\/et_pb_text][\/et_pb_column][\/et_pb_row][\/et_pb_section]<\/p>\n","protected":false},"excerpt":{"rendered":"<p>sevicio especializadoSiempre comunicado con bajos costos de operaci\u00f3nContamos con servicios de soporte especializado en mantener comunicaciones cr\u00edticas sin interrupciones en la operaci\u00f3n diaria del negocio con los m\u00e1s altos est\u00e1ndares que el mercado chileno exige.Rentabilizamos tus centros de operaci\u00f3nMinimiza los costos relacionados con la falla de equipos y sistemas . Mejora y optimiza las comunicaciones [&hellip;]<\/p>\n","protected":false},"author":1,"featured_media":0,"parent":0,"menu_order":0,"comment_status":"closed","ping_status":"closed","template":"","meta":{"_et_pb_use_builder":"on","_et_pb_old_content":"","_et_gb_content_width":"","footnotes":""},"dipi_cpt_category":[],"class_list":["post-21244562","page","type-page","status-publish","hentry"],"yoast_head":"<!-- This site is optimized with the Yoast SEO plugin v21.0 - https:\/\/yoast.com\/wordpress\/plugins\/seo\/ -->\n<title>Mantenci\u00f3n - Lineros Telecomunicaciones<\/title>\n<meta name=\"robots\" content=\"index, follow, max-snippet:-1, max-image-preview:large, max-video-preview:-1\" \/>\n<link rel=\"canonical\" href=\"https:\/\/linerostelecom.cl\/index.php\/mantencion\/\" \/>\n<meta property=\"og:locale\" content=\"es_ES\" \/>\n<meta property=\"og:type\" content=\"article\" \/>\n<meta property=\"og:title\" content=\"Mantenci\u00f3n - Lineros Telecomunicaciones\" \/>\n<meta property=\"og:description\" content=\"sevicio especializadoSiempre comunicado con bajos costos de operaci\u00f3nContamos con servicios de soporte especializado en mantener comunicaciones cr\u00edticas sin interrupciones en la operaci\u00f3n diaria del negocio con los m\u00e1s altos est\u00e1ndares que el mercado chileno exige.Rentabilizamos tus centros de operaci\u00f3nMinimiza los costos relacionados con la falla de equipos y sistemas . Mejora y optimiza las comunicaciones [&hellip;]\" \/>\n<meta property=\"og:url\" content=\"https:\/\/linerostelecom.cl\/index.php\/mantencion\/\" \/>\n<meta property=\"og:site_name\" content=\"Lineros Telecomunicaciones\" \/>\n<meta property=\"article:modified_time\" content=\"2023-05-03T16:32:32+00:00\" \/>\n<meta name=\"twitter:card\" content=\"summary_large_image\" \/>\n<meta name=\"twitter:label1\" content=\"Tiempo de lectura\" \/>\n\t<meta name=\"twitter:data1\" content=\"5 minutos\" \/>\n<script type=\"application\/ld+json\" class=\"yoast-schema-graph\">{\"@context\":\"https:\/\/schema.org\",\"@graph\":[{\"@type\":\"WebPage\",\"@id\":\"https:\/\/linerostelecom.cl\/index.php\/mantencion\/\",\"url\":\"https:\/\/linerostelecom.cl\/index.php\/mantencion\/\",\"name\":\"Mantenci\u00f3n - Lineros Telecomunicaciones\",\"isPartOf\":{\"@id\":\"https:\/\/linerostelecom.cl\/#website\"},\"datePublished\":\"2022-10-13T13:14:34+00:00\",\"dateModified\":\"2023-05-03T16:32:32+00:00\",\"breadcrumb\":{\"@id\":\"https:\/\/linerostelecom.cl\/index.php\/mantencion\/#breadcrumb\"},\"inLanguage\":\"es\",\"potentialAction\":[{\"@type\":\"ReadAction\",\"target\":[\"https:\/\/linerostelecom.cl\/index.php\/mantencion\/\"]}]},{\"@type\":\"BreadcrumbList\",\"@id\":\"https:\/\/linerostelecom.cl\/index.php\/mantencion\/#breadcrumb\",\"itemListElement\":[{\"@type\":\"ListItem\",\"position\":1,\"name\":\"Portada\",\"item\":\"https:\/\/linerostelecom.cl\/\"},{\"@type\":\"ListItem\",\"position\":2,\"name\":\"Mantenci\u00f3n\"}]},{\"@type\":\"WebSite\",\"@id\":\"https:\/\/linerostelecom.cl\/#website\",\"url\":\"https:\/\/linerostelecom.cl\/\",\"name\":\"Lineros Telecomunicaciones\",\"description\":\"Servicio y venta de productos para telecomunicaci\u00f3n.\",\"publisher\":{\"@id\":\"https:\/\/linerostelecom.cl\/#organization\"},\"alternateName\":\"Lineros telecom\",\"potentialAction\":[{\"@type\":\"SearchAction\",\"target\":{\"@type\":\"EntryPoint\",\"urlTemplate\":\"https:\/\/linerostelecom.cl\/?s={search_term_string}\"},\"query-input\":\"required name=search_term_string\"}],\"inLanguage\":\"es\"},{\"@type\":\"Organization\",\"@id\":\"https:\/\/linerostelecom.cl\/#organization\",\"name\":\"Lineros Telecomunicaciones\",\"alternateName\":\"Lineros Telecomunicaciones\",\"url\":\"https:\/\/linerostelecom.cl\/\",\"logo\":{\"@type\":\"ImageObject\",\"inLanguage\":\"es\",\"@id\":\"https:\/\/linerostelecom.cl\/#\/schema\/logo\/image\/\",\"url\":\"https:\/\/linerostelecom.cl\/wp-content\/uploads\/2022\/11\/LOGO-LINEROS-2.png\",\"contentUrl\":\"https:\/\/linerostelecom.cl\/wp-content\/uploads\/2022\/11\/LOGO-LINEROS-2.png\",\"width\":1648,\"height\":319,\"caption\":\"Lineros Telecomunicaciones\"},\"image\":{\"@id\":\"https:\/\/linerostelecom.cl\/#\/schema\/logo\/image\/\"}}]}<\/script>\n<!-- \/ Yoast SEO plugin. -->","yoast_head_json":{"title":"Mantenci\u00f3n - Lineros Telecomunicaciones","robots":{"index":"index","follow":"follow","max-snippet":"max-snippet:-1","max-image-preview":"max-image-preview:large","max-video-preview":"max-video-preview:-1"},"canonical":"https:\/\/linerostelecom.cl\/index.php\/mantencion\/","og_locale":"es_ES","og_type":"article","og_title":"Mantenci\u00f3n - Lineros Telecomunicaciones","og_description":"sevicio especializadoSiempre comunicado con bajos costos de operaci\u00f3nContamos con servicios de soporte especializado en mantener comunicaciones cr\u00edticas sin interrupciones en la operaci\u00f3n diaria del negocio con los m\u00e1s altos est\u00e1ndares que el mercado chileno exige.Rentabilizamos tus centros de operaci\u00f3nMinimiza los costos relacionados con la falla de equipos y sistemas . Mejora y optimiza las comunicaciones [&hellip;]","og_url":"https:\/\/linerostelecom.cl\/index.php\/mantencion\/","og_site_name":"Lineros Telecomunicaciones","article_modified_time":"2023-05-03T16:32:32+00:00","twitter_card":"summary_large_image","twitter_misc":{"Tiempo de lectura":"5 minutos"},"schema":{"@context":"https:\/\/schema.org","@graph":[{"@type":"WebPage","@id":"https:\/\/linerostelecom.cl\/index.php\/mantencion\/","url":"https:\/\/linerostelecom.cl\/index.php\/mantencion\/","name":"Mantenci\u00f3n - Lineros Telecomunicaciones","isPartOf":{"@id":"https:\/\/linerostelecom.cl\/#website"},"datePublished":"2022-10-13T13:14:34+00:00","dateModified":"2023-05-03T16:32:32+00:00","breadcrumb":{"@id":"https:\/\/linerostelecom.cl\/index.php\/mantencion\/#breadcrumb"},"inLanguage":"es","potentialAction":[{"@type":"ReadAction","target":["https:\/\/linerostelecom.cl\/index.php\/mantencion\/"]}]},{"@type":"BreadcrumbList","@id":"https:\/\/linerostelecom.cl\/index.php\/mantencion\/#breadcrumb","itemListElement":[{"@type":"ListItem","position":1,"name":"Portada","item":"https:\/\/linerostelecom.cl\/"},{"@type":"ListItem","position":2,"name":"Mantenci\u00f3n"}]},{"@type":"WebSite","@id":"https:\/\/linerostelecom.cl\/#website","url":"https:\/\/linerostelecom.cl\/","name":"Lineros Telecomunicaciones","description":"Servicio y venta de productos para telecomunicaci\u00f3n.","publisher":{"@id":"https:\/\/linerostelecom.cl\/#organization"},"alternateName":"Lineros telecom","potentialAction":[{"@type":"SearchAction","target":{"@type":"EntryPoint","urlTemplate":"https:\/\/linerostelecom.cl\/?s={search_term_string}"},"query-input":"required name=search_term_string"}],"inLanguage":"es"},{"@type":"Organization","@id":"https:\/\/linerostelecom.cl\/#organization","name":"Lineros Telecomunicaciones","alternateName":"Lineros Telecomunicaciones","url":"https:\/\/linerostelecom.cl\/","logo":{"@type":"ImageObject","inLanguage":"es","@id":"https:\/\/linerostelecom.cl\/#\/schema\/logo\/image\/","url":"https:\/\/linerostelecom.cl\/wp-content\/uploads\/2022\/11\/LOGO-LINEROS-2.png","contentUrl":"https:\/\/linerostelecom.cl\/wp-content\/uploads\/2022\/11\/LOGO-LINEROS-2.png","width":1648,"height":319,"caption":"Lineros Telecomunicaciones"},"image":{"@id":"https:\/\/linerostelecom.cl\/#\/schema\/logo\/image\/"}}]}},"_links":{"self":[{"href":"https:\/\/linerostelecom.cl\/index.php\/wp-json\/wp\/v2\/pages\/21244562","targetHints":{"allow":["GET"]}}],"collection":[{"href":"https:\/\/linerostelecom.cl\/index.php\/wp-json\/wp\/v2\/pages"}],"about":[{"href":"https:\/\/linerostelecom.cl\/index.php\/wp-json\/wp\/v2\/types\/page"}],"author":[{"embeddable":true,"href":"https:\/\/linerostelecom.cl\/index.php\/wp-json\/wp\/v2\/users\/1"}],"replies":[{"embeddable":true,"href":"https:\/\/linerostelecom.cl\/index.php\/wp-json\/wp\/v2\/comments?post=21244562"}],"version-history":[{"count":7,"href":"https:\/\/linerostelecom.cl\/index.php\/wp-json\/wp\/v2\/pages\/21244562\/revisions"}],"predecessor-version":[{"id":21245914,"href":"https:\/\/linerostelecom.cl\/index.php\/wp-json\/wp\/v2\/pages\/21244562\/revisions\/21245914"}],"wp:attachment":[{"href":"https:\/\/linerostelecom.cl\/index.php\/wp-json\/wp\/v2\/media?parent=21244562"}],"wp:term":[{"taxonomy":"dipi_cpt_category","embeddable":true,"href":"https:\/\/linerostelecom.cl\/index.php\/wp-json\/wp\/v2\/dipi_cpt_category?post=21244562"}],"curies":[{"name":"wp","href":"https:\/\/api.w.org\/{rel}","templated":true}]}}