{"id":21244572,"date":"2022-10-13T13:18:28","date_gmt":"2022-10-13T13:18:28","guid":{"rendered":"http:\/\/linerostelecom.cl\/?page_id=21244572"},"modified":"2022-11-11T14:58:48","modified_gmt":"2022-11-11T14:58:48","slug":"servicio-tecnico","status":"publish","type":"page","link":"https:\/\/linerostelecom.cl\/index.php\/servicio-tecnico\/","title":{"rendered":"Servicio T\u00e9cnico"},"content":{"rendered":"<p>[et_pb_section fb_built=&#8221;1&#8243; _builder_version=&#8221;4.18.0&#8243; _module_preset=&#8221;default&#8221; background_color=&#8221;#f3f8fc&#8221; global_colors_info=&#8221;{}&#8221; theme_builder_area=&#8221;post_content&#8221;][et_pb_row column_structure=&#8221;1_2,1_2&#8243; module_class=&#8221;contenedor-row&#8221; _builder_version=&#8221;4.16&#8243; _module_preset=&#8221;default&#8221; custom_margin_tablet=&#8221;||||false|false&#8221; custom_margin_phone=&#8221;&#8221; custom_margin_last_edited=&#8221;on|tablet&#8221; custom_css_main_element=&#8221;display:flex;||align-items:center;&#8221; locked=&#8221;off&#8221; global_colors_info=&#8221;{}&#8221; theme_builder_area=&#8221;post_content&#8221;][et_pb_column type=&#8221;1_2&#8243; module_class=&#8221;col-12&#8243; _builder_version=&#8221;4.16&#8243; _module_preset=&#8221;default&#8221; background_color=&#8221;RGBA(0,0,0,0)&#8221; custom_padding=&#8221;||||false|false&#8221; custom_padding_tablet=&#8221;|10px||10px|false|false&#8221; custom_padding_phone=&#8221;&#8221; custom_padding_last_edited=&#8221;on|tablet&#8221; global_colors_info=&#8221;{}&#8221; theme_builder_area=&#8221;post_content&#8221;][et_pb_image src=&#8221;http:\/\/linerostelecom.cl\/wp-content\/uploads\/2022\/11\/tecnico.jpg&#8221; alt=&#8221;Instalaciones-repetidores&#8221; title_text=&#8221;tecnico&#8221; force_fullwidth=&#8221;on&#8221; disabled_on=&#8221;on|off|off&#8221; _builder_version=&#8221;4.18.0&#8243; _module_preset=&#8221;default&#8221; background_color=&#8221;#6BA9D2&#8243; min_height=&#8221;95%&#8221; height=&#8221;95%&#8221; max_height=&#8221;95%&#8221; custom_margin=&#8221;|-26px||||&#8221; hover_enabled=&#8221;0&#8243; global_colors_info=&#8221;{}&#8221; theme_builder_area=&#8221;post_content&#8221; sticky_enabled=&#8221;0&#8243;][\/et_pb_image][\/et_pb_column][et_pb_column type=&#8221;1_2&#8243; module_class=&#8221;col-12&#8243; _builder_version=&#8221;4.16&#8243; _module_preset=&#8221;default&#8221; global_colors_info=&#8221;{}&#8221; theme_builder_area=&#8221;post_content&#8221;][et_pb_text _builder_version=&#8221;4.18.0&#8243; _module_preset=&#8221;default&#8221; text_font=&#8221;Archivo|||on|||||&#8221; text_text_color=&#8221;#000000&#8243; text_font_size=&#8221;12px&#8221; custom_margin=&#8221;-14px||3px|||&#8221; custom_padding=&#8221;35px||0px|||&#8221; global_colors_info=&#8221;{}&#8221; theme_builder_area=&#8221;post_content&#8221;]<\/p>\n<p>comunicaciones eficientes<\/p>\n<p>[\/et_pb_text][et_pb_text _builder_version=&#8221;4.18.0&#8243; _module_preset=&#8221;default&#8221; header_font=&#8221;Archivo||||||||&#8221; header_font_size=&#8221;33px&#8221; header_2_font=&#8221;Archivo||||||||&#8221; header_2_text_color=&#8221;#000000&#8243; header_2_font_size=&#8221;32px&#8221; header_3_font=&#8221;Archivo||||||||&#8221; header_3_text_color=&#8221;#000000&#8243; header_3_font_size=&#8221;26px&#8221; custom_margin=&#8221;5px||17px|||&#8221; custom_css_main_element=&#8221;display:flex !important;||align-items:center !important;&#8221; global_colors_info=&#8221;{}&#8221; theme_builder_area=&#8221;post_content&#8221;]<\/p>\n<h2>Aumenta la vida \u00fatil de tus port\u00e1tiles y m\u00f3viles<\/h2>\n<p>[\/et_pb_text][et_pb_text _builder_version=&#8221;4.18.0&#8243; _module_preset=&#8221;default&#8221; text_font=&#8221;Archivo||||||||&#8221; text_text_color=&#8221;rgba(0,0,0,0.61)&#8221; global_colors_info=&#8221;{}&#8221; theme_builder_area=&#8221;post_content&#8221;]<\/p>\n<p>Garantizamos comunicaciones eficientes y de calidad por medio de nuestras mantenciones preventivas y correctivas.<\/p>\n<p>contamos con repuestos y accesorios originales seg\u00fan la marca.<\/p>\n<p>Ajustamos los parametros de sus equipos tales como potencia, sensibilidad, desviaci\u00f3n, etc.<\/p>\n<p>[\/et_pb_text][\/et_pb_column][\/et_pb_row][\/et_pb_section][et_pb_section fb_built=&#8221;1&#8243; _builder_version=&#8221;4.18.0&#8243; _module_preset=&#8221;default&#8221; background_enable_image=&#8221;off&#8221; global_colors_info=&#8221;{}&#8221; theme_builder_area=&#8221;post_content&#8221;][et_pb_row column_structure=&#8221;1_2,1_2&#8243; make_equal=&#8221;on&#8221; _builder_version=&#8221;4.18.0&#8243; _module_preset=&#8221;default&#8221; min_height=&#8221;100px&#8221; custom_padding=&#8221;||0px|||&#8221; border_color_all=&#8221;#000000&#8243; global_colors_info=&#8221;{}&#8221; theme_builder_area=&#8221;post_content&#8221;][et_pb_column type=&#8221;1_2&#8243; _builder_version=&#8221;4.18.0&#8243; _module_preset=&#8221;default&#8221; custom_padding=&#8221;||||true|true&#8221; border_width_all=&#8221;1px&#8221; border_color_all=&#8221;#eeeeee&#8221; global_colors_info=&#8221;{}&#8221; theme_builder_area=&#8221;post_content&#8221;][et_pb_image src=&#8221;http:\/\/linerostelecom.cl\/wp-content\/uploads\/2022\/11\/sstt-2.png&#8221; alt=&#8221;tecnico&#8221; title_text=&#8221;sstt 2&#8243; align=&#8221;center&#8221; force_fullwidth=&#8221;on&#8221; _builder_version=&#8221;4.18.0&#8243; _module_preset=&#8221;default&#8221; background_color=&#8221;#6BA9D2&#8243; background_enable_image=&#8221;off&#8221; module_alignment=&#8221;left&#8221; hover_enabled=&#8221;0&#8243; global_colors_info=&#8221;{}&#8221; theme_builder_area=&#8221;post_content&#8221; sticky_enabled=&#8221;0&#8243;][\/et_pb_image][et_pb_text _builder_version=&#8221;4.18.0&#8243; _module_preset=&#8221;default&#8221; text_font=&#8221;Archivo||||||||&#8221; text_font_size=&#8221;16px&#8221; header_font=&#8221;Archivo||||||||&#8221; header_font_size=&#8221;33px&#8221; header_2_font=&#8221;Archivo||||||||&#8221; header_2_text_color=&#8221;#000000&#8243; header_2_font_size=&#8221;32px&#8221; header_3_font=&#8221;Archivo||||||||&#8221; header_3_text_color=&#8221;#000000&#8243; header_3_font_size=&#8221;26px&#8221; header_4_font=&#8221;Archivo||||||||&#8221; header_4_text_color=&#8221;#000000&#8243; header_4_font_size=&#8221;20px&#8221; header_4_line_height=&#8221;1.1em&#8221; custom_margin=&#8221;5px|10px|24px|10px|false|true&#8221; custom_padding=&#8221;||||false|false&#8221; custom_css_main_element=&#8221;display:flex !important;||align-items:center !important;&#8221; global_colors_info=&#8221;{}&#8221; theme_builder_area=&#8221;post_content&#8221;]<\/p>\n<h4>\u00bfTienes la configuraci\u00f3n correcta de tus radios?<\/h4>\n<p>[\/et_pb_text][et_pb_text _builder_version=&#8221;4.18.0&#8243; _module_preset=&#8221;default&#8221; text_font=&#8221;Archivo||||||||&#8221; text_text_color=&#8221;rgba(0,0,0,0.61)&#8221; custom_margin=&#8221;-20px|10px|20px|10px|false|true&#8221; global_colors_info=&#8221;{}&#8221; theme_builder_area=&#8221;post_content&#8221;]<\/p>\n<p>Nosotros te apoyamos configurando y programando la malla de comunicaci\u00f3n seg\u00fan tus necesidades especificas. Todo bajo la normatiba SUBTEL.<\/p>\n<p>[\/et_pb_text][\/et_pb_column][et_pb_column type=&#8221;1_2&#8243; _builder_version=&#8221;4.18.0&#8243; _module_preset=&#8221;default&#8221; custom_padding=&#8221;||||true|true&#8221; border_width_all=&#8221;1px&#8221; border_color_all=&#8221;#eeeeee&#8221; global_colors_info=&#8221;{}&#8221; theme_builder_area=&#8221;post_content&#8221;][et_pb_image src=&#8221;http:\/\/linerostelecom.cl\/wp-content\/uploads\/2022\/11\/tecnico-2.jpg&#8221; alt=&#8221;Instalaciones-terreno&#8221; title_text=&#8221;tecnico-2&#8243; align=&#8221;center&#8221; force_fullwidth=&#8221;on&#8221; _builder_version=&#8221;4.18.0&#8243; _module_preset=&#8221;default&#8221; background_color=&#8221;#6BA9D2&#8243; background_enable_image=&#8221;off&#8221; module_alignment=&#8221;left&#8221; hover_enabled=&#8221;0&#8243; global_colors_info=&#8221;{}&#8221; theme_builder_area=&#8221;post_content&#8221; sticky_enabled=&#8221;0&#8243;][\/et_pb_image][et_pb_text _builder_version=&#8221;4.18.0&#8243; _module_preset=&#8221;default&#8221; text_font=&#8221;Archivo||||||||&#8221; text_font_size=&#8221;16px&#8221; header_font=&#8221;Archivo||||||||&#8221; header_font_size=&#8221;33px&#8221; header_2_font=&#8221;Archivo||||||||&#8221; header_2_text_color=&#8221;#000000&#8243; header_2_font_size=&#8221;32px&#8221; header_3_font=&#8221;Archivo||||||||&#8221; header_3_text_color=&#8221;#000000&#8243; header_3_font_size=&#8221;26px&#8221; header_4_font=&#8221;Archivo||||||||&#8221; header_4_text_color=&#8221;#000000&#8243; header_4_font_size=&#8221;20px&#8221; header_4_line_height=&#8221;1.1em&#8221; custom_margin=&#8221;5px|10px|24px|10px|false|true&#8221; custom_padding=&#8221;||||false|false&#8221; custom_css_main_element=&#8221;display:flex !important;||align-items:center !important;&#8221; global_colors_info=&#8221;{}&#8221; theme_builder_area=&#8221;post_content&#8221;]<\/p>\n<h4>No esperes tiempos excesivos en la reparaci\u00f3n de tus radios<\/h4>\n<p>[\/et_pb_text][et_pb_text _builder_version=&#8221;4.18.0&#8243; _module_preset=&#8221;default&#8221; text_font=&#8221;Archivo||||||||&#8221; text_text_color=&#8221;rgba(0,0,0,0.61)&#8221; custom_margin=&#8221;-20px|10px|20px|10px|false|true&#8221; global_colors_info=&#8221;{}&#8221; theme_builder_area=&#8221;post_content&#8221;]<\/p>\n<p>resultados r\u00e1pidos, en el menor tiempo posible y garantizado.<\/p>\n<p>Contamos con infraestructura y personal calificado para entregarles la mejor experiencia.<\/p>\n<p>[\/et_pb_text][\/et_pb_column][\/et_pb_row][\/et_pb_section]<\/p>\n","protected":false},"excerpt":{"rendered":"<p>comunicaciones eficientesAumenta la vida \u00fatil de tus port\u00e1tiles y m\u00f3vilesGarantizamos comunicaciones eficientes y de calidad por medio de nuestras mantenciones preventivas y correctivas. contamos con repuestos y accesorios originales seg\u00fan la marca. Ajustamos los parametros de sus equipos tales como potencia, sensibilidad, desviaci\u00f3n, etc.\u00bfTienes la configuraci\u00f3n correcta de tus radios?Nosotros te apoyamos configurando y programando [&hellip;]<\/p>\n","protected":false},"author":1,"featured_media":0,"parent":0,"menu_order":0,"comment_status":"closed","ping_status":"closed","template":"","meta":{"_et_pb_use_builder":"on","_et_pb_old_content":"","_et_gb_content_width":"","footnotes":""},"dipi_cpt_category":[],"class_list":["post-21244572","page","type-page","status-publish","hentry"],"yoast_head":"<!-- This site is optimized with the Yoast SEO plugin v21.0 - https:\/\/yoast.com\/wordpress\/plugins\/seo\/ -->\n<title>Servicio T\u00e9cnico - Lineros Telecomunicaciones<\/title>\n<meta name=\"robots\" content=\"index, follow, max-snippet:-1, max-image-preview:large, max-video-preview:-1\" \/>\n<link rel=\"canonical\" href=\"https:\/\/linerostelecom.cl\/index.php\/servicio-tecnico\/\" \/>\n<meta property=\"og:locale\" content=\"es_ES\" \/>\n<meta property=\"og:type\" content=\"article\" \/>\n<meta property=\"og:title\" content=\"Servicio T\u00e9cnico - Lineros Telecomunicaciones\" \/>\n<meta property=\"og:description\" content=\"comunicaciones eficientesAumenta la vida \u00fatil de tus port\u00e1tiles y m\u00f3vilesGarantizamos comunicaciones eficientes y de calidad por medio de nuestras mantenciones preventivas y correctivas. contamos con repuestos y accesorios originales seg\u00fan la marca. Ajustamos los parametros de sus equipos tales como potencia, sensibilidad, desviaci\u00f3n, etc.\u00bfTienes la configuraci\u00f3n correcta de tus radios?Nosotros te apoyamos configurando y programando [&hellip;]\" \/>\n<meta property=\"og:url\" content=\"https:\/\/linerostelecom.cl\/index.php\/servicio-tecnico\/\" \/>\n<meta property=\"og:site_name\" content=\"Lineros Telecomunicaciones\" \/>\n<meta property=\"article:modified_time\" content=\"2022-11-11T14:58:48+00:00\" \/>\n<meta name=\"twitter:card\" content=\"summary_large_image\" \/>\n<meta name=\"twitter:label1\" content=\"Tiempo de lectura\" \/>\n\t<meta name=\"twitter:data1\" content=\"5 minutos\" \/>\n<script type=\"application\/ld+json\" class=\"yoast-schema-graph\">{\"@context\":\"https:\/\/schema.org\",\"@graph\":[{\"@type\":\"WebPage\",\"@id\":\"https:\/\/linerostelecom.cl\/index.php\/servicio-tecnico\/\",\"url\":\"https:\/\/linerostelecom.cl\/index.php\/servicio-tecnico\/\",\"name\":\"Servicio T\u00e9cnico - Lineros Telecomunicaciones\",\"isPartOf\":{\"@id\":\"https:\/\/linerostelecom.cl\/#website\"},\"datePublished\":\"2022-10-13T13:18:28+00:00\",\"dateModified\":\"2022-11-11T14:58:48+00:00\",\"breadcrumb\":{\"@id\":\"https:\/\/linerostelecom.cl\/index.php\/servicio-tecnico\/#breadcrumb\"},\"inLanguage\":\"es\",\"potentialAction\":[{\"@type\":\"ReadAction\",\"target\":[\"https:\/\/linerostelecom.cl\/index.php\/servicio-tecnico\/\"]}]},{\"@type\":\"BreadcrumbList\",\"@id\":\"https:\/\/linerostelecom.cl\/index.php\/servicio-tecnico\/#breadcrumb\",\"itemListElement\":[{\"@type\":\"ListItem\",\"position\":1,\"name\":\"Portada\",\"item\":\"https:\/\/linerostelecom.cl\/\"},{\"@type\":\"ListItem\",\"position\":2,\"name\":\"Servicio T\u00e9cnico\"}]},{\"@type\":\"WebSite\",\"@id\":\"https:\/\/linerostelecom.cl\/#website\",\"url\":\"https:\/\/linerostelecom.cl\/\",\"name\":\"Lineros Telecomunicaciones\",\"description\":\"Servicio y venta de productos para telecomunicaci\u00f3n.\",\"publisher\":{\"@id\":\"https:\/\/linerostelecom.cl\/#organization\"},\"alternateName\":\"Lineros telecom\",\"potentialAction\":[{\"@type\":\"SearchAction\",\"target\":{\"@type\":\"EntryPoint\",\"urlTemplate\":\"https:\/\/linerostelecom.cl\/?s={search_term_string}\"},\"query-input\":\"required name=search_term_string\"}],\"inLanguage\":\"es\"},{\"@type\":\"Organization\",\"@id\":\"https:\/\/linerostelecom.cl\/#organization\",\"name\":\"Lineros Telecomunicaciones\",\"alternateName\":\"Lineros Telecomunicaciones\",\"url\":\"https:\/\/linerostelecom.cl\/\",\"logo\":{\"@type\":\"ImageObject\",\"inLanguage\":\"es\",\"@id\":\"https:\/\/linerostelecom.cl\/#\/schema\/logo\/image\/\",\"url\":\"https:\/\/linerostelecom.cl\/wp-content\/uploads\/2022\/11\/LOGO-LINEROS-2.png\",\"contentUrl\":\"https:\/\/linerostelecom.cl\/wp-content\/uploads\/2022\/11\/LOGO-LINEROS-2.png\",\"width\":1648,\"height\":319,\"caption\":\"Lineros Telecomunicaciones\"},\"image\":{\"@id\":\"https:\/\/linerostelecom.cl\/#\/schema\/logo\/image\/\"}}]}<\/script>\n<!-- \/ Yoast SEO plugin. -->","yoast_head_json":{"title":"Servicio T\u00e9cnico - Lineros Telecomunicaciones","robots":{"index":"index","follow":"follow","max-snippet":"max-snippet:-1","max-image-preview":"max-image-preview:large","max-video-preview":"max-video-preview:-1"},"canonical":"https:\/\/linerostelecom.cl\/index.php\/servicio-tecnico\/","og_locale":"es_ES","og_type":"article","og_title":"Servicio T\u00e9cnico - Lineros Telecomunicaciones","og_description":"comunicaciones eficientesAumenta la vida \u00fatil de tus port\u00e1tiles y m\u00f3vilesGarantizamos comunicaciones eficientes y de calidad por medio de nuestras mantenciones preventivas y correctivas. contamos con repuestos y accesorios originales seg\u00fan la marca. Ajustamos los parametros de sus equipos tales como potencia, sensibilidad, desviaci\u00f3n, etc.\u00bfTienes la configuraci\u00f3n correcta de tus radios?Nosotros te apoyamos configurando y programando [&hellip;]","og_url":"https:\/\/linerostelecom.cl\/index.php\/servicio-tecnico\/","og_site_name":"Lineros Telecomunicaciones","article_modified_time":"2022-11-11T14:58:48+00:00","twitter_card":"summary_large_image","twitter_misc":{"Tiempo de lectura":"5 minutos"},"schema":{"@context":"https:\/\/schema.org","@graph":[{"@type":"WebPage","@id":"https:\/\/linerostelecom.cl\/index.php\/servicio-tecnico\/","url":"https:\/\/linerostelecom.cl\/index.php\/servicio-tecnico\/","name":"Servicio T\u00e9cnico - Lineros Telecomunicaciones","isPartOf":{"@id":"https:\/\/linerostelecom.cl\/#website"},"datePublished":"2022-10-13T13:18:28+00:00","dateModified":"2022-11-11T14:58:48+00:00","breadcrumb":{"@id":"https:\/\/linerostelecom.cl\/index.php\/servicio-tecnico\/#breadcrumb"},"inLanguage":"es","potentialAction":[{"@type":"ReadAction","target":["https:\/\/linerostelecom.cl\/index.php\/servicio-tecnico\/"]}]},{"@type":"BreadcrumbList","@id":"https:\/\/linerostelecom.cl\/index.php\/servicio-tecnico\/#breadcrumb","itemListElement":[{"@type":"ListItem","position":1,"name":"Portada","item":"https:\/\/linerostelecom.cl\/"},{"@type":"ListItem","position":2,"name":"Servicio T\u00e9cnico"}]},{"@type":"WebSite","@id":"https:\/\/linerostelecom.cl\/#website","url":"https:\/\/linerostelecom.cl\/","name":"Lineros Telecomunicaciones","description":"Servicio y venta de productos para telecomunicaci\u00f3n.","publisher":{"@id":"https:\/\/linerostelecom.cl\/#organization"},"alternateName":"Lineros telecom","potentialAction":[{"@type":"SearchAction","target":{"@type":"EntryPoint","urlTemplate":"https:\/\/linerostelecom.cl\/?s={search_term_string}"},"query-input":"required name=search_term_string"}],"inLanguage":"es"},{"@type":"Organization","@id":"https:\/\/linerostelecom.cl\/#organization","name":"Lineros Telecomunicaciones","alternateName":"Lineros Telecomunicaciones","url":"https:\/\/linerostelecom.cl\/","logo":{"@type":"ImageObject","inLanguage":"es","@id":"https:\/\/linerostelecom.cl\/#\/schema\/logo\/image\/","url":"https:\/\/linerostelecom.cl\/wp-content\/uploads\/2022\/11\/LOGO-LINEROS-2.png","contentUrl":"https:\/\/linerostelecom.cl\/wp-content\/uploads\/2022\/11\/LOGO-LINEROS-2.png","width":1648,"height":319,"caption":"Lineros Telecomunicaciones"},"image":{"@id":"https:\/\/linerostelecom.cl\/#\/schema\/logo\/image\/"}}]}},"_links":{"self":[{"href":"https:\/\/linerostelecom.cl\/index.php\/wp-json\/wp\/v2\/pages\/21244572","targetHints":{"allow":["GET"]}}],"collection":[{"href":"https:\/\/linerostelecom.cl\/index.php\/wp-json\/wp\/v2\/pages"}],"about":[{"href":"https:\/\/linerostelecom.cl\/index.php\/wp-json\/wp\/v2\/types\/page"}],"author":[{"embeddable":true,"href":"https:\/\/linerostelecom.cl\/index.php\/wp-json\/wp\/v2\/users\/1"}],"replies":[{"embeddable":true,"href":"https:\/\/linerostelecom.cl\/index.php\/wp-json\/wp\/v2\/comments?post=21244572"}],"version-history":[{"count":5,"href":"https:\/\/linerostelecom.cl\/index.php\/wp-json\/wp\/v2\/pages\/21244572\/revisions"}],"predecessor-version":[{"id":21245534,"href":"https:\/\/linerostelecom.cl\/index.php\/wp-json\/wp\/v2\/pages\/21244572\/revisions\/21245534"}],"wp:attachment":[{"href":"https:\/\/linerostelecom.cl\/index.php\/wp-json\/wp\/v2\/media?parent=21244572"}],"wp:term":[{"taxonomy":"dipi_cpt_category","embeddable":true,"href":"https:\/\/linerostelecom.cl\/index.php\/wp-json\/wp\/v2\/dipi_cpt_category?post=21244572"}],"curies":[{"name":"wp","href":"https:\/\/api.w.org\/{rel}","templated":true}]}}