{"id":21245121,"date":"2022-10-19T15:43:41","date_gmt":"2022-10-19T15:43:41","guid":{"rendered":"http:\/\/linerostelecom.cl\/?page_id=21245121"},"modified":"2022-12-14T11:01:46","modified_gmt":"2022-12-14T14:01:46","slug":"casos-de-exitos","status":"publish","type":"page","link":"https:\/\/linerostelecom.cl\/index.php\/casos-de-exitos\/","title":{"rendered":"Casos de \u00e9xitos"},"content":{"rendered":"<p>[et_pb_section fb_built=&#8221;1&#8243; admin_label=&#8221;section&#8221; _builder_version=&#8221;4.16&#8243; width=&#8221;100%&#8221; custom_margin=&#8221;0px||||false|false&#8221; custom_padding=&#8221;40px||0px||false|false&#8221; border_width_top=&#8221;1px&#8221; border_color_top=&#8221;rgba(0,0,0,0.05)&#8221; global_colors_info=&#8221;{}&#8221;][et_pb_row _builder_version=&#8221;4.16&#8243; _module_preset=&#8221;default&#8221; global_colors_info=&#8221;{}&#8221;][et_pb_column type=&#8221;4_4&#8243; _builder_version=&#8221;4.16&#8243; _module_preset=&#8221;default&#8221; global_colors_info=&#8221;{}&#8221;][et_pb_text _builder_version=&#8221;4.16&#8243; _module_preset=&#8221;default&#8221; text_font=&#8221;Archivo||||||||&#8221; text_text_color=&#8221;#000000&#8243; header_font=&#8221;Archivo||||||||&#8221; header_text_color=&#8221;#000000&#8243; header_font_size=&#8221;32px&#8221; custom_margin=&#8221;||17px|||&#8221; hover_enabled=&#8221;0&#8243; global_colors_info=&#8221;{}&#8221; sticky_enabled=&#8221;0&#8243;]<\/p>\n<h1 style=\"text-align: center;\">Casos de \u00e9xito<\/h1>\n<p>[\/et_pb_text][et_pb_divider color=&#8221;#6BA9D2&#8243; divider_weight=&#8221;5px&#8221; _builder_version=&#8221;4.16&#8243; _module_preset=&#8221;default&#8221; width=&#8221;5%&#8221; module_alignment=&#8221;center&#8221; custom_margin=&#8221;|||513px||&#8221; locked=&#8221;off&#8221; global_colors_info=&#8221;{}&#8221;][\/et_pb_divider][et_pb_text _builder_version=&#8221;4.18.0&#8243; _module_preset=&#8221;default&#8221; text_font=&#8221;Archivo||||||||&#8221; custom_margin=&#8221;-11px|||||&#8221; hover_enabled=&#8221;0&#8243; global_colors_info=&#8221;{}&#8221; sticky_enabled=&#8221;0&#8243;]<\/p>\n<p style=\"text-align: center;\"><strong><span>\u201cEn nuestros casos de \u00e9xito podr\u00e1s ver de qu\u00e9 manera nuestros clientes utilizan nuestros servicios de radiocomunicaci\u00f3n y c\u00f3mo logramos alcanzar sus objetivos de negocio de manera conjunta.\u201d<\/span><\/strong><\/p>\n<p>[\/et_pb_text][\/et_pb_column][\/et_pb_row][\/et_pb_section][et_pb_section fb_built=&#8221;1&#8243; _builder_version=&#8221;4.16&#8243; _module_preset=&#8221;default&#8221; custom_padding=&#8221;40px|||||&#8221; global_colors_info=&#8221;{}&#8221;][et_pb_row column_structure=&#8221;1_3,1_3,1_3&#8243; use_custom_gutter=&#8221;on&#8221; gutter_width=&#8221;1&#8243; make_equal=&#8221;on&#8221; _builder_version=&#8221;4.16&#8243; _module_preset=&#8221;default&#8221; width=&#8221;100%&#8221; max_width=&#8221;100%&#8221; module_alignment=&#8221;center&#8221; custom_padding=&#8221;0px|||||&#8221; global_colors_info=&#8221;{}&#8221;][et_pb_column type=&#8221;1_3&#8243; _builder_version=&#8221;4.16&#8243; _module_preset=&#8221;default&#8221; global_colors_info=&#8221;{}&#8221;][dipi_hover_box content_title=&#8221;Municipalidad de Providencia&#8221; content_hover_title=&#8221;Municipalidad de Providencia&#8221; hover_type=&#8221;fade&#8221; content_bg_color=&#8221;rgba(0,3,10,0.6)&#8221; content_hover_bg_color=&#8221;#5ca2d1&#8243; content_bg_image=&#8221;https:\/\/linerostelecom.cl\/wp-content\/uploads\/2022\/10\/muni-providencia.png&#8221; content_bg_blend=&#8221;soft-light&#8221; content_hover_bg_image=&#8221;https:\/\/linerostelecom.cl\/wp-content\/uploads\/2022\/10\/muni-providencia.png&#8221; content_hover_bg_blend=&#8221;color-burn&#8221; _builder_version=&#8221;4.18.0&#8243; _module_preset=&#8221;default&#8221; header_font=&#8221;Archivo||||||||&#8221; header_text_color=&#8221;#FFFFFF&#8221; header_2_text_color=&#8221;#FFFFFF&#8221; content_title_font=&#8221;Archivo||||||||&#8221; content_hover_title_font=&#8221;Archivo||||||||&#8221; module_alignment=&#8221;center&#8221; hover_enabled=&#8221;0&#8243; global_colors_info=&#8221;{}&#8221; overlay_bg_color_gradient_type_tablet=&#8221;linear&#8221; overlay_bg_color_gradient_type_phone=&#8221;linear&#8221; overlay_bg_color_gradient_type__hover=&#8221;linear&#8221; image_bg_color_gradient_type__hover=&#8221;linear&#8221; item_bg_color_gradient_type=&#8221;linear&#8221; overlay_bg_color_gradient_type=&#8221;linear&#8221; image_bg_color_gradient_type=&#8221;linear&#8221; front_side_bg_color_gradient_type=&#8221;linear&#8221; back_side_bg_color_gradient_type=&#8221;linear&#8221; first_heading_color_gradient_type=&#8221;linear&#8221; second_heading_color_gradient_type=&#8221;linear&#8221; background_text_color_gradient_type=&#8221;linear&#8221; fh_reveal_effect_color_gradient_type=&#8221;linear&#8221; sh_reveal_effect_color_gradient_type=&#8221;linear&#8221; link_option_url=&#8221;https:\/\/linerostelecom.cl\/index.php\/municipalidad-de-providencia\/&#8221; sticky_enabled=&#8221;0&#8243;][\/dipi_hover_box][\/et_pb_column][et_pb_column type=&#8221;1_3&#8243; _builder_version=&#8221;4.16&#8243; _module_preset=&#8221;default&#8221; global_colors_info=&#8221;{}&#8221;][dipi_hover_box content_title=&#8221;Hospital Felix Bulnes&#8221; content_hover_title=&#8221;Hospital Felix Bulnes&#8221; hover_type=&#8221;fade&#8221; content_bg_color=&#8221;rgba(0,3,10,0.6)&#8221; content_hover_bg_color=&#8221;#5ca2d1&#8243; content_bg_image=&#8221;https:\/\/linerostelecom.cl\/wp-content\/uploads\/2022\/10\/hospital-bulnes.png&#8221; content_bg_blend=&#8221;soft-light&#8221; content_hover_bg_image=&#8221;https:\/\/linerostelecom.cl\/wp-content\/uploads\/2022\/10\/hospital-bulnes.png&#8221; content_hover_bg_blend=&#8221;color-burn&#8221; _builder_version=&#8221;4.18.0&#8243; _module_preset=&#8221;default&#8221; header_font=&#8221;Archivo||||||||&#8221; header_text_color=&#8221;#FFFFFF&#8221; header_2_text_color=&#8221;#FFFFFF&#8221; content_title_font=&#8221;Archivo||||||||&#8221; content_hover_title_font=&#8221;Archivo||||||||&#8221; module_alignment=&#8221;center&#8221; hover_enabled=&#8221;0&#8243; global_colors_info=&#8221;{}&#8221; overlay_bg_color_gradient_type_tablet=&#8221;linear&#8221; overlay_bg_color_gradient_type_phone=&#8221;linear&#8221; overlay_bg_color_gradient_type__hover=&#8221;linear&#8221; image_bg_color_gradient_type__hover=&#8221;linear&#8221; item_bg_color_gradient_type=&#8221;linear&#8221; overlay_bg_color_gradient_type=&#8221;linear&#8221; image_bg_color_gradient_type=&#8221;linear&#8221; front_side_bg_color_gradient_type=&#8221;linear&#8221; back_side_bg_color_gradient_type=&#8221;linear&#8221; first_heading_color_gradient_type=&#8221;linear&#8221; second_heading_color_gradient_type=&#8221;linear&#8221; background_text_color_gradient_type=&#8221;linear&#8221; fh_reveal_effect_color_gradient_type=&#8221;linear&#8221; sh_reveal_effect_color_gradient_type=&#8221;linear&#8221; link_option_url=&#8221;https:\/\/linerostelecom.cl\/index.php\/hospital-felix-bulnes\/&#8221; sticky_enabled=&#8221;0&#8243;][\/dipi_hover_box][\/et_pb_column][et_pb_column type=&#8221;1_3&#8243; _builder_version=&#8221;4.16&#8243; _module_preset=&#8221;default&#8221; global_colors_info=&#8221;{}&#8221;][dipi_hover_box content_title=&#8221;Mutual de Seguridad&#8221; content_hover_title=&#8221;Mutual de Seguridad&#8221; hover_type=&#8221;fade&#8221; content_bg_color=&#8221;rgba(0,3,10,0.6)&#8221; content_hover_bg_color=&#8221;#5ca2d1&#8243; content_bg_image=&#8221;https:\/\/linerostelecom.cl\/wp-content\/uploads\/2022\/10\/Mutual.png&#8221; content_bg_blend=&#8221;soft-light&#8221; content_hover_bg_image=&#8221;https:\/\/linerostelecom.cl\/wp-content\/uploads\/2022\/10\/Mutual.png&#8221; content_hover_bg_blend=&#8221;color-burn&#8221; _builder_version=&#8221;4.18.0&#8243; _module_preset=&#8221;default&#8221; header_font=&#8221;Archivo||||||||&#8221; header_text_color=&#8221;#FFFFFF&#8221; header_2_text_color=&#8221;#FFFFFF&#8221; content_title_font=&#8221;Archivo||||||||&#8221; content_hover_title_font=&#8221;Archivo||||||||&#8221; module_alignment=&#8221;center&#8221; hover_enabled=&#8221;0&#8243; global_colors_info=&#8221;{}&#8221; overlay_bg_color_gradient_type_tablet=&#8221;linear&#8221; overlay_bg_color_gradient_type_phone=&#8221;linear&#8221; overlay_bg_color_gradient_type__hover=&#8221;linear&#8221; image_bg_color_gradient_type__hover=&#8221;linear&#8221; item_bg_color_gradient_type=&#8221;linear&#8221; overlay_bg_color_gradient_type=&#8221;linear&#8221; image_bg_color_gradient_type=&#8221;linear&#8221; front_side_bg_color_gradient_type=&#8221;linear&#8221; back_side_bg_color_gradient_type=&#8221;linear&#8221; first_heading_color_gradient_type=&#8221;linear&#8221; second_heading_color_gradient_type=&#8221;linear&#8221; background_text_color_gradient_type=&#8221;linear&#8221; fh_reveal_effect_color_gradient_type=&#8221;linear&#8221; sh_reveal_effect_color_gradient_type=&#8221;linear&#8221; link_option_url=&#8221;https:\/\/linerostelecom.cl\/index.php\/hospital-clinico-mutual-seguridad\/&#8221; sticky_enabled=&#8221;0&#8243;][\/dipi_hover_box][\/et_pb_column][\/et_pb_row][\/et_pb_section]<\/p>\n","protected":false},"excerpt":{"rendered":"<p>Casos de \u00e9xito\u201cEn nuestros casos de \u00e9xito podr\u00e1s ver de qu\u00e9 manera nuestros clientes utilizan nuestros servicios de radiocomunicaci\u00f3n y c\u00f3mo logramos alcanzar sus objetivos de negocio de manera conjunta.\u201d<div class=\"et_pb_module dipi_hover_box dipi_hover_box_0\">\n\t\t\t\t\n\t\t\t\t\n\t\t\t\t\n\t\t\t\t\n\t\t\t\t\n\t\t\t\t\n\t\t\t\t<div class=\"et_pb_module_inner\">\n\t\t\t\t\t<div class=\"dipi-hover-box-container dipi-hover-box-slide-top hover_box_align_front_center hover_box_align_back_center\" data-force_square=\"off\">\n                <div class=\"dipi-hover-box-inner-wrapper\">\n                    <div class=\"dipi-hover-box-content\">\n              \n              <div class=\"dipi-hover-box-content-innner\">\n                    \n                    <div class=\"dipi-text\">\n                        <h2 class=\"dipi-hover-box-heading\">\n                    &#8221;Municipalidad\n                <\/h2>\n                        <div class=\"dipi-desc\"><\/div>\n                    <\/div>\n              <\/div>\n            <\/div>\n            \n                    <div class=\"dipi-hover-box-hover\">\n                \n                <div class=\"dipi-hover-box-hover-innner\">\n                    \n                    <div class=\"dipi-text\">\n                        <h2 class=\"dipi-hover-box-heading\">\n                    &#8221;Municipalidad\n                <\/h2>\n                        <div class=\"dipi-desc\">\n                    \n                <\/div>\n                    <\/div>\n                    \n                <\/div>\n            <\/div>\n                <\/div>\n            <\/div>\n\t\t\t\t<\/div>\n\t\t\t<\/div><\/p>\n","protected":false},"author":1,"featured_media":0,"parent":0,"menu_order":0,"comment_status":"closed","ping_status":"closed","template":"","meta":{"_et_pb_use_builder":"on","_et_pb_old_content":"","_et_gb_content_width":"","footnotes":""},"dipi_cpt_category":[],"class_list":["post-21245121","page","type-page","status-publish","hentry"],"yoast_head":"<!-- This site is optimized with the Yoast SEO plugin v21.0 - https:\/\/yoast.com\/wordpress\/plugins\/seo\/ -->\n<title>Casos de \u00e9xitos - Lineros Telecomunicaciones<\/title>\n<meta name=\"robots\" content=\"index, follow, max-snippet:-1, max-image-preview:large, max-video-preview:-1\" \/>\n<link rel=\"canonical\" href=\"https:\/\/linerostelecom.cl\/index.php\/casos-de-exitos\/\" \/>\n<meta property=\"og:locale\" content=\"es_ES\" \/>\n<meta property=\"og:type\" content=\"article\" \/>\n<meta property=\"og:title\" content=\"Casos de \u00e9xitos - Lineros Telecomunicaciones\" \/>\n<meta property=\"og:description\" content=\"Casos de \u00e9xito\u201cEn nuestros casos de \u00e9xito podr\u00e1s ver de qu\u00e9 manera nuestros clientes utilizan nuestros servicios de radiocomunicaci\u00f3n y c\u00f3mo logramos alcanzar sus objetivos de negocio de manera conjunta.\u201d\" \/>\n<meta property=\"og:url\" content=\"https:\/\/linerostelecom.cl\/index.php\/casos-de-exitos\/\" \/>\n<meta property=\"og:site_name\" content=\"Lineros Telecomunicaciones\" \/>\n<meta property=\"article:modified_time\" content=\"2022-12-14T14:01:46+00:00\" \/>\n<meta name=\"twitter:card\" content=\"summary_large_image\" \/>\n<meta name=\"twitter:label1\" content=\"Tiempo de lectura\" \/>\n\t<meta name=\"twitter:data1\" content=\"4 minutos\" \/>\n<script type=\"application\/ld+json\" class=\"yoast-schema-graph\">{\"@context\":\"https:\/\/schema.org\",\"@graph\":[{\"@type\":\"WebPage\",\"@id\":\"https:\/\/linerostelecom.cl\/index.php\/casos-de-exitos\/\",\"url\":\"https:\/\/linerostelecom.cl\/index.php\/casos-de-exitos\/\",\"name\":\"Casos de \u00e9xitos - Lineros Telecomunicaciones\",\"isPartOf\":{\"@id\":\"https:\/\/linerostelecom.cl\/#website\"},\"datePublished\":\"2022-10-19T15:43:41+00:00\",\"dateModified\":\"2022-12-14T14:01:46+00:00\",\"breadcrumb\":{\"@id\":\"https:\/\/linerostelecom.cl\/index.php\/casos-de-exitos\/#breadcrumb\"},\"inLanguage\":\"es\",\"potentialAction\":[{\"@type\":\"ReadAction\",\"target\":[\"https:\/\/linerostelecom.cl\/index.php\/casos-de-exitos\/\"]}]},{\"@type\":\"BreadcrumbList\",\"@id\":\"https:\/\/linerostelecom.cl\/index.php\/casos-de-exitos\/#breadcrumb\",\"itemListElement\":[{\"@type\":\"ListItem\",\"position\":1,\"name\":\"Portada\",\"item\":\"https:\/\/linerostelecom.cl\/\"},{\"@type\":\"ListItem\",\"position\":2,\"name\":\"Casos de \u00e9xitos\"}]},{\"@type\":\"WebSite\",\"@id\":\"https:\/\/linerostelecom.cl\/#website\",\"url\":\"https:\/\/linerostelecom.cl\/\",\"name\":\"Lineros Telecomunicaciones\",\"description\":\"Servicio y venta de productos para telecomunicaci\u00f3n.\",\"publisher\":{\"@id\":\"https:\/\/linerostelecom.cl\/#organization\"},\"alternateName\":\"Lineros telecom\",\"potentialAction\":[{\"@type\":\"SearchAction\",\"target\":{\"@type\":\"EntryPoint\",\"urlTemplate\":\"https:\/\/linerostelecom.cl\/?s={search_term_string}\"},\"query-input\":\"required name=search_term_string\"}],\"inLanguage\":\"es\"},{\"@type\":\"Organization\",\"@id\":\"https:\/\/linerostelecom.cl\/#organization\",\"name\":\"Lineros Telecomunicaciones\",\"alternateName\":\"Lineros Telecomunicaciones\",\"url\":\"https:\/\/linerostelecom.cl\/\",\"logo\":{\"@type\":\"ImageObject\",\"inLanguage\":\"es\",\"@id\":\"https:\/\/linerostelecom.cl\/#\/schema\/logo\/image\/\",\"url\":\"https:\/\/linerostelecom.cl\/wp-content\/uploads\/2022\/11\/LOGO-LINEROS-2.png\",\"contentUrl\":\"https:\/\/linerostelecom.cl\/wp-content\/uploads\/2022\/11\/LOGO-LINEROS-2.png\",\"width\":1648,\"height\":319,\"caption\":\"Lineros Telecomunicaciones\"},\"image\":{\"@id\":\"https:\/\/linerostelecom.cl\/#\/schema\/logo\/image\/\"}}]}<\/script>\n<!-- \/ Yoast SEO plugin. -->","yoast_head_json":{"title":"Casos de \u00e9xitos - Lineros Telecomunicaciones","robots":{"index":"index","follow":"follow","max-snippet":"max-snippet:-1","max-image-preview":"max-image-preview:large","max-video-preview":"max-video-preview:-1"},"canonical":"https:\/\/linerostelecom.cl\/index.php\/casos-de-exitos\/","og_locale":"es_ES","og_type":"article","og_title":"Casos de \u00e9xitos - Lineros Telecomunicaciones","og_description":"Casos de \u00e9xito\u201cEn nuestros casos de \u00e9xito podr\u00e1s ver de qu\u00e9 manera nuestros clientes utilizan nuestros servicios de radiocomunicaci\u00f3n y c\u00f3mo logramos alcanzar sus objetivos de negocio de manera conjunta.\u201d","og_url":"https:\/\/linerostelecom.cl\/index.php\/casos-de-exitos\/","og_site_name":"Lineros Telecomunicaciones","article_modified_time":"2022-12-14T14:01:46+00:00","twitter_card":"summary_large_image","twitter_misc":{"Tiempo de lectura":"4 minutos"},"schema":{"@context":"https:\/\/schema.org","@graph":[{"@type":"WebPage","@id":"https:\/\/linerostelecom.cl\/index.php\/casos-de-exitos\/","url":"https:\/\/linerostelecom.cl\/index.php\/casos-de-exitos\/","name":"Casos de \u00e9xitos - Lineros Telecomunicaciones","isPartOf":{"@id":"https:\/\/linerostelecom.cl\/#website"},"datePublished":"2022-10-19T15:43:41+00:00","dateModified":"2022-12-14T14:01:46+00:00","breadcrumb":{"@id":"https:\/\/linerostelecom.cl\/index.php\/casos-de-exitos\/#breadcrumb"},"inLanguage":"es","potentialAction":[{"@type":"ReadAction","target":["https:\/\/linerostelecom.cl\/index.php\/casos-de-exitos\/"]}]},{"@type":"BreadcrumbList","@id":"https:\/\/linerostelecom.cl\/index.php\/casos-de-exitos\/#breadcrumb","itemListElement":[{"@type":"ListItem","position":1,"name":"Portada","item":"https:\/\/linerostelecom.cl\/"},{"@type":"ListItem","position":2,"name":"Casos de \u00e9xitos"}]},{"@type":"WebSite","@id":"https:\/\/linerostelecom.cl\/#website","url":"https:\/\/linerostelecom.cl\/","name":"Lineros Telecomunicaciones","description":"Servicio y venta de productos para telecomunicaci\u00f3n.","publisher":{"@id":"https:\/\/linerostelecom.cl\/#organization"},"alternateName":"Lineros telecom","potentialAction":[{"@type":"SearchAction","target":{"@type":"EntryPoint","urlTemplate":"https:\/\/linerostelecom.cl\/?s={search_term_string}"},"query-input":"required name=search_term_string"}],"inLanguage":"es"},{"@type":"Organization","@id":"https:\/\/linerostelecom.cl\/#organization","name":"Lineros Telecomunicaciones","alternateName":"Lineros Telecomunicaciones","url":"https:\/\/linerostelecom.cl\/","logo":{"@type":"ImageObject","inLanguage":"es","@id":"https:\/\/linerostelecom.cl\/#\/schema\/logo\/image\/","url":"https:\/\/linerostelecom.cl\/wp-content\/uploads\/2022\/11\/LOGO-LINEROS-2.png","contentUrl":"https:\/\/linerostelecom.cl\/wp-content\/uploads\/2022\/11\/LOGO-LINEROS-2.png","width":1648,"height":319,"caption":"Lineros Telecomunicaciones"},"image":{"@id":"https:\/\/linerostelecom.cl\/#\/schema\/logo\/image\/"}}]}},"_links":{"self":[{"href":"https:\/\/linerostelecom.cl\/index.php\/wp-json\/wp\/v2\/pages\/21245121","targetHints":{"allow":["GET"]}}],"collection":[{"href":"https:\/\/linerostelecom.cl\/index.php\/wp-json\/wp\/v2\/pages"}],"about":[{"href":"https:\/\/linerostelecom.cl\/index.php\/wp-json\/wp\/v2\/types\/page"}],"author":[{"embeddable":true,"href":"https:\/\/linerostelecom.cl\/index.php\/wp-json\/wp\/v2\/users\/1"}],"replies":[{"embeddable":true,"href":"https:\/\/linerostelecom.cl\/index.php\/wp-json\/wp\/v2\/comments?post=21245121"}],"version-history":[{"count":13,"href":"https:\/\/linerostelecom.cl\/index.php\/wp-json\/wp\/v2\/pages\/21245121\/revisions"}],"predecessor-version":[{"id":21245609,"href":"https:\/\/linerostelecom.cl\/index.php\/wp-json\/wp\/v2\/pages\/21245121\/revisions\/21245609"}],"wp:attachment":[{"href":"https:\/\/linerostelecom.cl\/index.php\/wp-json\/wp\/v2\/media?parent=21245121"}],"wp:term":[{"taxonomy":"dipi_cpt_category","embeddable":true,"href":"https:\/\/linerostelecom.cl\/index.php\/wp-json\/wp\/v2\/dipi_cpt_category?post=21245121"}],"curies":[{"name":"wp","href":"https:\/\/api.w.org\/{rel}","templated":true}]}}