{"id":21245552,"date":"2022-11-11T16:31:49","date_gmt":"2022-11-11T16:31:49","guid":{"rendered":"http:\/\/linerostelecom.cl\/?page_id=21245552"},"modified":"2022-11-11T17:16:47","modified_gmt":"2022-11-11T17:16:47","slug":"sobre-nosotros","status":"publish","type":"page","link":"https:\/\/linerostelecom.cl\/index.php\/sobre-nosotros\/","title":{"rendered":"Sobre nosotros"},"content":{"rendered":"<p>[et_pb_section fb_built=&#8221;1&#8243; admin_label=&#8221;section&#8221; _builder_version=&#8221;4.16&#8243; background_color=&#8221;rgba(13,43,67,0.55)&#8221; background_image=&#8221;http:\/\/linerostelecom.cl\/wp-content\/uploads\/2022\/10\/bg-title-serv.jpg&#8221; background_blend=&#8221;multiply&#8221; width=&#8221;100%&#8221; module_alignment=&#8221;left&#8221; custom_margin=&#8221;0px||60px||false|false&#8221; custom_padding=&#8221;3%||2%|0px|false|false&#8221; bottom_divider_color=&#8221;#FFFFFF&#8221; locked=&#8221;off&#8221; global_colors_info=&#8221;{}&#8221;][et_pb_row _builder_version=&#8221;4.16&#8243; _module_preset=&#8221;default&#8221; global_colors_info=&#8221;{}&#8221;][et_pb_column type=&#8221;4_4&#8243; _builder_version=&#8221;4.16&#8243; _module_preset=&#8221;default&#8221; global_colors_info=&#8221;{}&#8221;][et_pb_text module_class=&#8221;title-categorias&#8221; _builder_version=&#8221;4.16&#8243; _dynamic_attributes=&#8221;content&#8221; _module_preset=&#8221;default&#8221; text_font=&#8221;Archivo|600|||||||&#8221; text_text_color=&#8221;#FFFFFF&#8221; text_font_size=&#8221;32px&#8221; header_font=&#8221;Archivo||||||||&#8221; header_text_color=&#8221;#FFFFFF&#8221; header_2_text_color=&#8221;#FFFFFF&#8221; custom_margin=&#8221;||14px|||&#8221; custom_css_main_element=&#8221;color:#fff !important;&#8221; global_colors_info=&#8221;{}&#8221;]@ET-DC@eyJkeW5hbWljIjp0cnVlLCJjb250ZW50IjoicG9zdF90aXRsZSIsInNldHRpbmdzIjp7ImJlZm9yZSI6IiIsImFmdGVyIjoiIn19@[\/et_pb_text][et_pb_divider color=&#8221;#6BA9D2&#8243; divider_weight=&#8221;7px&#8221; _builder_version=&#8221;4.16&#8243; _module_preset=&#8221;default&#8221; width=&#8221;7%&#8221; module_alignment=&#8221;left&#8221; custom_margin=&#8221;|||513px||&#8221; locked=&#8221;off&#8221; global_colors_info=&#8221;{}&#8221;][\/et_pb_divider][\/et_pb_column][\/et_pb_row][\/et_pb_section][et_pb_section fb_built=&#8221;1&#8243; _builder_version=&#8221;4.18.0&#8243; _module_preset=&#8221;default&#8221; global_colors_info=&#8221;{}&#8221;][et_pb_row column_structure=&#8221;2_5,3_5&#8243; module_class=&#8221;contenedor-row&#8221; _builder_version=&#8221;4.18.0&#8243; _module_preset=&#8221;default&#8221; custom_margin_tablet=&#8221;||||false|false&#8221; custom_margin_phone=&#8221;&#8221; custom_margin_last_edited=&#8221;on|tablet&#8221; custom_css_main_element=&#8221;display:flex;||align-items:center;&#8221; locked=&#8221;off&#8221; global_colors_info=&#8221;{}&#8221;][et_pb_column type=&#8221;2_5&#8243; module_class=&#8221;col-12&#8243; _builder_version=&#8221;4.16&#8243; _module_preset=&#8221;default&#8221; background_color=&#8221;RGBA(0,0,0,0)&#8221; custom_padding=&#8221;||||false|false&#8221; custom_padding_tablet=&#8221;|10px||10px|false|false&#8221; custom_padding_phone=&#8221;&#8221; custom_padding_last_edited=&#8221;on|tablet&#8221; global_colors_info=&#8221;{}&#8221;][et_pb_image src=&#8221;http:\/\/linerostelecom.cl\/wp-content\/uploads\/2022\/11\/telecom.jpg&#8221; alt=&#8221;telecom&#8221; title_text=&#8221;telecom&#8221; force_fullwidth=&#8221;on&#8221; _builder_version=&#8221;4.18.0&#8243; _module_preset=&#8221;default&#8221; background_color=&#8221;#6BA9D2&#8243; custom_margin=&#8221;|-26px||||&#8221; global_colors_info=&#8221;{}&#8221;][\/et_pb_image][\/et_pb_column][et_pb_column type=&#8221;3_5&#8243; module_class=&#8221;col-12&#8243; _builder_version=&#8221;4.16&#8243; _module_preset=&#8221;default&#8221; global_colors_info=&#8221;{}&#8221;][et_pb_text _builder_version=&#8221;4.18.0&#8243; _module_preset=&#8221;default&#8221; header_font=&#8221;Archivo||||||||&#8221; header_font_size=&#8221;33px&#8221; header_2_font=&#8221;Archivo||||||||&#8221; header_2_text_color=&#8221;#000000&#8243; header_2_font_size=&#8221;32px&#8221; header_2_line_height=&#8221;1.1em&#8221; header_3_font=&#8221;Archivo||||||||&#8221; header_3_text_color=&#8221;#000000&#8243; header_3_font_size=&#8221;26px&#8221; custom_margin=&#8221;5px||17px|||&#8221; custom_css_main_element=&#8221;display:flex !important;||align-items:center !important;&#8221; global_colors_info=&#8221;{}&#8221;]<\/p>\n<h2>Lineros Telecomunicaciones<\/h2>\n<p>[\/et_pb_text][et_pb_text _builder_version=&#8221;4.18.0&#8243; _module_preset=&#8221;default&#8221; text_font=&#8221;Archivo||||||||&#8221; text_text_color=&#8221;rgba(0,0,0,0.61)&#8221; custom_padding=&#8221;|||0px||&#8221; locked=&#8221;off&#8221; global_colors_info=&#8221;{}&#8221;]<\/p>\n<ul style=\"list-style: none; line-height: 2rem;\">\n<li>Lineros Telecom es una compa\u00f1\u00eda chilena nacida el 2014, dedicada a la comercializaci\u00f3n<br \/>\nde equipos de radiocomunicaci\u00f3n y asesor\u00eda integral en el desarrollo de soluciones de<br \/>\nen sistemas de comunicaci\u00f3n.<\/p>\n<p>Pertenecemos a la red de Dealers de Motorola autorizados, l\u00edderes mundiales en comunicaci\u00f3n profesional, gracias a nuestro profesionalismo y equipo de primer nivel actualmente contamos con la categor\u00eda Platinium, la m\u00e1s alta calificaci\u00f3n para un representante del rubro.<br \/>\nTanto en la Regi\u00f3n Metropolitana como en el resto del pa\u00eds nuestros clientes han preferido y utilizado nuestros servicios y productos en nuestras cinco l\u00edneas de negocios: Venta directa, proyectos, arriendo de port\u00e1tiles y m\u00f3viles, servicio t\u00e9cnico, y contrato de mantenci\u00f3n\n<\/li>\n<\/ul>\n<p>[\/et_pb_text][\/et_pb_column][\/et_pb_row][\/et_pb_section][et_pb_section fb_built=&#8221;1&#8243; _builder_version=&#8221;4.18.0&#8243; _module_preset=&#8221;default&#8221; global_colors_info=&#8221;{}&#8221;][et_pb_row column_structure=&#8221;1_3,1_3,1_3&#8243; _builder_version=&#8221;4.18.0&#8243; _module_preset=&#8221;default&#8221; hover_enabled=&#8221;0&#8243; global_colors_info=&#8221;{}&#8221; sticky_enabled=&#8221;0&#8243;][et_pb_column type=&#8221;1_3&#8243; _builder_version=&#8221;4.18.0&#8243; _module_preset=&#8221;default&#8221; global_colors_info=&#8221;{}&#8221;][et_pb_image src=&#8221;http:\/\/linerostelecom.cl\/wp-content\/uploads\/2022\/11\/icons8-objetivo-100.png&#8221; alt=&#8221;mision&#8221; title_text=&#8221;icons8-objetivo-100&#8243; _builder_version=&#8221;4.18.0&#8243; _module_preset=&#8221;default&#8221; width=&#8221;30%&#8221; module_alignment=&#8221;left&#8221; locked=&#8221;off&#8221; global_colors_info=&#8221;{}&#8221;][\/et_pb_image][et_pb_text _builder_version=&#8221;4.18.0&#8243; _module_preset=&#8221;default&#8221; text_font=&#8221;Archivo||||||||&#8221; text_font_size=&#8221;16px&#8221; header_font=&#8221;Archivo||||||||&#8221; header_font_size=&#8221;33px&#8221; header_2_font=&#8221;Archivo||||||||&#8221; header_2_text_color=&#8221;#000000&#8243; header_2_font_size=&#8221;32px&#8221; header_3_font=&#8221;Archivo||||||||&#8221; header_3_text_color=&#8221;#000000&#8243; header_3_font_size=&#8221;26px&#8221; header_4_font=&#8221;Archivo||||||||&#8221; header_4_text_color=&#8221;#000000&#8243; header_4_font_size=&#8221;20px&#8221; header_4_line_height=&#8221;1.1em&#8221; custom_margin=&#8221;5px|||||&#8221; custom_css_main_element=&#8221;display:flex !important;||align-items:center !important;&#8221; locked=&#8221;off&#8221; global_colors_info=&#8221;{}&#8221;]<\/p>\n<h4>Misi\u00f3n<\/h4>\n<p>[\/et_pb_text][et_pb_text _builder_version=&#8221;4.18.0&#8243; _module_preset=&#8221;default&#8221; text_font=&#8221;Archivo||||||||&#8221; text_text_color=&#8221;rgba(0,0,0,0.61)&#8221; custom_margin=&#8221;-20px|||||&#8221; locked=&#8221;off&#8221; global_colors_info=&#8221;{}&#8221;]<\/p>\n<p>Garantizar las comunicaciones del sector p\u00fablico y privado, satisfacer las necesidades espec\u00edficas de nuestros clientes con la m\u00e1s amplia cobertura, rapidez, calidad e innovaci\u00f3n.<\/p>\n<p>[\/et_pb_text][\/et_pb_column][et_pb_column type=&#8221;1_3&#8243; _builder_version=&#8221;4.18.0&#8243; _module_preset=&#8221;default&#8221; global_colors_info=&#8221;{}&#8221;][et_pb_image src=&#8221;http:\/\/linerostelecom.cl\/wp-content\/uploads\/2022\/11\/icons8-eye-checked-100.png&#8221; alt=&#8221;vision&#8221; title_text=&#8221;icons8-eye-checked-100&#8243; _builder_version=&#8221;4.18.0&#8243; _module_preset=&#8221;default&#8221; width=&#8221;30%&#8221; module_alignment=&#8221;left&#8221; locked=&#8221;off&#8221; global_colors_info=&#8221;{}&#8221;][\/et_pb_image][et_pb_text _builder_version=&#8221;4.18.0&#8243; _module_preset=&#8221;default&#8221; text_font=&#8221;Archivo||||||||&#8221; text_font_size=&#8221;16px&#8221; header_font=&#8221;Archivo||||||||&#8221; header_font_size=&#8221;33px&#8221; header_2_font=&#8221;Archivo||||||||&#8221; header_2_text_color=&#8221;#000000&#8243; header_2_font_size=&#8221;32px&#8221; header_3_font=&#8221;Archivo||||||||&#8221; header_3_text_color=&#8221;#000000&#8243; header_3_font_size=&#8221;26px&#8221; header_4_font=&#8221;Archivo||||||||&#8221; header_4_text_color=&#8221;#000000&#8243; header_4_font_size=&#8221;20px&#8221; header_4_line_height=&#8221;1.1em&#8221; custom_margin=&#8221;5px|||||&#8221; custom_css_main_element=&#8221;display:flex !important;||align-items:center !important;&#8221; locked=&#8221;off&#8221; global_colors_info=&#8221;{}&#8221;]<\/p>\n<h4>Visi\u00f3n<\/h4>\n<p>[\/et_pb_text][et_pb_text _builder_version=&#8221;4.18.0&#8243; _module_preset=&#8221;default&#8221; text_font=&#8221;Archivo||||||||&#8221; text_text_color=&#8221;rgba(0,0,0,0.61)&#8221; custom_margin=&#8221;-20px|||||&#8221; locked=&#8221;off&#8221; global_colors_info=&#8221;{}&#8221;]<\/p>\n<p>Ser reconocidos al 2026 por ser referentes y la mejor opci\u00f3n en entregar soluciones de radiocomunicaciones de calidad y especificas a cada uno de nuestros clientes.<\/p>\n<p>[\/et_pb_text][\/et_pb_column][et_pb_column type=&#8221;1_3&#8243; _builder_version=&#8221;4.18.0&#8243; _module_preset=&#8221;default&#8221; hover_enabled=&#8221;0&#8243; global_colors_info=&#8221;{}&#8221; sticky_enabled=&#8221;0&#8243; background_color=&#8221;rgba(107,169,210,0.08)&#8221; custom_padding=&#8221;10px|10px|10px|10px|true|true&#8221;][et_pb_image src=&#8221;http:\/\/linerostelecom.cl\/wp-content\/uploads\/2022\/11\/icons8-care-100.png&#8221; alt=&#8221;vision&#8221; title_text=&#8221;icons8-care-100&#8243; _builder_version=&#8221;4.18.0&#8243; _module_preset=&#8221;default&#8221; width=&#8221;30%&#8221; module_alignment=&#8221;left&#8221; hover_enabled=&#8221;0&#8243; locked=&#8221;off&#8221; global_colors_info=&#8221;{}&#8221; sticky_enabled=&#8221;0&#8243;][\/et_pb_image][et_pb_text _builder_version=&#8221;4.18.0&#8243; _module_preset=&#8221;default&#8221; text_font=&#8221;Archivo||||||||&#8221; text_font_size=&#8221;16px&#8221; header_font=&#8221;Archivo||||||||&#8221; header_font_size=&#8221;33px&#8221; header_2_font=&#8221;Archivo||||||||&#8221; header_2_text_color=&#8221;#000000&#8243; header_2_font_size=&#8221;32px&#8221; header_3_font=&#8221;Archivo||||||||&#8221; header_3_text_color=&#8221;#000000&#8243; header_3_font_size=&#8221;26px&#8221; header_4_font=&#8221;Archivo||||||||&#8221; header_4_text_color=&#8221;#000000&#8243; header_4_font_size=&#8221;20px&#8221; header_4_line_height=&#8221;1.1em&#8221; custom_margin=&#8221;5px|||||&#8221; hover_enabled=&#8221;0&#8243; custom_css_main_element=&#8221;display:flex !important;||align-items:center !important;&#8221; locked=&#8221;off&#8221; global_colors_info=&#8221;{}&#8221; sticky_enabled=&#8221;0&#8243;]<\/p>\n<h4>Valores<\/h4>\n<p>[\/et_pb_text][et_pb_text _builder_version=&#8221;4.18.0&#8243; _module_preset=&#8221;default&#8221; text_font=&#8221;Archivo||||||||&#8221; text_text_color=&#8221;rgba(0,0,0,0.61)&#8221; custom_margin=&#8221;-20px|||||&#8221; hover_enabled=&#8221;0&#8243; locked=&#8221;off&#8221; global_colors_info=&#8221;{}&#8221; sticky_enabled=&#8221;0&#8243;]<\/p>\n<ul style=\"list-style: none; line-height: 2rem;\">\n<li><img decoding=\"async\" src=\"http:\/\/linerostelecom.cl\/wp-content\/uploads\/2022\/10\/icon-check.png\" width=\"15px\" \/> El trato personalizado<\/li>\n<li><img decoding=\"async\" src=\"http:\/\/linerostelecom.cl\/wp-content\/uploads\/2022\/10\/icon-check.png\" width=\"15px\" \/> La forma de abordar los problemas de comunicaci\u00f3n de nuestros clientes<\/li>\n<li><img decoding=\"async\" src=\"http:\/\/linerostelecom.cl\/wp-content\/uploads\/2022\/10\/icon-check.png\" width=\"15px\" \/> Escuchar en detalle<\/li>\n<li><img decoding=\"async\" src=\"http:\/\/linerostelecom.cl\/wp-content\/uploads\/2022\/10\/icon-check.png\" width=\"15px\" \/> Cubrir las necesidades espec\u00edficas de cada cliente<\/li>\n<li><img decoding=\"async\" src=\"http:\/\/linerostelecom.cl\/wp-content\/uploads\/2022\/10\/icon-check.png\" width=\"15px\" \/> Rapidez en la soluci\u00f3n que entregamos<\/li>\n<\/ul>\n<p>[\/et_pb_text][\/et_pb_column][\/et_pb_row][\/et_pb_section]<\/p>\n","protected":false},"excerpt":{"rendered":"<p>Lineros Telecomunicaciones Lineros Telecom es una compa\u00f1\u00eda chilena nacida el 2014, dedicada a la comercializaci\u00f3n de equipos de radiocomunicaci\u00f3n y asesor\u00eda integral en el desarrollo de soluciones de en sistemas de comunicaci\u00f3n. Pertenecemos a la red de Dealers de Motorola autorizados, l\u00edderes mundiales en comunicaci\u00f3n profesional, gracias a nuestro profesionalismo y equipo de primer nivel [&hellip;]<\/p>\n","protected":false},"author":1,"featured_media":0,"parent":0,"menu_order":0,"comment_status":"closed","ping_status":"closed","template":"","meta":{"_et_pb_use_builder":"on","_et_pb_old_content":"","_et_gb_content_width":"","footnotes":""},"dipi_cpt_category":[],"class_list":["post-21245552","page","type-page","status-publish","hentry"],"yoast_head":"<!-- This site is optimized with the Yoast SEO plugin v21.0 - https:\/\/yoast.com\/wordpress\/plugins\/seo\/ -->\n<title>Sobre nosotros - Lineros Telecomunicaciones<\/title>\n<meta name=\"robots\" content=\"index, follow, max-snippet:-1, max-image-preview:large, max-video-preview:-1\" \/>\n<link rel=\"canonical\" href=\"https:\/\/linerostelecom.cl\/index.php\/sobre-nosotros\/\" \/>\n<meta property=\"og:locale\" content=\"es_ES\" \/>\n<meta property=\"og:type\" content=\"article\" \/>\n<meta property=\"og:title\" content=\"Sobre nosotros - Lineros Telecomunicaciones\" \/>\n<meta property=\"og:description\" content=\"Lineros Telecomunicaciones Lineros Telecom es una compa\u00f1\u00eda chilena nacida el 2014, dedicada a la comercializaci\u00f3n de equipos de radiocomunicaci\u00f3n y asesor\u00eda integral en el desarrollo de soluciones de en sistemas de comunicaci\u00f3n. Pertenecemos a la red de Dealers de Motorola autorizados, l\u00edderes mundiales en comunicaci\u00f3n profesional, gracias a nuestro profesionalismo y equipo de primer nivel [&hellip;]\" \/>\n<meta property=\"og:url\" content=\"https:\/\/linerostelecom.cl\/index.php\/sobre-nosotros\/\" \/>\n<meta property=\"og:site_name\" content=\"Lineros Telecomunicaciones\" \/>\n<meta property=\"article:modified_time\" content=\"2022-11-11T17:16:47+00:00\" \/>\n<meta property=\"og:image\" content=\"http:\/\/linerostelecom.cl\/wp-content\/uploads\/2022\/10\/icon-check.png\" \/>\n<meta name=\"twitter:card\" content=\"summary_large_image\" \/>\n<meta name=\"twitter:label1\" content=\"Tiempo de lectura\" \/>\n\t<meta name=\"twitter:data1\" content=\"6 minutos\" \/>\n<script type=\"application\/ld+json\" class=\"yoast-schema-graph\">{\"@context\":\"https:\/\/schema.org\",\"@graph\":[{\"@type\":\"WebPage\",\"@id\":\"https:\/\/linerostelecom.cl\/index.php\/sobre-nosotros\/\",\"url\":\"https:\/\/linerostelecom.cl\/index.php\/sobre-nosotros\/\",\"name\":\"Sobre nosotros - Lineros Telecomunicaciones\",\"isPartOf\":{\"@id\":\"https:\/\/linerostelecom.cl\/#website\"},\"datePublished\":\"2022-11-11T16:31:49+00:00\",\"dateModified\":\"2022-11-11T17:16:47+00:00\",\"breadcrumb\":{\"@id\":\"https:\/\/linerostelecom.cl\/index.php\/sobre-nosotros\/#breadcrumb\"},\"inLanguage\":\"es\",\"potentialAction\":[{\"@type\":\"ReadAction\",\"target\":[\"https:\/\/linerostelecom.cl\/index.php\/sobre-nosotros\/\"]}]},{\"@type\":\"BreadcrumbList\",\"@id\":\"https:\/\/linerostelecom.cl\/index.php\/sobre-nosotros\/#breadcrumb\",\"itemListElement\":[{\"@type\":\"ListItem\",\"position\":1,\"name\":\"Portada\",\"item\":\"https:\/\/linerostelecom.cl\/\"},{\"@type\":\"ListItem\",\"position\":2,\"name\":\"Sobre nosotros\"}]},{\"@type\":\"WebSite\",\"@id\":\"https:\/\/linerostelecom.cl\/#website\",\"url\":\"https:\/\/linerostelecom.cl\/\",\"name\":\"Lineros Telecomunicaciones\",\"description\":\"Servicio y venta de productos para telecomunicaci\u00f3n.\",\"publisher\":{\"@id\":\"https:\/\/linerostelecom.cl\/#organization\"},\"alternateName\":\"Lineros telecom\",\"potentialAction\":[{\"@type\":\"SearchAction\",\"target\":{\"@type\":\"EntryPoint\",\"urlTemplate\":\"https:\/\/linerostelecom.cl\/?s={search_term_string}\"},\"query-input\":\"required name=search_term_string\"}],\"inLanguage\":\"es\"},{\"@type\":\"Organization\",\"@id\":\"https:\/\/linerostelecom.cl\/#organization\",\"name\":\"Lineros Telecomunicaciones\",\"alternateName\":\"Lineros Telecomunicaciones\",\"url\":\"https:\/\/linerostelecom.cl\/\",\"logo\":{\"@type\":\"ImageObject\",\"inLanguage\":\"es\",\"@id\":\"https:\/\/linerostelecom.cl\/#\/schema\/logo\/image\/\",\"url\":\"https:\/\/linerostelecom.cl\/wp-content\/uploads\/2022\/11\/LOGO-LINEROS-2.png\",\"contentUrl\":\"https:\/\/linerostelecom.cl\/wp-content\/uploads\/2022\/11\/LOGO-LINEROS-2.png\",\"width\":1648,\"height\":319,\"caption\":\"Lineros Telecomunicaciones\"},\"image\":{\"@id\":\"https:\/\/linerostelecom.cl\/#\/schema\/logo\/image\/\"}}]}<\/script>\n<!-- \/ Yoast SEO plugin. -->","yoast_head_json":{"title":"Sobre nosotros - Lineros Telecomunicaciones","robots":{"index":"index","follow":"follow","max-snippet":"max-snippet:-1","max-image-preview":"max-image-preview:large","max-video-preview":"max-video-preview:-1"},"canonical":"https:\/\/linerostelecom.cl\/index.php\/sobre-nosotros\/","og_locale":"es_ES","og_type":"article","og_title":"Sobre nosotros - Lineros Telecomunicaciones","og_description":"Lineros Telecomunicaciones Lineros Telecom es una compa\u00f1\u00eda chilena nacida el 2014, dedicada a la comercializaci\u00f3n de equipos de radiocomunicaci\u00f3n y asesor\u00eda integral en el desarrollo de soluciones de en sistemas de comunicaci\u00f3n. Pertenecemos a la red de Dealers de Motorola autorizados, l\u00edderes mundiales en comunicaci\u00f3n profesional, gracias a nuestro profesionalismo y equipo de primer nivel [&hellip;]","og_url":"https:\/\/linerostelecom.cl\/index.php\/sobre-nosotros\/","og_site_name":"Lineros Telecomunicaciones","article_modified_time":"2022-11-11T17:16:47+00:00","og_image":[{"url":"http:\/\/linerostelecom.cl\/wp-content\/uploads\/2022\/10\/icon-check.png"}],"twitter_card":"summary_large_image","twitter_misc":{"Tiempo de lectura":"6 minutos"},"schema":{"@context":"https:\/\/schema.org","@graph":[{"@type":"WebPage","@id":"https:\/\/linerostelecom.cl\/index.php\/sobre-nosotros\/","url":"https:\/\/linerostelecom.cl\/index.php\/sobre-nosotros\/","name":"Sobre nosotros - Lineros Telecomunicaciones","isPartOf":{"@id":"https:\/\/linerostelecom.cl\/#website"},"datePublished":"2022-11-11T16:31:49+00:00","dateModified":"2022-11-11T17:16:47+00:00","breadcrumb":{"@id":"https:\/\/linerostelecom.cl\/index.php\/sobre-nosotros\/#breadcrumb"},"inLanguage":"es","potentialAction":[{"@type":"ReadAction","target":["https:\/\/linerostelecom.cl\/index.php\/sobre-nosotros\/"]}]},{"@type":"BreadcrumbList","@id":"https:\/\/linerostelecom.cl\/index.php\/sobre-nosotros\/#breadcrumb","itemListElement":[{"@type":"ListItem","position":1,"name":"Portada","item":"https:\/\/linerostelecom.cl\/"},{"@type":"ListItem","position":2,"name":"Sobre nosotros"}]},{"@type":"WebSite","@id":"https:\/\/linerostelecom.cl\/#website","url":"https:\/\/linerostelecom.cl\/","name":"Lineros Telecomunicaciones","description":"Servicio y venta de productos para telecomunicaci\u00f3n.","publisher":{"@id":"https:\/\/linerostelecom.cl\/#organization"},"alternateName":"Lineros telecom","potentialAction":[{"@type":"SearchAction","target":{"@type":"EntryPoint","urlTemplate":"https:\/\/linerostelecom.cl\/?s={search_term_string}"},"query-input":"required name=search_term_string"}],"inLanguage":"es"},{"@type":"Organization","@id":"https:\/\/linerostelecom.cl\/#organization","name":"Lineros Telecomunicaciones","alternateName":"Lineros Telecomunicaciones","url":"https:\/\/linerostelecom.cl\/","logo":{"@type":"ImageObject","inLanguage":"es","@id":"https:\/\/linerostelecom.cl\/#\/schema\/logo\/image\/","url":"https:\/\/linerostelecom.cl\/wp-content\/uploads\/2022\/11\/LOGO-LINEROS-2.png","contentUrl":"https:\/\/linerostelecom.cl\/wp-content\/uploads\/2022\/11\/LOGO-LINEROS-2.png","width":1648,"height":319,"caption":"Lineros Telecomunicaciones"},"image":{"@id":"https:\/\/linerostelecom.cl\/#\/schema\/logo\/image\/"}}]}},"_links":{"self":[{"href":"https:\/\/linerostelecom.cl\/index.php\/wp-json\/wp\/v2\/pages\/21245552","targetHints":{"allow":["GET"]}}],"collection":[{"href":"https:\/\/linerostelecom.cl\/index.php\/wp-json\/wp\/v2\/pages"}],"about":[{"href":"https:\/\/linerostelecom.cl\/index.php\/wp-json\/wp\/v2\/types\/page"}],"author":[{"embeddable":true,"href":"https:\/\/linerostelecom.cl\/index.php\/wp-json\/wp\/v2\/users\/1"}],"replies":[{"embeddable":true,"href":"https:\/\/linerostelecom.cl\/index.php\/wp-json\/wp\/v2\/comments?post=21245552"}],"version-history":[{"count":4,"href":"https:\/\/linerostelecom.cl\/index.php\/wp-json\/wp\/v2\/pages\/21245552\/revisions"}],"predecessor-version":[{"id":21245570,"href":"https:\/\/linerostelecom.cl\/index.php\/wp-json\/wp\/v2\/pages\/21245552\/revisions\/21245570"}],"wp:attachment":[{"href":"https:\/\/linerostelecom.cl\/index.php\/wp-json\/wp\/v2\/media?parent=21245552"}],"wp:term":[{"taxonomy":"dipi_cpt_category","embeddable":true,"href":"https:\/\/linerostelecom.cl\/index.php\/wp-json\/wp\/v2\/dipi_cpt_category?post=21245552"}],"curies":[{"name":"wp","href":"https:\/\/api.w.org\/{rel}","templated":true}]}}