{"id":21244775,"date":"2022-10-17T12:56:51","date_gmt":"2022-10-17T15:56:51","guid":{"rendered":"http:\/\/linerostelecom.cl\/index.php\/producto\/dgp8550e-dig-vhf\/"},"modified":"2025-10-02T13:23:15","modified_gmt":"2025-10-02T16:23:15","slug":"dgp8550e-dig-vhf","status":"publish","type":"product","link":"https:\/\/linerostelecom.cl\/index.php\/producto\/dgp8550e-dig-vhf\/","title":{"rendered":"PORTATIL DIGITAL DGP8550e VHF"},"content":{"rendered":"<p>Los radios MOTOTRBO Series DGP\u2122 8000e y DGP\u2122 5000e pertenecen a una familia de radios digitales est\u00e1ndar DMR que ofrece voz y datos de operaci\u00f3n cr\u00edtica. La funcionalidad de audio Bluetooth\u00ae le permite hablar sin cables, la funci\u00f3n Wi-Fi integrada posibilita la administraci\u00f3n remota y las capacidades de ubicaci\u00f3n y seguimiento tanto para interiores como para exteriores le proporcionan un<\/p>\n<p>inmejorable nivel de visibilidad de sus recursos. Su compatibilidad con soluciones de troncalizaci\u00f3n y tecnolog\u00eda anal\u00f3gica existente le permite mantener a su organizaci\u00f3n conectada a medida que se expande.<\/p>\n","protected":false},"excerpt":{"rendered":"<p>1.\tRango de frecuencia 136-174 MHz <\/p>\n<p>2.\tCantidad de canales 1000 canales <\/p>\n<p>3.\tEspaciamiento de canal 12.5 kHz\/ 20 kHz\/ 25 kHz <\/p>\n<p>4.\tPotencia 5W<\/p>\n<p>5.\tClasificaci\u00f3n IP IP68 <\/p>\n<p>6.\tEstabilidad de frecuencia +\/- 0,5ppm <\/p>\n<p>7.\tDimensiones (Al x An x P) 130 x 55 x 36 mm<\/p>\n<p>8.\tPeso (aprox.) 315 g<\/p>\n<p><a href=\"https:\/\/linerostelecom.cl\/wp-content\/uploads\/2022\/12\/dgp8000e_5000e-1.pdf\" download class=\"btn-descargas\">Descargar Ficha<\/a><\/p>\n","protected":false},"featured_media":21245969,"comment_status":"open","ping_status":"closed","template":"","meta":{"_et_pb_use_builder":"","_et_pb_old_content":"","_et_gb_content_width":""},"product_cat":[38,37],"product_tag":[50,45,44],"class_list":["post-21244775","product","type-product","status-publish","has-post-thumbnail","hentry","product_cat-equipos-portatiles","product_cat-portatiles","product_tag-dgp8550e","product_tag-digital","product_tag-vhf"],"yoast_head":"<!-- This site is optimized with the Yoast SEO plugin v21.0 - https:\/\/yoast.com\/wordpress\/plugins\/seo\/ -->\n<title>PORTATIL DIGITAL DGP8550e VHF - Lineros Telecomunicaciones<\/title>\n<meta name=\"robots\" content=\"index, follow, max-snippet:-1, max-image-preview:large, max-video-preview:-1\" \/>\n<link rel=\"canonical\" href=\"https:\/\/linerostelecom.cl\/index.php\/producto\/dgp8550e-dig-vhf\/\" \/>\n<meta property=\"og:locale\" content=\"es_ES\" \/>\n<meta property=\"og:type\" content=\"article\" \/>\n<meta property=\"og:title\" content=\"PORTATIL DIGITAL DGP8550e VHF - Lineros Telecomunicaciones\" \/>\n<meta property=\"og:description\" content=\"1. Rango de frecuencia 136-174 MHz  2. Cantidad de canales 1000 canales  3. Espaciamiento de canal 12.5 kHz\/ 20 kHz\/ 25 kHz  4. Potencia 5W 5. Clasificaci\u00f3n IP IP68  6. Estabilidad de frecuencia +\/- 0,5ppm  7. Dimensiones (Al x An x P) 130 x 55 x 36 mm 8. Peso (aprox.) 315 g  Descargar Ficha\" \/>\n<meta property=\"og:url\" content=\"https:\/\/linerostelecom.cl\/index.php\/producto\/dgp8550e-dig-vhf\/\" \/>\n<meta property=\"og:site_name\" content=\"Lineros Telecomunicaciones\" \/>\n<meta property=\"article:modified_time\" content=\"2025-10-02T16:23:15+00:00\" \/>\n<meta property=\"og:image\" content=\"https:\/\/linerostelecom.cl\/wp-content\/uploads\/2023\/08\/Imagen17-2.png\" \/>\n\t<meta property=\"og:image:width\" content=\"907\" \/>\n\t<meta property=\"og:image:height\" content=\"805\" \/>\n\t<meta property=\"og:image:type\" content=\"image\/png\" \/>\n<meta name=\"twitter:card\" content=\"summary_large_image\" \/>\n<script type=\"application\/ld+json\" class=\"yoast-schema-graph\">{\"@context\":\"https:\/\/schema.org\",\"@graph\":[{\"@type\":\"WebPage\",\"@id\":\"https:\/\/linerostelecom.cl\/index.php\/producto\/dgp8550e-dig-vhf\/\",\"url\":\"https:\/\/linerostelecom.cl\/index.php\/producto\/dgp8550e-dig-vhf\/\",\"name\":\"PORTATIL DIGITAL DGP8550e VHF - Lineros Telecomunicaciones\",\"isPartOf\":{\"@id\":\"https:\/\/linerostelecom.cl\/#website\"},\"datePublished\":\"2022-10-17T15:56:51+00:00\",\"dateModified\":\"2025-10-02T16:23:15+00:00\",\"breadcrumb\":{\"@id\":\"https:\/\/linerostelecom.cl\/index.php\/producto\/dgp8550e-dig-vhf\/#breadcrumb\"},\"inLanguage\":\"es\",\"potentialAction\":[{\"@type\":\"ReadAction\",\"target\":[\"https:\/\/linerostelecom.cl\/index.php\/producto\/dgp8550e-dig-vhf\/\"]}]},{\"@type\":\"BreadcrumbList\",\"@id\":\"https:\/\/linerostelecom.cl\/index.php\/producto\/dgp8550e-dig-vhf\/#breadcrumb\",\"itemListElement\":[{\"@type\":\"ListItem\",\"position\":1,\"name\":\"Portada\",\"item\":\"https:\/\/linerostelecom.cl\/\"},{\"@type\":\"ListItem\",\"position\":2,\"name\":\"Tienda\",\"item\":\"https:\/\/linerostelecom.cl\/index.php\/tienda\/\"},{\"@type\":\"ListItem\",\"position\":3,\"name\":\"PORTATIL DIGITAL DGP8550e VHF\"}]},{\"@type\":\"WebSite\",\"@id\":\"https:\/\/linerostelecom.cl\/#website\",\"url\":\"https:\/\/linerostelecom.cl\/\",\"name\":\"Lineros Telecomunicaciones\",\"description\":\"Servicio y venta de productos para telecomunicaci\u00f3n.\",\"publisher\":{\"@id\":\"https:\/\/linerostelecom.cl\/#organization\"},\"alternateName\":\"Lineros telecom\",\"potentialAction\":[{\"@type\":\"SearchAction\",\"target\":{\"@type\":\"EntryPoint\",\"urlTemplate\":\"https:\/\/linerostelecom.cl\/?s={search_term_string}\"},\"query-input\":\"required name=search_term_string\"}],\"inLanguage\":\"es\"},{\"@type\":\"Organization\",\"@id\":\"https:\/\/linerostelecom.cl\/#organization\",\"name\":\"Lineros Telecomunicaciones\",\"alternateName\":\"Lineros Telecomunicaciones\",\"url\":\"https:\/\/linerostelecom.cl\/\",\"logo\":{\"@type\":\"ImageObject\",\"inLanguage\":\"es\",\"@id\":\"https:\/\/linerostelecom.cl\/#\/schema\/logo\/image\/\",\"url\":\"https:\/\/linerostelecom.cl\/wp-content\/uploads\/2022\/11\/LOGO-LINEROS-2.png\",\"contentUrl\":\"https:\/\/linerostelecom.cl\/wp-content\/uploads\/2022\/11\/LOGO-LINEROS-2.png\",\"width\":1648,\"height\":319,\"caption\":\"Lineros Telecomunicaciones\"},\"image\":{\"@id\":\"https:\/\/linerostelecom.cl\/#\/schema\/logo\/image\/\"}}]}<\/script>\n<!-- \/ Yoast SEO plugin. -->","yoast_head_json":{"title":"PORTATIL DIGITAL DGP8550e VHF - Lineros Telecomunicaciones","robots":{"index":"index","follow":"follow","max-snippet":"max-snippet:-1","max-image-preview":"max-image-preview:large","max-video-preview":"max-video-preview:-1"},"canonical":"https:\/\/linerostelecom.cl\/index.php\/producto\/dgp8550e-dig-vhf\/","og_locale":"es_ES","og_type":"article","og_title":"PORTATIL DIGITAL DGP8550e VHF - Lineros Telecomunicaciones","og_description":"1. Rango de frecuencia 136-174 MHz  2. Cantidad de canales 1000 canales  3. Espaciamiento de canal 12.5 kHz\/ 20 kHz\/ 25 kHz  4. Potencia 5W 5. Clasificaci\u00f3n IP IP68  6. Estabilidad de frecuencia +\/- 0,5ppm  7. Dimensiones (Al x An x P) 130 x 55 x 36 mm 8. Peso (aprox.) 315 g  Descargar Ficha","og_url":"https:\/\/linerostelecom.cl\/index.php\/producto\/dgp8550e-dig-vhf\/","og_site_name":"Lineros Telecomunicaciones","article_modified_time":"2025-10-02T16:23:15+00:00","og_image":[{"width":907,"height":805,"url":"https:\/\/linerostelecom.cl\/wp-content\/uploads\/2023\/08\/Imagen17-2.png","type":"image\/png"}],"twitter_card":"summary_large_image","schema":{"@context":"https:\/\/schema.org","@graph":[{"@type":"WebPage","@id":"https:\/\/linerostelecom.cl\/index.php\/producto\/dgp8550e-dig-vhf\/","url":"https:\/\/linerostelecom.cl\/index.php\/producto\/dgp8550e-dig-vhf\/","name":"PORTATIL DIGITAL DGP8550e VHF - Lineros Telecomunicaciones","isPartOf":{"@id":"https:\/\/linerostelecom.cl\/#website"},"datePublished":"2022-10-17T15:56:51+00:00","dateModified":"2025-10-02T16:23:15+00:00","breadcrumb":{"@id":"https:\/\/linerostelecom.cl\/index.php\/producto\/dgp8550e-dig-vhf\/#breadcrumb"},"inLanguage":"es","potentialAction":[{"@type":"ReadAction","target":["https:\/\/linerostelecom.cl\/index.php\/producto\/dgp8550e-dig-vhf\/"]}]},{"@type":"BreadcrumbList","@id":"https:\/\/linerostelecom.cl\/index.php\/producto\/dgp8550e-dig-vhf\/#breadcrumb","itemListElement":[{"@type":"ListItem","position":1,"name":"Portada","item":"https:\/\/linerostelecom.cl\/"},{"@type":"ListItem","position":2,"name":"Tienda","item":"https:\/\/linerostelecom.cl\/index.php\/tienda\/"},{"@type":"ListItem","position":3,"name":"PORTATIL DIGITAL DGP8550e VHF"}]},{"@type":"WebSite","@id":"https:\/\/linerostelecom.cl\/#website","url":"https:\/\/linerostelecom.cl\/","name":"Lineros Telecomunicaciones","description":"Servicio y venta de productos para telecomunicaci\u00f3n.","publisher":{"@id":"https:\/\/linerostelecom.cl\/#organization"},"alternateName":"Lineros telecom","potentialAction":[{"@type":"SearchAction","target":{"@type":"EntryPoint","urlTemplate":"https:\/\/linerostelecom.cl\/?s={search_term_string}"},"query-input":"required name=search_term_string"}],"inLanguage":"es"},{"@type":"Organization","@id":"https:\/\/linerostelecom.cl\/#organization","name":"Lineros Telecomunicaciones","alternateName":"Lineros Telecomunicaciones","url":"https:\/\/linerostelecom.cl\/","logo":{"@type":"ImageObject","inLanguage":"es","@id":"https:\/\/linerostelecom.cl\/#\/schema\/logo\/image\/","url":"https:\/\/linerostelecom.cl\/wp-content\/uploads\/2022\/11\/LOGO-LINEROS-2.png","contentUrl":"https:\/\/linerostelecom.cl\/wp-content\/uploads\/2022\/11\/LOGO-LINEROS-2.png","width":1648,"height":319,"caption":"Lineros Telecomunicaciones"},"image":{"@id":"https:\/\/linerostelecom.cl\/#\/schema\/logo\/image\/"}}]}},"_links":{"self":[{"href":"https:\/\/linerostelecom.cl\/index.php\/wp-json\/wp\/v2\/product\/21244775","targetHints":{"allow":["GET"]}}],"collection":[{"href":"https:\/\/linerostelecom.cl\/index.php\/wp-json\/wp\/v2\/product"}],"about":[{"href":"https:\/\/linerostelecom.cl\/index.php\/wp-json\/wp\/v2\/types\/product"}],"replies":[{"embeddable":true,"href":"https:\/\/linerostelecom.cl\/index.php\/wp-json\/wp\/v2\/comments?post=21244775"}],"wp:featuredmedia":[{"embeddable":true,"href":"https:\/\/linerostelecom.cl\/index.php\/wp-json\/wp\/v2\/media\/21245969"}],"wp:attachment":[{"href":"https:\/\/linerostelecom.cl\/index.php\/wp-json\/wp\/v2\/media?parent=21244775"}],"wp:term":[{"taxonomy":"product_cat","embeddable":true,"href":"https:\/\/linerostelecom.cl\/index.php\/wp-json\/wp\/v2\/product_cat?post=21244775"},{"taxonomy":"product_tag","embeddable":true,"href":"https:\/\/linerostelecom.cl\/index.php\/wp-json\/wp\/v2\/product_tag?post=21244775"}],"curies":[{"name":"wp","href":"https:\/\/api.w.org\/{rel}","templated":true}]}}