{"id":21245612,"date":"2022-12-16T09:45:55","date_gmt":"2022-12-16T12:45:55","guid":{"rendered":"https:\/\/linerostelecom.cl\/index.php\/producto\/portatil-vertex-vx-80-uhf\/"},"modified":"2025-10-02T13:23:22","modified_gmt":"2025-10-02T16:23:22","slug":"portatil-vertex-vx-80-uhf","status":"publish","type":"product","link":"https:\/\/linerostelecom.cl\/index.php\/producto\/portatil-vertex-vx-80-uhf\/","title":{"rendered":"PORTATIL VERTEX VX-80 UHF"},"content":{"rendered":"<p>1.\tCompacto y discreto el VX-80 permite al usuario integrar el radio a las operaciones de su empresa sin problemas.<\/p>\n<p>2.\tSimple y confiable, es f\u00e1cil de usar y muy confiable para que est\u00e9 siempre en contacto con su equipo.<\/p>\n<p>3.\tLas opciones de b\u00fasqueda y b\u00fasqueda prioritaria le permiten programar y configurar sus radios para omitir canales para que pueda comunicarse r\u00e1pidamente utilizando el canal correcto.<\/p>\n<p>4.\tAl alternar canales, el radio anuncia el canal actual. El usuario puede alternar canales sin tener que mirar el radio, lo que mejora su productividad.<\/p>\n<p>5.\tAudio fuerte y claro, el altavoz de 1 vatio le garantiza que las comunicaciones importantes se oigan siempre con claridad aun en entornos ruidosos.<\/p>\n<p>6.\tCanales f\u00e1ciles de programar, los que pueden ser almacenados por software de programaci\u00f3n.<\/p>\n<p>7.\tSoluciones de bater\u00eda de ion de litio con una autonom\u00eda de hasta 10 horas de conversaci\u00f3n, tanto usted como su equipo pueden completar su turno de trabajo con la tranquilidad de saber que nunca se quedar\u00e1n sin bater\u00eda.<\/p>\n","protected":false},"excerpt":{"rendered":"<p>1.\tRango de frecuencia 403-470 MHz <\/p>\n<p>2.\tCantidad de canales 16 canales <\/p>\n<p>3.\tVoltaje de fuente de alimentaci\u00f3n 7.2 V CC <\/p>\n<p>4.\tEspaciamiento de canal 25\/12.5 kHz <\/p>\n<p>5.\tDuraci\u00f3n de la bater\u00eda (ciclo de operaci\u00f3n 5-5-90 con bater\u00eda de 1600mAh): 10 horas (con dispositivo de ahorro de bater\u00eda) \/ 8 horas (sin dispositivo de ahorro de bater\u00eda) <\/p>\n<p>6.\tClasificaci\u00f3n IP IP54 <\/p>\n<p>7.\tRango de temperatura de funcionamiento -25\u00ba C to +60\u00ba C <\/p>\n<p>8.\tEstabilidad de frecuencia +\/- 1.5ppm <\/p>\n<p>9.\tImpedancia de entrada-salida RF: 50 ohms <\/p>\n<p>10.\tDimensiones (Al x An x P) 126 x 60 x 39 mm con FNB-Z165LI <\/p>\n<p>11.\tPeso (aprox.) 250g (con bater\u00eda, antena, clip para cintur\u00f3n)<\/p>\n<p><a href=\"https:\/\/linerostelecom.cl\/wp-content\/uploads\/2022\/12\/VX80.pdf\" download class=\"btn-descargas\">Descargar Ficha<\/a><\/p>\n","protected":false},"featured_media":21245663,"comment_status":"closed","ping_status":"closed","template":"","meta":{"_et_pb_use_builder":"","_et_pb_old_content":"","_et_gb_content_width":""},"product_cat":[38,37],"product_tag":[42,65],"class_list":["post-21245612","product","type-product","status-publish","has-post-thumbnail","hentry","product_cat-equipos-portatiles","product_cat-portatiles","product_tag-uhf","product_tag-vx-80"],"yoast_head":"<!-- This site is optimized with the Yoast SEO plugin v21.0 - https:\/\/yoast.com\/wordpress\/plugins\/seo\/ -->\n<title>PORTATIL VERTEX VX-80 UHF - Lineros Telecomunicaciones<\/title>\n<meta name=\"robots\" content=\"index, follow, max-snippet:-1, max-image-preview:large, max-video-preview:-1\" \/>\n<link rel=\"canonical\" href=\"https:\/\/linerostelecom.cl\/index.php\/producto\/portatil-vertex-vx-80-uhf\/\" \/>\n<meta property=\"og:locale\" content=\"es_ES\" \/>\n<meta property=\"og:type\" content=\"article\" \/>\n<meta property=\"og:title\" content=\"PORTATIL VERTEX VX-80 UHF - Lineros Telecomunicaciones\" \/>\n<meta property=\"og:description\" content=\"1. Rango de frecuencia 403-470 MHz  2. Cantidad de canales 16 canales  3. Voltaje de fuente de alimentaci\u00f3n 7.2 V CC  4. Espaciamiento de canal 25\/12.5 kHz  5. Duraci\u00f3n de la bater\u00eda (ciclo de operaci\u00f3n 5-5-90 con bater\u00eda de 1600mAh): 10 horas (con dispositivo de ahorro de bater\u00eda) \/ 8 horas (sin dispositivo de ahorro de bater\u00eda)  6. Clasificaci\u00f3n IP IP54  7. Rango de temperatura de funcionamiento -25\u00ba C to +60\u00ba C  8. Estabilidad de frecuencia +\/- 1.5ppm  9. Impedancia de entrada-salida RF: 50 ohms  10. Dimensiones (Al x An x P) 126 x 60 x 39 mm con FNB-Z165LI  11. Peso (aprox.) 250g (con bater\u00eda, antena, clip para cintur\u00f3n) Descargar Ficha\" \/>\n<meta property=\"og:url\" content=\"https:\/\/linerostelecom.cl\/index.php\/producto\/portatil-vertex-vx-80-uhf\/\" \/>\n<meta property=\"og:site_name\" content=\"Lineros Telecomunicaciones\" \/>\n<meta property=\"article:modified_time\" content=\"2025-10-02T16:23:22+00:00\" \/>\n<meta property=\"og:image\" content=\"https:\/\/linerostelecom.cl\/wp-content\/uploads\/2022\/12\/Imagen1.png\" \/>\n\t<meta property=\"og:image:width\" content=\"1000\" \/>\n\t<meta property=\"og:image:height\" content=\"1071\" \/>\n\t<meta property=\"og:image:type\" content=\"image\/png\" \/>\n<meta name=\"twitter:card\" content=\"summary_large_image\" \/>\n<meta name=\"twitter:label1\" content=\"Tiempo de lectura\" \/>\n\t<meta name=\"twitter:data1\" content=\"1 minuto\" \/>\n<script type=\"application\/ld+json\" class=\"yoast-schema-graph\">{\"@context\":\"https:\/\/schema.org\",\"@graph\":[{\"@type\":\"WebPage\",\"@id\":\"https:\/\/linerostelecom.cl\/index.php\/producto\/portatil-vertex-vx-80-uhf\/\",\"url\":\"https:\/\/linerostelecom.cl\/index.php\/producto\/portatil-vertex-vx-80-uhf\/\",\"name\":\"PORTATIL VERTEX VX-80 UHF - Lineros Telecomunicaciones\",\"isPartOf\":{\"@id\":\"https:\/\/linerostelecom.cl\/#website\"},\"datePublished\":\"2022-12-16T12:45:55+00:00\",\"dateModified\":\"2025-10-02T16:23:22+00:00\",\"breadcrumb\":{\"@id\":\"https:\/\/linerostelecom.cl\/index.php\/producto\/portatil-vertex-vx-80-uhf\/#breadcrumb\"},\"inLanguage\":\"es\",\"potentialAction\":[{\"@type\":\"ReadAction\",\"target\":[\"https:\/\/linerostelecom.cl\/index.php\/producto\/portatil-vertex-vx-80-uhf\/\"]}]},{\"@type\":\"BreadcrumbList\",\"@id\":\"https:\/\/linerostelecom.cl\/index.php\/producto\/portatil-vertex-vx-80-uhf\/#breadcrumb\",\"itemListElement\":[{\"@type\":\"ListItem\",\"position\":1,\"name\":\"Portada\",\"item\":\"https:\/\/linerostelecom.cl\/\"},{\"@type\":\"ListItem\",\"position\":2,\"name\":\"Tienda\",\"item\":\"https:\/\/linerostelecom.cl\/index.php\/tienda\/\"},{\"@type\":\"ListItem\",\"position\":3,\"name\":\"PORTATIL VERTEX VX-80 UHF\"}]},{\"@type\":\"WebSite\",\"@id\":\"https:\/\/linerostelecom.cl\/#website\",\"url\":\"https:\/\/linerostelecom.cl\/\",\"name\":\"Lineros Telecomunicaciones\",\"description\":\"Servicio y venta de productos para telecomunicaci\u00f3n.\",\"publisher\":{\"@id\":\"https:\/\/linerostelecom.cl\/#organization\"},\"alternateName\":\"Lineros telecom\",\"potentialAction\":[{\"@type\":\"SearchAction\",\"target\":{\"@type\":\"EntryPoint\",\"urlTemplate\":\"https:\/\/linerostelecom.cl\/?s={search_term_string}\"},\"query-input\":\"required name=search_term_string\"}],\"inLanguage\":\"es\"},{\"@type\":\"Organization\",\"@id\":\"https:\/\/linerostelecom.cl\/#organization\",\"name\":\"Lineros Telecomunicaciones\",\"alternateName\":\"Lineros Telecomunicaciones\",\"url\":\"https:\/\/linerostelecom.cl\/\",\"logo\":{\"@type\":\"ImageObject\",\"inLanguage\":\"es\",\"@id\":\"https:\/\/linerostelecom.cl\/#\/schema\/logo\/image\/\",\"url\":\"https:\/\/linerostelecom.cl\/wp-content\/uploads\/2022\/11\/LOGO-LINEROS-2.png\",\"contentUrl\":\"https:\/\/linerostelecom.cl\/wp-content\/uploads\/2022\/11\/LOGO-LINEROS-2.png\",\"width\":1648,\"height\":319,\"caption\":\"Lineros Telecomunicaciones\"},\"image\":{\"@id\":\"https:\/\/linerostelecom.cl\/#\/schema\/logo\/image\/\"}}]}<\/script>\n<!-- \/ Yoast SEO plugin. -->","yoast_head_json":{"title":"PORTATIL VERTEX VX-80 UHF - Lineros Telecomunicaciones","robots":{"index":"index","follow":"follow","max-snippet":"max-snippet:-1","max-image-preview":"max-image-preview:large","max-video-preview":"max-video-preview:-1"},"canonical":"https:\/\/linerostelecom.cl\/index.php\/producto\/portatil-vertex-vx-80-uhf\/","og_locale":"es_ES","og_type":"article","og_title":"PORTATIL VERTEX VX-80 UHF - Lineros Telecomunicaciones","og_description":"1. Rango de frecuencia 403-470 MHz  2. Cantidad de canales 16 canales  3. Voltaje de fuente de alimentaci\u00f3n 7.2 V CC  4. Espaciamiento de canal 25\/12.5 kHz  5. Duraci\u00f3n de la bater\u00eda (ciclo de operaci\u00f3n 5-5-90 con bater\u00eda de 1600mAh): 10 horas (con dispositivo de ahorro de bater\u00eda) \/ 8 horas (sin dispositivo de ahorro de bater\u00eda)  6. Clasificaci\u00f3n IP IP54  7. Rango de temperatura de funcionamiento -25\u00ba C to +60\u00ba C  8. Estabilidad de frecuencia +\/- 1.5ppm  9. Impedancia de entrada-salida RF: 50 ohms  10. Dimensiones (Al x An x P) 126 x 60 x 39 mm con FNB-Z165LI  11. Peso (aprox.) 250g (con bater\u00eda, antena, clip para cintur\u00f3n) Descargar Ficha","og_url":"https:\/\/linerostelecom.cl\/index.php\/producto\/portatil-vertex-vx-80-uhf\/","og_site_name":"Lineros Telecomunicaciones","article_modified_time":"2025-10-02T16:23:22+00:00","og_image":[{"width":1000,"height":1071,"url":"https:\/\/linerostelecom.cl\/wp-content\/uploads\/2022\/12\/Imagen1.png","type":"image\/png"}],"twitter_card":"summary_large_image","twitter_misc":{"Tiempo de lectura":"1 minuto"},"schema":{"@context":"https:\/\/schema.org","@graph":[{"@type":"WebPage","@id":"https:\/\/linerostelecom.cl\/index.php\/producto\/portatil-vertex-vx-80-uhf\/","url":"https:\/\/linerostelecom.cl\/index.php\/producto\/portatil-vertex-vx-80-uhf\/","name":"PORTATIL VERTEX VX-80 UHF - Lineros Telecomunicaciones","isPartOf":{"@id":"https:\/\/linerostelecom.cl\/#website"},"datePublished":"2022-12-16T12:45:55+00:00","dateModified":"2025-10-02T16:23:22+00:00","breadcrumb":{"@id":"https:\/\/linerostelecom.cl\/index.php\/producto\/portatil-vertex-vx-80-uhf\/#breadcrumb"},"inLanguage":"es","potentialAction":[{"@type":"ReadAction","target":["https:\/\/linerostelecom.cl\/index.php\/producto\/portatil-vertex-vx-80-uhf\/"]}]},{"@type":"BreadcrumbList","@id":"https:\/\/linerostelecom.cl\/index.php\/producto\/portatil-vertex-vx-80-uhf\/#breadcrumb","itemListElement":[{"@type":"ListItem","position":1,"name":"Portada","item":"https:\/\/linerostelecom.cl\/"},{"@type":"ListItem","position":2,"name":"Tienda","item":"https:\/\/linerostelecom.cl\/index.php\/tienda\/"},{"@type":"ListItem","position":3,"name":"PORTATIL VERTEX VX-80 UHF"}]},{"@type":"WebSite","@id":"https:\/\/linerostelecom.cl\/#website","url":"https:\/\/linerostelecom.cl\/","name":"Lineros Telecomunicaciones","description":"Servicio y venta de productos para telecomunicaci\u00f3n.","publisher":{"@id":"https:\/\/linerostelecom.cl\/#organization"},"alternateName":"Lineros telecom","potentialAction":[{"@type":"SearchAction","target":{"@type":"EntryPoint","urlTemplate":"https:\/\/linerostelecom.cl\/?s={search_term_string}"},"query-input":"required name=search_term_string"}],"inLanguage":"es"},{"@type":"Organization","@id":"https:\/\/linerostelecom.cl\/#organization","name":"Lineros Telecomunicaciones","alternateName":"Lineros Telecomunicaciones","url":"https:\/\/linerostelecom.cl\/","logo":{"@type":"ImageObject","inLanguage":"es","@id":"https:\/\/linerostelecom.cl\/#\/schema\/logo\/image\/","url":"https:\/\/linerostelecom.cl\/wp-content\/uploads\/2022\/11\/LOGO-LINEROS-2.png","contentUrl":"https:\/\/linerostelecom.cl\/wp-content\/uploads\/2022\/11\/LOGO-LINEROS-2.png","width":1648,"height":319,"caption":"Lineros Telecomunicaciones"},"image":{"@id":"https:\/\/linerostelecom.cl\/#\/schema\/logo\/image\/"}}]}},"_links":{"self":[{"href":"https:\/\/linerostelecom.cl\/index.php\/wp-json\/wp\/v2\/product\/21245612","targetHints":{"allow":["GET"]}}],"collection":[{"href":"https:\/\/linerostelecom.cl\/index.php\/wp-json\/wp\/v2\/product"}],"about":[{"href":"https:\/\/linerostelecom.cl\/index.php\/wp-json\/wp\/v2\/types\/product"}],"replies":[{"embeddable":true,"href":"https:\/\/linerostelecom.cl\/index.php\/wp-json\/wp\/v2\/comments?post=21245612"}],"wp:featuredmedia":[{"embeddable":true,"href":"https:\/\/linerostelecom.cl\/index.php\/wp-json\/wp\/v2\/media\/21245663"}],"wp:attachment":[{"href":"https:\/\/linerostelecom.cl\/index.php\/wp-json\/wp\/v2\/media?parent=21245612"}],"wp:term":[{"taxonomy":"product_cat","embeddable":true,"href":"https:\/\/linerostelecom.cl\/index.php\/wp-json\/wp\/v2\/product_cat?post=21245612"},{"taxonomy":"product_tag","embeddable":true,"href":"https:\/\/linerostelecom.cl\/index.php\/wp-json\/wp\/v2\/product_tag?post=21245612"}],"curies":[{"name":"wp","href":"https:\/\/api.w.org\/{rel}","templated":true}]}}