{"id":21245614,"date":"2022-12-16T09:46:03","date_gmt":"2022-12-16T12:46:03","guid":{"rendered":"https:\/\/linerostelecom.cl\/index.php\/producto\/portatil-dep250-digital-vhf\/"},"modified":"2025-10-02T13:23:25","modified_gmt":"2025-10-02T16:23:25","slug":"portatil-dep250-digital-vhf","status":"publish","type":"product","link":"https:\/\/linerostelecom.cl\/index.php\/producto\/portatil-dep250-digital-vhf\/","title":{"rendered":"PORTATIL DEP250 &#8211; DIGITAL VHF"},"content":{"rendered":"<p>1.\tModo dual anal\u00f3gico \/ digital: cubre todos los beneficios de las comunicaciones digitales, como por ejemplo calidad superior de sonido, mayor cobertura, mayor duraci\u00f3n de la bater\u00eda, al tiempo que mantiene la compatibilidad con las flotas de radios existentes.<\/p>\n<p>2.\tLa funci\u00f3n de anuncio de voz puede usar archivos de audio prefabricados para una f\u00e1cil operaci\u00f3n.<\/p>\n<p>3.\tLlamada simult\u00e1nea de doble ranura en modo de transferencia: para transmitir ambas ranuras de tiempo de forma simult\u00e1nea e independiente, generalmente se requiere una estaci\u00f3n repetidora para proporcionar una referencia de tiempo; la serie de radios puede sincronizarse y cooperar autom\u00e1ticamente sin la necesidad de una referencia de tiempo. Por lo tanto, ahora es posible usar dos intervalos de tiempo al mismo tiempo, multiplicando la capacidad y mejorando el rendimiento de la frecuencia sin tener que comprar repetidoras y equipos auxiliares asociados<\/p>\n<p>4.\tMensajes de texto preprogramados: los mensajes de texto preprogramados proporcionan una comunicaci\u00f3n r\u00e1pida y flexible. Se puede usar para transferir informaci\u00f3n a radios utilizados en entornos de mucho ruido, y tambi\u00e9n se puede usar para entregar informaci\u00f3n secreta.<\/p>\n<p>5.\tResistente al polvo y al agua con clasificaci\u00f3n IP54: dise\u00f1ado para ser resistente al agua y al polvo, lo que le permite trabajar en entornos hostiles con mayor confianza.<\/p>\n","protected":false},"excerpt":{"rendered":"<p>1.\tRango de frecuencia 136-174 MHz <\/p>\n<p>2.\tCantidad de canales 16 canales <\/p>\n<p>3.\tEspaciamiento de canal 12.5 kHz \/ 25 kHz <\/p>\n<p>4.\tDuraci\u00f3n de la bater\u00eda (ciclo de operaci\u00f3n 5-5-90 con bater\u00eda de 1750mAh): Anal\u00f3gico 10.7 hrs \/ Digital 14.4 hrs <\/p>\n<p>5.\tClasificaci\u00f3n IP IP54 <\/p>\n<p>6.\tRango de temperatura de funcionamiento -30\u00b0C2\/ +60\u00b0C <\/p>\n<p>7.\tEstabilidad de frecuencia +\/- 1.5ppm <\/p>\n<p>8.\tDimensiones (Al x An x P) 120 x 55 x 34,7 mm<\/p>\n<p>9.\tPeso (aprox.) 276 g <\/p>\n<p><a href=\"https:\/\/linerostelecom.cl\/wp-content\/uploads\/2022\/12\/dep250.pdf\" download class=\"btn-descargas\">Descargar Ficha<\/a><\/p>\n","protected":false},"featured_media":21245665,"comment_status":"closed","ping_status":"closed","template":"","meta":{"_et_pb_use_builder":"","_et_pb_old_content":"","_et_gb_content_width":""},"product_cat":[38,37],"product_tag":[57,45,44],"class_list":["post-21245614","product","type-product","status-publish","has-post-thumbnail","hentry","product_cat-equipos-portatiles","product_cat-portatiles","product_tag-dep250","product_tag-digital","product_tag-vhf"],"yoast_head":"<!-- This site is optimized with the Yoast SEO plugin v21.0 - https:\/\/yoast.com\/wordpress\/plugins\/seo\/ -->\n<title>PORTATIL DEP250 - DIGITAL VHF - Lineros Telecomunicaciones<\/title>\n<meta name=\"robots\" content=\"index, follow, max-snippet:-1, max-image-preview:large, max-video-preview:-1\" \/>\n<link rel=\"canonical\" href=\"https:\/\/linerostelecom.cl\/index.php\/producto\/portatil-dep250-digital-vhf\/\" \/>\n<meta property=\"og:locale\" content=\"es_ES\" \/>\n<meta property=\"og:type\" content=\"article\" \/>\n<meta property=\"og:title\" content=\"PORTATIL DEP250 - DIGITAL VHF - Lineros Telecomunicaciones\" \/>\n<meta property=\"og:description\" content=\"1. Rango de frecuencia 136-174 MHz   2. Cantidad de canales 16 canales   3. Espaciamiento de canal 12.5 kHz \/ 25 kHz   4. Duraci\u00f3n de la bater\u00eda (ciclo de operaci\u00f3n 5-5-90 con bater\u00eda de 1750mAh): Anal\u00f3gico 10.7 hrs \/ Digital 14.4 hrs   5. Clasificaci\u00f3n IP IP54   6. Rango de temperatura de funcionamiento -30\u00b0C2\/ +60\u00b0C   7. Estabilidad de frecuencia +\/- 1.5ppm   8. Dimensiones (Al x An x P) 120 x 55 x 34,7 mm  9. Peso (aprox.) 276 g   Descargar Ficha\" \/>\n<meta property=\"og:url\" content=\"https:\/\/linerostelecom.cl\/index.php\/producto\/portatil-dep250-digital-vhf\/\" \/>\n<meta property=\"og:site_name\" content=\"Lineros Telecomunicaciones\" \/>\n<meta property=\"article:modified_time\" content=\"2025-10-02T16:23:25+00:00\" \/>\n<meta property=\"og:image\" content=\"https:\/\/linerostelecom.cl\/wp-content\/uploads\/2022\/12\/Imagen3.png\" \/>\n\t<meta property=\"og:image:width\" content=\"400\" \/>\n\t<meta property=\"og:image:height\" content=\"400\" \/>\n\t<meta property=\"og:image:type\" content=\"image\/png\" \/>\n<meta name=\"twitter:card\" content=\"summary_large_image\" \/>\n<meta name=\"twitter:label1\" content=\"Tiempo de lectura\" \/>\n\t<meta name=\"twitter:data1\" content=\"1 minuto\" \/>\n<script type=\"application\/ld+json\" class=\"yoast-schema-graph\">{\"@context\":\"https:\/\/schema.org\",\"@graph\":[{\"@type\":\"WebPage\",\"@id\":\"https:\/\/linerostelecom.cl\/index.php\/producto\/portatil-dep250-digital-vhf\/\",\"url\":\"https:\/\/linerostelecom.cl\/index.php\/producto\/portatil-dep250-digital-vhf\/\",\"name\":\"PORTATIL DEP250 - DIGITAL VHF - Lineros Telecomunicaciones\",\"isPartOf\":{\"@id\":\"https:\/\/linerostelecom.cl\/#website\"},\"datePublished\":\"2022-12-16T12:46:03+00:00\",\"dateModified\":\"2025-10-02T16:23:25+00:00\",\"breadcrumb\":{\"@id\":\"https:\/\/linerostelecom.cl\/index.php\/producto\/portatil-dep250-digital-vhf\/#breadcrumb\"},\"inLanguage\":\"es\",\"potentialAction\":[{\"@type\":\"ReadAction\",\"target\":[\"https:\/\/linerostelecom.cl\/index.php\/producto\/portatil-dep250-digital-vhf\/\"]}]},{\"@type\":\"BreadcrumbList\",\"@id\":\"https:\/\/linerostelecom.cl\/index.php\/producto\/portatil-dep250-digital-vhf\/#breadcrumb\",\"itemListElement\":[{\"@type\":\"ListItem\",\"position\":1,\"name\":\"Portada\",\"item\":\"https:\/\/linerostelecom.cl\/\"},{\"@type\":\"ListItem\",\"position\":2,\"name\":\"Tienda\",\"item\":\"https:\/\/linerostelecom.cl\/index.php\/tienda\/\"},{\"@type\":\"ListItem\",\"position\":3,\"name\":\"PORTATIL DEP250 &#8211; DIGITAL VHF\"}]},{\"@type\":\"WebSite\",\"@id\":\"https:\/\/linerostelecom.cl\/#website\",\"url\":\"https:\/\/linerostelecom.cl\/\",\"name\":\"Lineros Telecomunicaciones\",\"description\":\"Servicio y venta de productos para telecomunicaci\u00f3n.\",\"publisher\":{\"@id\":\"https:\/\/linerostelecom.cl\/#organization\"},\"alternateName\":\"Lineros telecom\",\"potentialAction\":[{\"@type\":\"SearchAction\",\"target\":{\"@type\":\"EntryPoint\",\"urlTemplate\":\"https:\/\/linerostelecom.cl\/?s={search_term_string}\"},\"query-input\":\"required name=search_term_string\"}],\"inLanguage\":\"es\"},{\"@type\":\"Organization\",\"@id\":\"https:\/\/linerostelecom.cl\/#organization\",\"name\":\"Lineros Telecomunicaciones\",\"alternateName\":\"Lineros Telecomunicaciones\",\"url\":\"https:\/\/linerostelecom.cl\/\",\"logo\":{\"@type\":\"ImageObject\",\"inLanguage\":\"es\",\"@id\":\"https:\/\/linerostelecom.cl\/#\/schema\/logo\/image\/\",\"url\":\"https:\/\/linerostelecom.cl\/wp-content\/uploads\/2022\/11\/LOGO-LINEROS-2.png\",\"contentUrl\":\"https:\/\/linerostelecom.cl\/wp-content\/uploads\/2022\/11\/LOGO-LINEROS-2.png\",\"width\":1648,\"height\":319,\"caption\":\"Lineros Telecomunicaciones\"},\"image\":{\"@id\":\"https:\/\/linerostelecom.cl\/#\/schema\/logo\/image\/\"}}]}<\/script>\n<!-- \/ Yoast SEO plugin. -->","yoast_head_json":{"title":"PORTATIL DEP250 - DIGITAL VHF - Lineros Telecomunicaciones","robots":{"index":"index","follow":"follow","max-snippet":"max-snippet:-1","max-image-preview":"max-image-preview:large","max-video-preview":"max-video-preview:-1"},"canonical":"https:\/\/linerostelecom.cl\/index.php\/producto\/portatil-dep250-digital-vhf\/","og_locale":"es_ES","og_type":"article","og_title":"PORTATIL DEP250 - DIGITAL VHF - Lineros Telecomunicaciones","og_description":"1. Rango de frecuencia 136-174 MHz   2. Cantidad de canales 16 canales   3. Espaciamiento de canal 12.5 kHz \/ 25 kHz   4. Duraci\u00f3n de la bater\u00eda (ciclo de operaci\u00f3n 5-5-90 con bater\u00eda de 1750mAh): Anal\u00f3gico 10.7 hrs \/ Digital 14.4 hrs   5. Clasificaci\u00f3n IP IP54   6. Rango de temperatura de funcionamiento -30\u00b0C2\/ +60\u00b0C   7. Estabilidad de frecuencia +\/- 1.5ppm   8. Dimensiones (Al x An x P) 120 x 55 x 34,7 mm  9. Peso (aprox.) 276 g   Descargar Ficha","og_url":"https:\/\/linerostelecom.cl\/index.php\/producto\/portatil-dep250-digital-vhf\/","og_site_name":"Lineros Telecomunicaciones","article_modified_time":"2025-10-02T16:23:25+00:00","og_image":[{"width":400,"height":400,"url":"https:\/\/linerostelecom.cl\/wp-content\/uploads\/2022\/12\/Imagen3.png","type":"image\/png"}],"twitter_card":"summary_large_image","twitter_misc":{"Tiempo de lectura":"1 minuto"},"schema":{"@context":"https:\/\/schema.org","@graph":[{"@type":"WebPage","@id":"https:\/\/linerostelecom.cl\/index.php\/producto\/portatil-dep250-digital-vhf\/","url":"https:\/\/linerostelecom.cl\/index.php\/producto\/portatil-dep250-digital-vhf\/","name":"PORTATIL DEP250 - DIGITAL VHF - Lineros Telecomunicaciones","isPartOf":{"@id":"https:\/\/linerostelecom.cl\/#website"},"datePublished":"2022-12-16T12:46:03+00:00","dateModified":"2025-10-02T16:23:25+00:00","breadcrumb":{"@id":"https:\/\/linerostelecom.cl\/index.php\/producto\/portatil-dep250-digital-vhf\/#breadcrumb"},"inLanguage":"es","potentialAction":[{"@type":"ReadAction","target":["https:\/\/linerostelecom.cl\/index.php\/producto\/portatil-dep250-digital-vhf\/"]}]},{"@type":"BreadcrumbList","@id":"https:\/\/linerostelecom.cl\/index.php\/producto\/portatil-dep250-digital-vhf\/#breadcrumb","itemListElement":[{"@type":"ListItem","position":1,"name":"Portada","item":"https:\/\/linerostelecom.cl\/"},{"@type":"ListItem","position":2,"name":"Tienda","item":"https:\/\/linerostelecom.cl\/index.php\/tienda\/"},{"@type":"ListItem","position":3,"name":"PORTATIL DEP250 &#8211; DIGITAL VHF"}]},{"@type":"WebSite","@id":"https:\/\/linerostelecom.cl\/#website","url":"https:\/\/linerostelecom.cl\/","name":"Lineros Telecomunicaciones","description":"Servicio y venta de productos para telecomunicaci\u00f3n.","publisher":{"@id":"https:\/\/linerostelecom.cl\/#organization"},"alternateName":"Lineros telecom","potentialAction":[{"@type":"SearchAction","target":{"@type":"EntryPoint","urlTemplate":"https:\/\/linerostelecom.cl\/?s={search_term_string}"},"query-input":"required name=search_term_string"}],"inLanguage":"es"},{"@type":"Organization","@id":"https:\/\/linerostelecom.cl\/#organization","name":"Lineros Telecomunicaciones","alternateName":"Lineros Telecomunicaciones","url":"https:\/\/linerostelecom.cl\/","logo":{"@type":"ImageObject","inLanguage":"es","@id":"https:\/\/linerostelecom.cl\/#\/schema\/logo\/image\/","url":"https:\/\/linerostelecom.cl\/wp-content\/uploads\/2022\/11\/LOGO-LINEROS-2.png","contentUrl":"https:\/\/linerostelecom.cl\/wp-content\/uploads\/2022\/11\/LOGO-LINEROS-2.png","width":1648,"height":319,"caption":"Lineros Telecomunicaciones"},"image":{"@id":"https:\/\/linerostelecom.cl\/#\/schema\/logo\/image\/"}}]}},"_links":{"self":[{"href":"https:\/\/linerostelecom.cl\/index.php\/wp-json\/wp\/v2\/product\/21245614","targetHints":{"allow":["GET"]}}],"collection":[{"href":"https:\/\/linerostelecom.cl\/index.php\/wp-json\/wp\/v2\/product"}],"about":[{"href":"https:\/\/linerostelecom.cl\/index.php\/wp-json\/wp\/v2\/types\/product"}],"replies":[{"embeddable":true,"href":"https:\/\/linerostelecom.cl\/index.php\/wp-json\/wp\/v2\/comments?post=21245614"}],"wp:featuredmedia":[{"embeddable":true,"href":"https:\/\/linerostelecom.cl\/index.php\/wp-json\/wp\/v2\/media\/21245665"}],"wp:attachment":[{"href":"https:\/\/linerostelecom.cl\/index.php\/wp-json\/wp\/v2\/media?parent=21245614"}],"wp:term":[{"taxonomy":"product_cat","embeddable":true,"href":"https:\/\/linerostelecom.cl\/index.php\/wp-json\/wp\/v2\/product_cat?post=21245614"},{"taxonomy":"product_tag","embeddable":true,"href":"https:\/\/linerostelecom.cl\/index.php\/wp-json\/wp\/v2\/product_tag?post=21245614"}],"curies":[{"name":"wp","href":"https:\/\/api.w.org\/{rel}","templated":true}]}}