{"id":21245616,"date":"2022-12-16T09:46:08","date_gmt":"2022-12-16T12:46:08","guid":{"rendered":"https:\/\/linerostelecom.cl\/index.php\/producto\/dem300-analogo\/"},"modified":"2025-10-02T13:23:27","modified_gmt":"2025-10-02T16:23:27","slug":"dem300-analogo","status":"publish","type":"product","link":"https:\/\/linerostelecom.cl\/index.php\/producto\/dem300-analogo\/","title":{"rendered":"DEM300 &#8211; ANALOGO"},"content":{"rendered":"<p>1.\tSu capacidad de interrupci\u00f3n de transmisi\u00f3n permite que un usuario interrumpa la conversaci\u00f3n de otro radio para transmitir una comunicaci\u00f3n esencial, exactamente en el momento y lugar necesarios.<\/p>\n<p>2.\tCompatible con el conjunto de aplicaciones de administraci\u00f3n del radio: programa sus radios r\u00e1pidamente y de manera eficaz, mediante la herramienta de administraci\u00f3n de radios. Los radios se pueden programar por lotes seg\u00fan una plantilla estandarizada, lo que evita errores y obtiene mejor rendimiento.<\/p>\n<p>3.\tClasificado IP54: resistente al polvo y derrames, as\u00ed que puede trabajar con confianza en entornos desafiantes.<\/p>\n","protected":false},"excerpt":{"rendered":"<p>1.\tRango de frecuencia 136-174 MHz <\/p>\n<p>2.\tCantidad de canales 16 canales <\/p>\n<p>3.\tEspaciamiento de canal 12.5 kHz \/ 25 kHz <\/p>\n<p>4.\tPotencia 45W<\/p>\n<p>5.\tClasificaci\u00f3n IP IP54 <\/p>\n<p>6.\tEstabilidad de frecuencia (Ref. -30\u00b0C, +60\u00b0C, +25\u00b0C) +\/- 0,5ppm <\/p>\n<p>7.\tDimensiones (Al x An x P) 44 x 169 x 134 mm<\/p>\n<p>8.\tPeso (aprox.) 1,3 kg<\/p>\n<p><a href=\"https:\/\/linerostelecom.cl\/wp-content\/uploads\/2022\/12\/dem300_dem400.pdf\" download class=\"btn-descargas\">Descargar Ficha<\/a><\/p>\n","protected":false},"featured_media":21245666,"comment_status":"closed","ping_status":"closed","template":"","meta":{"_et_pb_use_builder":"","_et_pb_old_content":"","_et_gb_content_width":""},"product_cat":[36,35],"product_tag":[46,49,44],"class_list":["post-21245616","product","type-product","status-publish","has-post-thumbnail","hentry","product_cat-equipos","product_cat-moviles","product_tag-analogo","product_tag-dem300","product_tag-vhf"],"yoast_head":"<!-- This site is optimized with the Yoast SEO plugin v21.0 - https:\/\/yoast.com\/wordpress\/plugins\/seo\/ -->\n<title>DEM300 - ANALOGO - Lineros Telecomunicaciones<\/title>\n<meta name=\"robots\" content=\"index, follow, max-snippet:-1, max-image-preview:large, max-video-preview:-1\" \/>\n<link rel=\"canonical\" href=\"https:\/\/linerostelecom.cl\/index.php\/producto\/dem300-analogo\/\" \/>\n<meta property=\"og:locale\" content=\"es_ES\" \/>\n<meta property=\"og:type\" content=\"article\" \/>\n<meta property=\"og:title\" content=\"DEM300 - ANALOGO - Lineros Telecomunicaciones\" \/>\n<meta property=\"og:description\" content=\"1. Rango de frecuencia 136-174 MHz   2. Cantidad de canales 16 canales   3. Espaciamiento de canal 12.5 kHz \/ 25 kHz   4. Potencia 45W  5. Clasificaci\u00f3n IP IP54   6. Estabilidad de frecuencia (Ref. -30\u00b0C, +60\u00b0C, +25\u00b0C) +\/- 0,5ppm   7. Dimensiones (Al x An x P) 44 x 169 x 134 mm  8. Peso (aprox.) 1,3 kg  Descargar Ficha\" \/>\n<meta property=\"og:url\" content=\"https:\/\/linerostelecom.cl\/index.php\/producto\/dem300-analogo\/\" \/>\n<meta property=\"og:site_name\" content=\"Lineros Telecomunicaciones\" \/>\n<meta property=\"article:modified_time\" content=\"2025-10-02T16:23:27+00:00\" \/>\n<meta property=\"og:image\" content=\"https:\/\/linerostelecom.cl\/wp-content\/uploads\/2022\/12\/Imagen4.png\" \/>\n\t<meta property=\"og:image:width\" content=\"600\" \/>\n\t<meta property=\"og:image:height\" content=\"600\" \/>\n\t<meta property=\"og:image:type\" content=\"image\/png\" \/>\n<meta name=\"twitter:card\" content=\"summary_large_image\" \/>\n<script type=\"application\/ld+json\" class=\"yoast-schema-graph\">{\"@context\":\"https:\/\/schema.org\",\"@graph\":[{\"@type\":\"WebPage\",\"@id\":\"https:\/\/linerostelecom.cl\/index.php\/producto\/dem300-analogo\/\",\"url\":\"https:\/\/linerostelecom.cl\/index.php\/producto\/dem300-analogo\/\",\"name\":\"DEM300 - ANALOGO - Lineros Telecomunicaciones\",\"isPartOf\":{\"@id\":\"https:\/\/linerostelecom.cl\/#website\"},\"datePublished\":\"2022-12-16T12:46:08+00:00\",\"dateModified\":\"2025-10-02T16:23:27+00:00\",\"breadcrumb\":{\"@id\":\"https:\/\/linerostelecom.cl\/index.php\/producto\/dem300-analogo\/#breadcrumb\"},\"inLanguage\":\"es\",\"potentialAction\":[{\"@type\":\"ReadAction\",\"target\":[\"https:\/\/linerostelecom.cl\/index.php\/producto\/dem300-analogo\/\"]}]},{\"@type\":\"BreadcrumbList\",\"@id\":\"https:\/\/linerostelecom.cl\/index.php\/producto\/dem300-analogo\/#breadcrumb\",\"itemListElement\":[{\"@type\":\"ListItem\",\"position\":1,\"name\":\"Portada\",\"item\":\"https:\/\/linerostelecom.cl\/\"},{\"@type\":\"ListItem\",\"position\":2,\"name\":\"Tienda\",\"item\":\"https:\/\/linerostelecom.cl\/index.php\/tienda\/\"},{\"@type\":\"ListItem\",\"position\":3,\"name\":\"DEM300 &#8211; ANALOGO\"}]},{\"@type\":\"WebSite\",\"@id\":\"https:\/\/linerostelecom.cl\/#website\",\"url\":\"https:\/\/linerostelecom.cl\/\",\"name\":\"Lineros Telecomunicaciones\",\"description\":\"Servicio y venta de productos para telecomunicaci\u00f3n.\",\"publisher\":{\"@id\":\"https:\/\/linerostelecom.cl\/#organization\"},\"alternateName\":\"Lineros telecom\",\"potentialAction\":[{\"@type\":\"SearchAction\",\"target\":{\"@type\":\"EntryPoint\",\"urlTemplate\":\"https:\/\/linerostelecom.cl\/?s={search_term_string}\"},\"query-input\":\"required name=search_term_string\"}],\"inLanguage\":\"es\"},{\"@type\":\"Organization\",\"@id\":\"https:\/\/linerostelecom.cl\/#organization\",\"name\":\"Lineros Telecomunicaciones\",\"alternateName\":\"Lineros Telecomunicaciones\",\"url\":\"https:\/\/linerostelecom.cl\/\",\"logo\":{\"@type\":\"ImageObject\",\"inLanguage\":\"es\",\"@id\":\"https:\/\/linerostelecom.cl\/#\/schema\/logo\/image\/\",\"url\":\"https:\/\/linerostelecom.cl\/wp-content\/uploads\/2022\/11\/LOGO-LINEROS-2.png\",\"contentUrl\":\"https:\/\/linerostelecom.cl\/wp-content\/uploads\/2022\/11\/LOGO-LINEROS-2.png\",\"width\":1648,\"height\":319,\"caption\":\"Lineros Telecomunicaciones\"},\"image\":{\"@id\":\"https:\/\/linerostelecom.cl\/#\/schema\/logo\/image\/\"}}]}<\/script>\n<!-- \/ Yoast SEO plugin. -->","yoast_head_json":{"title":"DEM300 - ANALOGO - Lineros Telecomunicaciones","robots":{"index":"index","follow":"follow","max-snippet":"max-snippet:-1","max-image-preview":"max-image-preview:large","max-video-preview":"max-video-preview:-1"},"canonical":"https:\/\/linerostelecom.cl\/index.php\/producto\/dem300-analogo\/","og_locale":"es_ES","og_type":"article","og_title":"DEM300 - ANALOGO - Lineros Telecomunicaciones","og_description":"1. Rango de frecuencia 136-174 MHz   2. Cantidad de canales 16 canales   3. Espaciamiento de canal 12.5 kHz \/ 25 kHz   4. Potencia 45W  5. Clasificaci\u00f3n IP IP54   6. Estabilidad de frecuencia (Ref. -30\u00b0C, +60\u00b0C, +25\u00b0C) +\/- 0,5ppm   7. Dimensiones (Al x An x P) 44 x 169 x 134 mm  8. Peso (aprox.) 1,3 kg  Descargar Ficha","og_url":"https:\/\/linerostelecom.cl\/index.php\/producto\/dem300-analogo\/","og_site_name":"Lineros Telecomunicaciones","article_modified_time":"2025-10-02T16:23:27+00:00","og_image":[{"width":600,"height":600,"url":"https:\/\/linerostelecom.cl\/wp-content\/uploads\/2022\/12\/Imagen4.png","type":"image\/png"}],"twitter_card":"summary_large_image","schema":{"@context":"https:\/\/schema.org","@graph":[{"@type":"WebPage","@id":"https:\/\/linerostelecom.cl\/index.php\/producto\/dem300-analogo\/","url":"https:\/\/linerostelecom.cl\/index.php\/producto\/dem300-analogo\/","name":"DEM300 - ANALOGO - Lineros Telecomunicaciones","isPartOf":{"@id":"https:\/\/linerostelecom.cl\/#website"},"datePublished":"2022-12-16T12:46:08+00:00","dateModified":"2025-10-02T16:23:27+00:00","breadcrumb":{"@id":"https:\/\/linerostelecom.cl\/index.php\/producto\/dem300-analogo\/#breadcrumb"},"inLanguage":"es","potentialAction":[{"@type":"ReadAction","target":["https:\/\/linerostelecom.cl\/index.php\/producto\/dem300-analogo\/"]}]},{"@type":"BreadcrumbList","@id":"https:\/\/linerostelecom.cl\/index.php\/producto\/dem300-analogo\/#breadcrumb","itemListElement":[{"@type":"ListItem","position":1,"name":"Portada","item":"https:\/\/linerostelecom.cl\/"},{"@type":"ListItem","position":2,"name":"Tienda","item":"https:\/\/linerostelecom.cl\/index.php\/tienda\/"},{"@type":"ListItem","position":3,"name":"DEM300 &#8211; ANALOGO"}]},{"@type":"WebSite","@id":"https:\/\/linerostelecom.cl\/#website","url":"https:\/\/linerostelecom.cl\/","name":"Lineros Telecomunicaciones","description":"Servicio y venta de productos para telecomunicaci\u00f3n.","publisher":{"@id":"https:\/\/linerostelecom.cl\/#organization"},"alternateName":"Lineros telecom","potentialAction":[{"@type":"SearchAction","target":{"@type":"EntryPoint","urlTemplate":"https:\/\/linerostelecom.cl\/?s={search_term_string}"},"query-input":"required name=search_term_string"}],"inLanguage":"es"},{"@type":"Organization","@id":"https:\/\/linerostelecom.cl\/#organization","name":"Lineros Telecomunicaciones","alternateName":"Lineros Telecomunicaciones","url":"https:\/\/linerostelecom.cl\/","logo":{"@type":"ImageObject","inLanguage":"es","@id":"https:\/\/linerostelecom.cl\/#\/schema\/logo\/image\/","url":"https:\/\/linerostelecom.cl\/wp-content\/uploads\/2022\/11\/LOGO-LINEROS-2.png","contentUrl":"https:\/\/linerostelecom.cl\/wp-content\/uploads\/2022\/11\/LOGO-LINEROS-2.png","width":1648,"height":319,"caption":"Lineros Telecomunicaciones"},"image":{"@id":"https:\/\/linerostelecom.cl\/#\/schema\/logo\/image\/"}}]}},"_links":{"self":[{"href":"https:\/\/linerostelecom.cl\/index.php\/wp-json\/wp\/v2\/product\/21245616","targetHints":{"allow":["GET"]}}],"collection":[{"href":"https:\/\/linerostelecom.cl\/index.php\/wp-json\/wp\/v2\/product"}],"about":[{"href":"https:\/\/linerostelecom.cl\/index.php\/wp-json\/wp\/v2\/types\/product"}],"replies":[{"embeddable":true,"href":"https:\/\/linerostelecom.cl\/index.php\/wp-json\/wp\/v2\/comments?post=21245616"}],"wp:featuredmedia":[{"embeddable":true,"href":"https:\/\/linerostelecom.cl\/index.php\/wp-json\/wp\/v2\/media\/21245666"}],"wp:attachment":[{"href":"https:\/\/linerostelecom.cl\/index.php\/wp-json\/wp\/v2\/media?parent=21245616"}],"wp:term":[{"taxonomy":"product_cat","embeddable":true,"href":"https:\/\/linerostelecom.cl\/index.php\/wp-json\/wp\/v2\/product_cat?post=21245616"},{"taxonomy":"product_tag","embeddable":true,"href":"https:\/\/linerostelecom.cl\/index.php\/wp-json\/wp\/v2\/product_tag?post=21245616"}],"curies":[{"name":"wp","href":"https:\/\/api.w.org\/{rel}","templated":true}]}}