{"id":21245632,"date":"2022-12-16T09:47:07","date_gmt":"2022-12-16T12:47:07","guid":{"rendered":"https:\/\/linerostelecom.cl\/index.php\/producto\/movil-dem500-25w\/"},"modified":"2025-10-02T13:24:02","modified_gmt":"2025-10-02T16:24:02","slug":"movil-dem500-25w","status":"publish","type":"product","link":"https:\/\/linerostelecom.cl\/index.php\/producto\/movil-dem500-25w\/","title":{"rendered":"MOVIL DEM500 25W"},"content":{"rendered":"<p>1.\tFuncionalidad Transmit Interrupt permite que un usuario interrumpa una conversaci\u00f3n de radio para transmitir una comunicaci\u00f3n cr\u00edtica en el momento y lugar necesarios.<\/p>\n<p>2.\tCompatible con el conjunto de aplicaciones de administraci\u00f3n de radio: programe sus radios con rapidez y eficacia mediante la herramienta de administraci\u00f3n de radio. Los radios se pueden programar en lotes seg\u00fan una plantilla estandarizada, lo que garantiza resultados sin errores y un rendimiento \u00f3ptimo.<\/p>\n<p>3.\tProgramaci\u00f3n remota (OTAP): administra, escribe y lee hasta 5.000 configuraciones de radio por aire.<\/p>\n<p>4.\tAudio inteligente: el volumen del radio se ajusta autom\u00e1ticamente para compensar el ruido de fondo y, de esta forma, evitar que los trabajadores deban ajustar el volumen de su radio para evitar perder llamadas en condiciones de mucho ruido y molestar a otros cuando se alejan a lugares menos ruidosos.<\/p>\n<p>5.\tPrivacidad mejorada: codificaci\u00f3n integrada para mayor seguridad.<\/p>\n<p>6.\tAudio IMPRES\u2122: ya sea un murmullo durante una operaci\u00f3n encubierta en un callej\u00f3n oscuro o en un contexto con mucho ruido en donde se deben dar \u00f3rdenes, como en un incendio, los accesorios de audio IMPRES tienen un volumen alto y son claros, tanto en modo anal\u00f3gico como digital.<\/p>\n<p>7.\tFuncionalidad de los sistemas: experimente la cobertura de gran alcance de MOTOTRBO. IP Site Connect utiliza Internet para extender la cobertura y crear una red de \u00e1rea amplia, mientras que el enlace troncal de sitio individual Capacity Plus expande la capacidad a m\u00e1s de 1.000 usuarios sin agregar frecuencias nuevas.<\/p>\n<p>8.\tCon calificaci\u00f3n IP54 \u2013 protege su radio de la lluvia intensa.<\/p>\n","protected":false},"excerpt":{"rendered":"<p>1.\tRango de frecuencia 136-174 MHz <\/p>\n<p>2.\tCantidad de canales 128 canales <\/p>\n<p>3.\tEspaciamiento de canal 12.5 kHz\/ 25 kHz <\/p>\n<p>4.\tPotencia 1-25W<\/p>\n<p>5.\tClasificaci\u00f3n IP IP54 <\/p>\n<p>6.\tEstabilidad de frecuencia (Ref. -30\u00b0C, +60\u00b0C, +25\u00b0C) +\/- 0,5ppm <\/p>\n<p>7.\tDimensiones (Al x An x P) 44 x 169 x 134 mm<\/p>\n<p>8.\tPeso (aprox.) 1,3 kg<\/p>\n<p><a href=\"https:\/\/linerostelecom.cl\/wp-content\/uploads\/2022\/12\/dem500.pdf\" download class=\"btn-descargas\">Descargar Ficha<\/a><\/p>\n","protected":false},"featured_media":21245729,"comment_status":"closed","ping_status":"closed","template":"","meta":{"_et_pb_use_builder":"","_et_pb_old_content":"","_et_gb_content_width":""},"product_cat":[36,35],"product_tag":[51,45,44],"class_list":["post-21245632","product","type-product","status-publish","has-post-thumbnail","hentry","product_cat-equipos","product_cat-moviles","product_tag-dem500","product_tag-digital","product_tag-vhf"],"yoast_head":"<!-- This site is optimized with the Yoast SEO plugin v21.0 - https:\/\/yoast.com\/wordpress\/plugins\/seo\/ -->\n<title>MOVIL DEM500 25W - Lineros Telecomunicaciones<\/title>\n<meta name=\"robots\" content=\"index, follow, max-snippet:-1, max-image-preview:large, max-video-preview:-1\" \/>\n<link rel=\"canonical\" href=\"https:\/\/linerostelecom.cl\/index.php\/producto\/movil-dem500-25w\/\" \/>\n<meta property=\"og:locale\" content=\"es_ES\" \/>\n<meta property=\"og:type\" content=\"article\" \/>\n<meta property=\"og:title\" content=\"MOVIL DEM500 25W - Lineros Telecomunicaciones\" \/>\n<meta property=\"og:description\" content=\"1. Rango de frecuencia 136-174 MHz  2. Cantidad de canales 128 canales  3. Espaciamiento de canal 12.5 kHz\/ 25 kHz  4. Potencia 1-25W 5. Clasificaci\u00f3n IP IP54  6. Estabilidad de frecuencia (Ref. -30\u00b0C, +60\u00b0C, +25\u00b0C) +\/- 0,5ppm  7. Dimensiones (Al x An x P) 44 x 169 x 134 mm 8. Peso (aprox.) 1,3 kg Descargar Ficha\" \/>\n<meta property=\"og:url\" content=\"https:\/\/linerostelecom.cl\/index.php\/producto\/movil-dem500-25w\/\" \/>\n<meta property=\"og:site_name\" content=\"Lineros Telecomunicaciones\" \/>\n<meta property=\"article:modified_time\" content=\"2025-10-02T16:24:02+00:00\" \/>\n<meta property=\"og:image\" content=\"https:\/\/linerostelecom.cl\/wp-content\/uploads\/2022\/12\/Imagen18.jpg\" \/>\n\t<meta property=\"og:image:width\" content=\"500\" \/>\n\t<meta property=\"og:image:height\" content=\"500\" \/>\n\t<meta property=\"og:image:type\" content=\"image\/jpeg\" \/>\n<meta name=\"twitter:card\" content=\"summary_large_image\" \/>\n<meta name=\"twitter:label1\" content=\"Tiempo de lectura\" \/>\n\t<meta name=\"twitter:data1\" content=\"1 minuto\" \/>\n<script type=\"application\/ld+json\" class=\"yoast-schema-graph\">{\"@context\":\"https:\/\/schema.org\",\"@graph\":[{\"@type\":\"WebPage\",\"@id\":\"https:\/\/linerostelecom.cl\/index.php\/producto\/movil-dem500-25w\/\",\"url\":\"https:\/\/linerostelecom.cl\/index.php\/producto\/movil-dem500-25w\/\",\"name\":\"MOVIL DEM500 25W - Lineros Telecomunicaciones\",\"isPartOf\":{\"@id\":\"https:\/\/linerostelecom.cl\/#website\"},\"datePublished\":\"2022-12-16T12:47:07+00:00\",\"dateModified\":\"2025-10-02T16:24:02+00:00\",\"breadcrumb\":{\"@id\":\"https:\/\/linerostelecom.cl\/index.php\/producto\/movil-dem500-25w\/#breadcrumb\"},\"inLanguage\":\"es\",\"potentialAction\":[{\"@type\":\"ReadAction\",\"target\":[\"https:\/\/linerostelecom.cl\/index.php\/producto\/movil-dem500-25w\/\"]}]},{\"@type\":\"BreadcrumbList\",\"@id\":\"https:\/\/linerostelecom.cl\/index.php\/producto\/movil-dem500-25w\/#breadcrumb\",\"itemListElement\":[{\"@type\":\"ListItem\",\"position\":1,\"name\":\"Portada\",\"item\":\"https:\/\/linerostelecom.cl\/\"},{\"@type\":\"ListItem\",\"position\":2,\"name\":\"Tienda\",\"item\":\"https:\/\/linerostelecom.cl\/index.php\/tienda\/\"},{\"@type\":\"ListItem\",\"position\":3,\"name\":\"MOVIL DEM500 25W\"}]},{\"@type\":\"WebSite\",\"@id\":\"https:\/\/linerostelecom.cl\/#website\",\"url\":\"https:\/\/linerostelecom.cl\/\",\"name\":\"Lineros Telecomunicaciones\",\"description\":\"Servicio y venta de productos para telecomunicaci\u00f3n.\",\"publisher\":{\"@id\":\"https:\/\/linerostelecom.cl\/#organization\"},\"alternateName\":\"Lineros telecom\",\"potentialAction\":[{\"@type\":\"SearchAction\",\"target\":{\"@type\":\"EntryPoint\",\"urlTemplate\":\"https:\/\/linerostelecom.cl\/?s={search_term_string}\"},\"query-input\":\"required name=search_term_string\"}],\"inLanguage\":\"es\"},{\"@type\":\"Organization\",\"@id\":\"https:\/\/linerostelecom.cl\/#organization\",\"name\":\"Lineros Telecomunicaciones\",\"alternateName\":\"Lineros Telecomunicaciones\",\"url\":\"https:\/\/linerostelecom.cl\/\",\"logo\":{\"@type\":\"ImageObject\",\"inLanguage\":\"es\",\"@id\":\"https:\/\/linerostelecom.cl\/#\/schema\/logo\/image\/\",\"url\":\"https:\/\/linerostelecom.cl\/wp-content\/uploads\/2022\/11\/LOGO-LINEROS-2.png\",\"contentUrl\":\"https:\/\/linerostelecom.cl\/wp-content\/uploads\/2022\/11\/LOGO-LINEROS-2.png\",\"width\":1648,\"height\":319,\"caption\":\"Lineros Telecomunicaciones\"},\"image\":{\"@id\":\"https:\/\/linerostelecom.cl\/#\/schema\/logo\/image\/\"}}]}<\/script>\n<!-- \/ Yoast SEO plugin. -->","yoast_head_json":{"title":"MOVIL DEM500 25W - Lineros Telecomunicaciones","robots":{"index":"index","follow":"follow","max-snippet":"max-snippet:-1","max-image-preview":"max-image-preview:large","max-video-preview":"max-video-preview:-1"},"canonical":"https:\/\/linerostelecom.cl\/index.php\/producto\/movil-dem500-25w\/","og_locale":"es_ES","og_type":"article","og_title":"MOVIL DEM500 25W - Lineros Telecomunicaciones","og_description":"1. Rango de frecuencia 136-174 MHz  2. Cantidad de canales 128 canales  3. Espaciamiento de canal 12.5 kHz\/ 25 kHz  4. Potencia 1-25W 5. Clasificaci\u00f3n IP IP54  6. Estabilidad de frecuencia (Ref. -30\u00b0C, +60\u00b0C, +25\u00b0C) +\/- 0,5ppm  7. Dimensiones (Al x An x P) 44 x 169 x 134 mm 8. Peso (aprox.) 1,3 kg Descargar Ficha","og_url":"https:\/\/linerostelecom.cl\/index.php\/producto\/movil-dem500-25w\/","og_site_name":"Lineros Telecomunicaciones","article_modified_time":"2025-10-02T16:24:02+00:00","og_image":[{"width":500,"height":500,"url":"https:\/\/linerostelecom.cl\/wp-content\/uploads\/2022\/12\/Imagen18.jpg","type":"image\/jpeg"}],"twitter_card":"summary_large_image","twitter_misc":{"Tiempo de lectura":"1 minuto"},"schema":{"@context":"https:\/\/schema.org","@graph":[{"@type":"WebPage","@id":"https:\/\/linerostelecom.cl\/index.php\/producto\/movil-dem500-25w\/","url":"https:\/\/linerostelecom.cl\/index.php\/producto\/movil-dem500-25w\/","name":"MOVIL DEM500 25W - Lineros Telecomunicaciones","isPartOf":{"@id":"https:\/\/linerostelecom.cl\/#website"},"datePublished":"2022-12-16T12:47:07+00:00","dateModified":"2025-10-02T16:24:02+00:00","breadcrumb":{"@id":"https:\/\/linerostelecom.cl\/index.php\/producto\/movil-dem500-25w\/#breadcrumb"},"inLanguage":"es","potentialAction":[{"@type":"ReadAction","target":["https:\/\/linerostelecom.cl\/index.php\/producto\/movil-dem500-25w\/"]}]},{"@type":"BreadcrumbList","@id":"https:\/\/linerostelecom.cl\/index.php\/producto\/movil-dem500-25w\/#breadcrumb","itemListElement":[{"@type":"ListItem","position":1,"name":"Portada","item":"https:\/\/linerostelecom.cl\/"},{"@type":"ListItem","position":2,"name":"Tienda","item":"https:\/\/linerostelecom.cl\/index.php\/tienda\/"},{"@type":"ListItem","position":3,"name":"MOVIL DEM500 25W"}]},{"@type":"WebSite","@id":"https:\/\/linerostelecom.cl\/#website","url":"https:\/\/linerostelecom.cl\/","name":"Lineros Telecomunicaciones","description":"Servicio y venta de productos para telecomunicaci\u00f3n.","publisher":{"@id":"https:\/\/linerostelecom.cl\/#organization"},"alternateName":"Lineros telecom","potentialAction":[{"@type":"SearchAction","target":{"@type":"EntryPoint","urlTemplate":"https:\/\/linerostelecom.cl\/?s={search_term_string}"},"query-input":"required name=search_term_string"}],"inLanguage":"es"},{"@type":"Organization","@id":"https:\/\/linerostelecom.cl\/#organization","name":"Lineros Telecomunicaciones","alternateName":"Lineros Telecomunicaciones","url":"https:\/\/linerostelecom.cl\/","logo":{"@type":"ImageObject","inLanguage":"es","@id":"https:\/\/linerostelecom.cl\/#\/schema\/logo\/image\/","url":"https:\/\/linerostelecom.cl\/wp-content\/uploads\/2022\/11\/LOGO-LINEROS-2.png","contentUrl":"https:\/\/linerostelecom.cl\/wp-content\/uploads\/2022\/11\/LOGO-LINEROS-2.png","width":1648,"height":319,"caption":"Lineros Telecomunicaciones"},"image":{"@id":"https:\/\/linerostelecom.cl\/#\/schema\/logo\/image\/"}}]}},"_links":{"self":[{"href":"https:\/\/linerostelecom.cl\/index.php\/wp-json\/wp\/v2\/product\/21245632","targetHints":{"allow":["GET"]}}],"collection":[{"href":"https:\/\/linerostelecom.cl\/index.php\/wp-json\/wp\/v2\/product"}],"about":[{"href":"https:\/\/linerostelecom.cl\/index.php\/wp-json\/wp\/v2\/types\/product"}],"replies":[{"embeddable":true,"href":"https:\/\/linerostelecom.cl\/index.php\/wp-json\/wp\/v2\/comments?post=21245632"}],"wp:featuredmedia":[{"embeddable":true,"href":"https:\/\/linerostelecom.cl\/index.php\/wp-json\/wp\/v2\/media\/21245729"}],"wp:attachment":[{"href":"https:\/\/linerostelecom.cl\/index.php\/wp-json\/wp\/v2\/media?parent=21245632"}],"wp:term":[{"taxonomy":"product_cat","embeddable":true,"href":"https:\/\/linerostelecom.cl\/index.php\/wp-json\/wp\/v2\/product_cat?post=21245632"},{"taxonomy":"product_tag","embeddable":true,"href":"https:\/\/linerostelecom.cl\/index.php\/wp-json\/wp\/v2\/product_tag?post=21245632"}],"curies":[{"name":"wp","href":"https:\/\/api.w.org\/{rel}","templated":true}]}}