{"id":21245641,"date":"2022-12-16T09:47:32","date_gmt":"2022-12-16T12:47:32","guid":{"rendered":"https:\/\/linerostelecom.cl\/index.php\/producto\/movil-digital-dgm5500e-uhf-40w\/"},"modified":"2025-10-02T13:24:22","modified_gmt":"2025-10-02T16:24:22","slug":"movil-digital-dgm5500e-uhf-40w","status":"publish","type":"product","link":"https:\/\/linerostelecom.cl\/index.php\/producto\/movil-digital-dgm5500e-uhf-40w\/","title":{"rendered":"MOVIL DIGITAL DGM5500e UHF 40W"},"content":{"rendered":"<p>1.\tCon voz y datos de alto desempe\u00f1o integrados y funciones avanzadas para un funcionamiento eficiente, estos radios ofrecen niveles m\u00e1ximos de conectividad para su organizaci\u00f3n.<\/p>\n<p>2.\tBluetooth\u00ae 4.0 con capacidad de ubicaci\u00f3n y seguimiento para interiores<\/p>\n<p>3.\tGPS de constelaciones m\u00faltiples para mayor precisi\u00f3n en ubicaci\u00f3n <\/p>\n<p>4.\tWi-Fi integrado con capacidad de actualizaci\u00f3n de firmware por aire<\/p>\n<p>5.\tCapacidad de ampliaci\u00f3n mejorada para funciones futuras<\/p>\n","protected":false},"excerpt":{"rendered":"<p>1.\tRango de frecuencia 450-527 MHz <\/p>\n<p>2.\tCantidad de canales 32 canales <\/p>\n<p>3.\tEspaciamiento de canal 12.5 kHz\/ 20 kHz\/ 25 kHz <\/p>\n<p>4.\tPotencia 40W<\/p>\n<p>5.\tClasificaci\u00f3n IP IP54<\/p>\n<p>6.\tEstabilidad de frecuencia +\/- 0,5ppm <\/p>\n<p>7.\tDimensiones (Al x An x P) 53 x 175 x 206 mm<\/p>\n<p>8.\tPeso (aprox.) 1,8 kg<\/p>\n<p><a href=\"https:\/\/linerostelecom.cl\/wp-content\/uploads\/2022\/12\/dgm8000e5000e-1.pdf\" download class=\"btn-descargas\">Descargar Ficha<\/a><\/p>\n","protected":false},"featured_media":21245726,"comment_status":"closed","ping_status":"closed","template":"","meta":{"_et_pb_use_builder":"","_et_pb_old_content":"","_et_gb_content_width":""},"product_cat":[36,35],"product_tag":[53,45,42],"class_list":["post-21245641","product","type-product","status-publish","has-post-thumbnail","hentry","product_cat-equipos","product_cat-moviles","product_tag-dgm5500e","product_tag-digital","product_tag-uhf"],"yoast_head":"<!-- This site is optimized with the Yoast SEO plugin v21.0 - https:\/\/yoast.com\/wordpress\/plugins\/seo\/ -->\n<title>MOVIL DIGITAL DGM5500e UHF 40W - Lineros Telecomunicaciones<\/title>\n<meta name=\"robots\" content=\"index, follow, max-snippet:-1, max-image-preview:large, max-video-preview:-1\" \/>\n<link rel=\"canonical\" href=\"https:\/\/linerostelecom.cl\/index.php\/producto\/movil-digital-dgm5500e-uhf-40w\/\" \/>\n<meta property=\"og:locale\" content=\"es_ES\" \/>\n<meta property=\"og:type\" content=\"article\" \/>\n<meta property=\"og:title\" content=\"MOVIL DIGITAL DGM5500e UHF 40W - Lineros Telecomunicaciones\" \/>\n<meta property=\"og:description\" content=\"1. Rango de frecuencia 450-527 MHz  2. Cantidad de canales 32 canales  3. Espaciamiento de canal 12.5 kHz\/ 20 kHz\/ 25 kHz  4. Potencia 40W 5. Clasificaci\u00f3n IP IP54 6. Estabilidad de frecuencia +\/- 0,5ppm  7. Dimensiones (Al x An x P) 53 x 175 x 206 mm 8. Peso (aprox.) 1,8 kg Descargar Ficha\" \/>\n<meta property=\"og:url\" content=\"https:\/\/linerostelecom.cl\/index.php\/producto\/movil-digital-dgm5500e-uhf-40w\/\" \/>\n<meta property=\"og:site_name\" content=\"Lineros Telecomunicaciones\" \/>\n<meta property=\"article:modified_time\" content=\"2025-10-02T16:24:22+00:00\" \/>\n<meta property=\"og:image\" content=\"https:\/\/linerostelecom.cl\/wp-content\/uploads\/2022\/12\/Imagen21.jpg\" \/>\n\t<meta property=\"og:image:width\" content=\"1200\" \/>\n\t<meta property=\"og:image:height\" content=\"1200\" \/>\n\t<meta property=\"og:image:type\" content=\"image\/jpeg\" \/>\n<meta name=\"twitter:card\" content=\"summary_large_image\" \/>\n<script type=\"application\/ld+json\" class=\"yoast-schema-graph\">{\"@context\":\"https:\/\/schema.org\",\"@graph\":[{\"@type\":\"WebPage\",\"@id\":\"https:\/\/linerostelecom.cl\/index.php\/producto\/movil-digital-dgm5500e-uhf-40w\/\",\"url\":\"https:\/\/linerostelecom.cl\/index.php\/producto\/movil-digital-dgm5500e-uhf-40w\/\",\"name\":\"MOVIL DIGITAL DGM5500e UHF 40W - Lineros Telecomunicaciones\",\"isPartOf\":{\"@id\":\"https:\/\/linerostelecom.cl\/#website\"},\"datePublished\":\"2022-12-16T12:47:32+00:00\",\"dateModified\":\"2025-10-02T16:24:22+00:00\",\"breadcrumb\":{\"@id\":\"https:\/\/linerostelecom.cl\/index.php\/producto\/movil-digital-dgm5500e-uhf-40w\/#breadcrumb\"},\"inLanguage\":\"es\",\"potentialAction\":[{\"@type\":\"ReadAction\",\"target\":[\"https:\/\/linerostelecom.cl\/index.php\/producto\/movil-digital-dgm5500e-uhf-40w\/\"]}]},{\"@type\":\"BreadcrumbList\",\"@id\":\"https:\/\/linerostelecom.cl\/index.php\/producto\/movil-digital-dgm5500e-uhf-40w\/#breadcrumb\",\"itemListElement\":[{\"@type\":\"ListItem\",\"position\":1,\"name\":\"Portada\",\"item\":\"https:\/\/linerostelecom.cl\/\"},{\"@type\":\"ListItem\",\"position\":2,\"name\":\"Tienda\",\"item\":\"https:\/\/linerostelecom.cl\/index.php\/tienda\/\"},{\"@type\":\"ListItem\",\"position\":3,\"name\":\"MOVIL DIGITAL DGM5500e UHF 40W\"}]},{\"@type\":\"WebSite\",\"@id\":\"https:\/\/linerostelecom.cl\/#website\",\"url\":\"https:\/\/linerostelecom.cl\/\",\"name\":\"Lineros Telecomunicaciones\",\"description\":\"Servicio y venta de productos para telecomunicaci\u00f3n.\",\"publisher\":{\"@id\":\"https:\/\/linerostelecom.cl\/#organization\"},\"alternateName\":\"Lineros telecom\",\"potentialAction\":[{\"@type\":\"SearchAction\",\"target\":{\"@type\":\"EntryPoint\",\"urlTemplate\":\"https:\/\/linerostelecom.cl\/?s={search_term_string}\"},\"query-input\":\"required name=search_term_string\"}],\"inLanguage\":\"es\"},{\"@type\":\"Organization\",\"@id\":\"https:\/\/linerostelecom.cl\/#organization\",\"name\":\"Lineros Telecomunicaciones\",\"alternateName\":\"Lineros Telecomunicaciones\",\"url\":\"https:\/\/linerostelecom.cl\/\",\"logo\":{\"@type\":\"ImageObject\",\"inLanguage\":\"es\",\"@id\":\"https:\/\/linerostelecom.cl\/#\/schema\/logo\/image\/\",\"url\":\"https:\/\/linerostelecom.cl\/wp-content\/uploads\/2022\/11\/LOGO-LINEROS-2.png\",\"contentUrl\":\"https:\/\/linerostelecom.cl\/wp-content\/uploads\/2022\/11\/LOGO-LINEROS-2.png\",\"width\":1648,\"height\":319,\"caption\":\"Lineros Telecomunicaciones\"},\"image\":{\"@id\":\"https:\/\/linerostelecom.cl\/#\/schema\/logo\/image\/\"}}]}<\/script>\n<!-- \/ Yoast SEO plugin. -->","yoast_head_json":{"title":"MOVIL DIGITAL DGM5500e UHF 40W - Lineros Telecomunicaciones","robots":{"index":"index","follow":"follow","max-snippet":"max-snippet:-1","max-image-preview":"max-image-preview:large","max-video-preview":"max-video-preview:-1"},"canonical":"https:\/\/linerostelecom.cl\/index.php\/producto\/movil-digital-dgm5500e-uhf-40w\/","og_locale":"es_ES","og_type":"article","og_title":"MOVIL DIGITAL DGM5500e UHF 40W - Lineros Telecomunicaciones","og_description":"1. Rango de frecuencia 450-527 MHz  2. Cantidad de canales 32 canales  3. Espaciamiento de canal 12.5 kHz\/ 20 kHz\/ 25 kHz  4. Potencia 40W 5. Clasificaci\u00f3n IP IP54 6. Estabilidad de frecuencia +\/- 0,5ppm  7. Dimensiones (Al x An x P) 53 x 175 x 206 mm 8. Peso (aprox.) 1,8 kg Descargar Ficha","og_url":"https:\/\/linerostelecom.cl\/index.php\/producto\/movil-digital-dgm5500e-uhf-40w\/","og_site_name":"Lineros Telecomunicaciones","article_modified_time":"2025-10-02T16:24:22+00:00","og_image":[{"width":1200,"height":1200,"url":"https:\/\/linerostelecom.cl\/wp-content\/uploads\/2022\/12\/Imagen21.jpg","type":"image\/jpeg"}],"twitter_card":"summary_large_image","schema":{"@context":"https:\/\/schema.org","@graph":[{"@type":"WebPage","@id":"https:\/\/linerostelecom.cl\/index.php\/producto\/movil-digital-dgm5500e-uhf-40w\/","url":"https:\/\/linerostelecom.cl\/index.php\/producto\/movil-digital-dgm5500e-uhf-40w\/","name":"MOVIL DIGITAL DGM5500e UHF 40W - Lineros Telecomunicaciones","isPartOf":{"@id":"https:\/\/linerostelecom.cl\/#website"},"datePublished":"2022-12-16T12:47:32+00:00","dateModified":"2025-10-02T16:24:22+00:00","breadcrumb":{"@id":"https:\/\/linerostelecom.cl\/index.php\/producto\/movil-digital-dgm5500e-uhf-40w\/#breadcrumb"},"inLanguage":"es","potentialAction":[{"@type":"ReadAction","target":["https:\/\/linerostelecom.cl\/index.php\/producto\/movil-digital-dgm5500e-uhf-40w\/"]}]},{"@type":"BreadcrumbList","@id":"https:\/\/linerostelecom.cl\/index.php\/producto\/movil-digital-dgm5500e-uhf-40w\/#breadcrumb","itemListElement":[{"@type":"ListItem","position":1,"name":"Portada","item":"https:\/\/linerostelecom.cl\/"},{"@type":"ListItem","position":2,"name":"Tienda","item":"https:\/\/linerostelecom.cl\/index.php\/tienda\/"},{"@type":"ListItem","position":3,"name":"MOVIL DIGITAL DGM5500e UHF 40W"}]},{"@type":"WebSite","@id":"https:\/\/linerostelecom.cl\/#website","url":"https:\/\/linerostelecom.cl\/","name":"Lineros Telecomunicaciones","description":"Servicio y venta de productos para telecomunicaci\u00f3n.","publisher":{"@id":"https:\/\/linerostelecom.cl\/#organization"},"alternateName":"Lineros telecom","potentialAction":[{"@type":"SearchAction","target":{"@type":"EntryPoint","urlTemplate":"https:\/\/linerostelecom.cl\/?s={search_term_string}"},"query-input":"required name=search_term_string"}],"inLanguage":"es"},{"@type":"Organization","@id":"https:\/\/linerostelecom.cl\/#organization","name":"Lineros Telecomunicaciones","alternateName":"Lineros Telecomunicaciones","url":"https:\/\/linerostelecom.cl\/","logo":{"@type":"ImageObject","inLanguage":"es","@id":"https:\/\/linerostelecom.cl\/#\/schema\/logo\/image\/","url":"https:\/\/linerostelecom.cl\/wp-content\/uploads\/2022\/11\/LOGO-LINEROS-2.png","contentUrl":"https:\/\/linerostelecom.cl\/wp-content\/uploads\/2022\/11\/LOGO-LINEROS-2.png","width":1648,"height":319,"caption":"Lineros Telecomunicaciones"},"image":{"@id":"https:\/\/linerostelecom.cl\/#\/schema\/logo\/image\/"}}]}},"_links":{"self":[{"href":"https:\/\/linerostelecom.cl\/index.php\/wp-json\/wp\/v2\/product\/21245641","targetHints":{"allow":["GET"]}}],"collection":[{"href":"https:\/\/linerostelecom.cl\/index.php\/wp-json\/wp\/v2\/product"}],"about":[{"href":"https:\/\/linerostelecom.cl\/index.php\/wp-json\/wp\/v2\/types\/product"}],"replies":[{"embeddable":true,"href":"https:\/\/linerostelecom.cl\/index.php\/wp-json\/wp\/v2\/comments?post=21245641"}],"wp:featuredmedia":[{"embeddable":true,"href":"https:\/\/linerostelecom.cl\/index.php\/wp-json\/wp\/v2\/media\/21245726"}],"wp:attachment":[{"href":"https:\/\/linerostelecom.cl\/index.php\/wp-json\/wp\/v2\/media?parent=21245641"}],"wp:term":[{"taxonomy":"product_cat","embeddable":true,"href":"https:\/\/linerostelecom.cl\/index.php\/wp-json\/wp\/v2\/product_cat?post=21245641"},{"taxonomy":"product_tag","embeddable":true,"href":"https:\/\/linerostelecom.cl\/index.php\/wp-json\/wp\/v2\/product_tag?post=21245641"}],"curies":[{"name":"wp","href":"https:\/\/api.w.org\/{rel}","templated":true}]}}