{"id":21245989,"date":"2023-08-11T17:26:24","date_gmt":"2023-08-11T20:26:24","guid":{"rendered":"https:\/\/linerostelecom.cl\/index.php\/producto\/portatil-r7-con-display-vhf-capable\/"},"modified":"2025-10-02T13:24:40","modified_gmt":"2025-10-02T16:24:40","slug":"portatil-r7-con-display-vhf-capable","status":"publish","type":"product","link":"https:\/\/linerostelecom.cl\/index.php\/producto\/portatil-r7-con-display-vhf-capable\/","title":{"rendered":"PORTATIL R7 CON DISPLAY VHF CAPABLE"},"content":{"rendered":"<p><img loading=\"lazy\" decoding=\"async\" class=\"aligncenter wp-image-21245998 size-large\" src=\"https:\/\/linerostelecom.cl\/wp-content\/uploads\/2023\/08\/R7_espec-1024x226.png\" alt=\"\" width=\"1024\" height=\"226\" srcset=\"https:\/\/linerostelecom.cl\/wp-content\/uploads\/2023\/08\/R7_espec-1024x226.png 1024w, https:\/\/linerostelecom.cl\/wp-content\/uploads\/2023\/08\/R7_espec-980x216.png 980w, https:\/\/linerostelecom.cl\/wp-content\/uploads\/2023\/08\/R7_espec-480x106.png 480w\" sizes=\"auto, (min-width: 0px) and (max-width: 480px) 480px, (min-width: 481px) and (max-width: 980px) 980px, (min-width: 981px) 1024px, 100vw\" \/><\/p>\n<p>Proporcionando un nivel superior de cancelaci\u00f3n de ruido, volumen y claridad, el MOTOTRBO R7, se destaca en casos en que las comunicaciones de audio sean un reto, para que su equipo pueda escuchar y ser escuchado en cualquier lugar en el que opere, incluso en los entornos m\u00e1s ruidosos.<\/p>\n<p>Construcci\u00f3n robusta, listo para mantener a su equipo conectado con cobertura de voz personalizada y equipado con cobertura de servicio y funciones de seguridad con visi\u00f3n de futuro para minimizar el tiempo de inactividad del dispositivo, MOTOTRBO R7 ha sido dise\u00f1ado para empresas y probado para resistir los entornos m\u00e1s dif\u00edciles.<\/p>\n<p>A prueba del futuro para las necesidades de comunicaci\u00f3n de su equipo hoy y ma\u00f1ana, con actualizaciones de dise\u00f1o y opciones de conectividad modernas y con visi\u00f3n en el futuro, para mantener a su equipo conectado ahora y en el futuro.<\/p>\n","protected":false},"excerpt":{"rendered":"<p>MOTOTRBO R7 ofrece capacidades de audio revolucionarias en un dispositivo con grandes caracter\u00edsticas. Su procesamiento de audio avanzado garantiza comunicaciones fuertes y claras, su dise\u00f1o robusto est\u00e1 preparado para entornos dif\u00edciles, y las opciones avanzadas de conectividad preparan a su personal al futuro.<\/p>\n<p><a class=\"btn-descargas\" href=\"https:\/\/linerostelecom.cl\/wp-content\/uploads\/2023\/08\/Mototrbo-r7_brochure-ES-2.pdf\" download=\"\">Brochure R7<\/a><\/p>\n<p><a class=\"btn-descargas\" href=\"https:\/\/linerostelecom.cl\/wp-content\/uploads\/2023\/08\/DataSheet_MototrboR7_ES.pdf\" download=\"\">Especificaciones<\/a><\/p>\n","protected":false},"featured_media":21245959,"comment_status":"closed","ping_status":"closed","template":"","meta":{"_et_pb_use_builder":"","_et_pb_old_content":"","_et_gb_content_width":""},"product_cat":[38,37],"product_tag":[45,64,44],"class_list":["post-21245989","product","type-product","status-publish","has-post-thumbnail","hentry","product_cat-equipos-portatiles","product_cat-portatiles","product_tag-digital","product_tag-r7","product_tag-vhf"],"yoast_head":"<!-- This site is optimized with the Yoast SEO plugin v21.0 - https:\/\/yoast.com\/wordpress\/plugins\/seo\/ -->\n<title>PORTATIL R7 CON DISPLAY VHF CAPABLE - Lineros Telecomunicaciones<\/title>\n<meta name=\"robots\" content=\"index, follow, max-snippet:-1, max-image-preview:large, max-video-preview:-1\" \/>\n<link rel=\"canonical\" href=\"https:\/\/linerostelecom.cl\/index.php\/producto\/portatil-r7-con-display-vhf-capable\/\" \/>\n<meta property=\"og:locale\" content=\"es_ES\" \/>\n<meta property=\"og:type\" content=\"article\" \/>\n<meta property=\"og:title\" content=\"PORTATIL R7 CON DISPLAY VHF CAPABLE - Lineros Telecomunicaciones\" \/>\n<meta property=\"og:description\" content=\"MOTOTRBO R7 ofrece capacidades de audio revolucionarias en un dispositivo con grandes caracter\u00edsticas. Su procesamiento de audio avanzado garantiza comunicaciones fuertes y claras, su dise\u00f1o robusto est\u00e1 preparado para entornos dif\u00edciles, y las opciones avanzadas de conectividad preparan a su personal al futuro.  Brochure R7  Especificaciones\" \/>\n<meta property=\"og:url\" content=\"https:\/\/linerostelecom.cl\/index.php\/producto\/portatil-r7-con-display-vhf-capable\/\" \/>\n<meta property=\"og:site_name\" content=\"Lineros Telecomunicaciones\" \/>\n<meta property=\"article:modified_time\" content=\"2025-10-02T16:24:40+00:00\" \/>\n<meta property=\"og:image\" content=\"https:\/\/linerostelecom.cl\/wp-content\/uploads\/2023\/08\/R7-Display-1.jpg\" \/>\n\t<meta property=\"og:image:width\" content=\"1200\" \/>\n\t<meta property=\"og:image:height\" content=\"1200\" \/>\n\t<meta property=\"og:image:type\" content=\"image\/jpeg\" \/>\n<meta name=\"twitter:card\" content=\"summary_large_image\" \/>\n<meta name=\"twitter:label1\" content=\"Tiempo de lectura\" \/>\n\t<meta name=\"twitter:data1\" content=\"1 minuto\" \/>\n<script type=\"application\/ld+json\" class=\"yoast-schema-graph\">{\"@context\":\"https:\/\/schema.org\",\"@graph\":[{\"@type\":\"WebPage\",\"@id\":\"https:\/\/linerostelecom.cl\/index.php\/producto\/portatil-r7-con-display-vhf-capable\/\",\"url\":\"https:\/\/linerostelecom.cl\/index.php\/producto\/portatil-r7-con-display-vhf-capable\/\",\"name\":\"PORTATIL R7 CON DISPLAY VHF CAPABLE - Lineros Telecomunicaciones\",\"isPartOf\":{\"@id\":\"https:\/\/linerostelecom.cl\/#website\"},\"datePublished\":\"2023-08-11T20:26:24+00:00\",\"dateModified\":\"2025-10-02T16:24:40+00:00\",\"breadcrumb\":{\"@id\":\"https:\/\/linerostelecom.cl\/index.php\/producto\/portatil-r7-con-display-vhf-capable\/#breadcrumb\"},\"inLanguage\":\"es\",\"potentialAction\":[{\"@type\":\"ReadAction\",\"target\":[\"https:\/\/linerostelecom.cl\/index.php\/producto\/portatil-r7-con-display-vhf-capable\/\"]}]},{\"@type\":\"BreadcrumbList\",\"@id\":\"https:\/\/linerostelecom.cl\/index.php\/producto\/portatil-r7-con-display-vhf-capable\/#breadcrumb\",\"itemListElement\":[{\"@type\":\"ListItem\",\"position\":1,\"name\":\"Portada\",\"item\":\"https:\/\/linerostelecom.cl\/\"},{\"@type\":\"ListItem\",\"position\":2,\"name\":\"Tienda\",\"item\":\"https:\/\/linerostelecom.cl\/index.php\/tienda\/\"},{\"@type\":\"ListItem\",\"position\":3,\"name\":\"PORTATIL R7 CON DISPLAY VHF CAPABLE\"}]},{\"@type\":\"WebSite\",\"@id\":\"https:\/\/linerostelecom.cl\/#website\",\"url\":\"https:\/\/linerostelecom.cl\/\",\"name\":\"Lineros Telecomunicaciones\",\"description\":\"Servicio y venta de productos para telecomunicaci\u00f3n.\",\"publisher\":{\"@id\":\"https:\/\/linerostelecom.cl\/#organization\"},\"alternateName\":\"Lineros telecom\",\"potentialAction\":[{\"@type\":\"SearchAction\",\"target\":{\"@type\":\"EntryPoint\",\"urlTemplate\":\"https:\/\/linerostelecom.cl\/?s={search_term_string}\"},\"query-input\":\"required name=search_term_string\"}],\"inLanguage\":\"es\"},{\"@type\":\"Organization\",\"@id\":\"https:\/\/linerostelecom.cl\/#organization\",\"name\":\"Lineros Telecomunicaciones\",\"alternateName\":\"Lineros Telecomunicaciones\",\"url\":\"https:\/\/linerostelecom.cl\/\",\"logo\":{\"@type\":\"ImageObject\",\"inLanguage\":\"es\",\"@id\":\"https:\/\/linerostelecom.cl\/#\/schema\/logo\/image\/\",\"url\":\"https:\/\/linerostelecom.cl\/wp-content\/uploads\/2022\/11\/LOGO-LINEROS-2.png\",\"contentUrl\":\"https:\/\/linerostelecom.cl\/wp-content\/uploads\/2022\/11\/LOGO-LINEROS-2.png\",\"width\":1648,\"height\":319,\"caption\":\"Lineros Telecomunicaciones\"},\"image\":{\"@id\":\"https:\/\/linerostelecom.cl\/#\/schema\/logo\/image\/\"}}]}<\/script>\n<!-- \/ Yoast SEO plugin. -->","yoast_head_json":{"title":"PORTATIL R7 CON DISPLAY VHF CAPABLE - Lineros Telecomunicaciones","robots":{"index":"index","follow":"follow","max-snippet":"max-snippet:-1","max-image-preview":"max-image-preview:large","max-video-preview":"max-video-preview:-1"},"canonical":"https:\/\/linerostelecom.cl\/index.php\/producto\/portatil-r7-con-display-vhf-capable\/","og_locale":"es_ES","og_type":"article","og_title":"PORTATIL R7 CON DISPLAY VHF CAPABLE - Lineros Telecomunicaciones","og_description":"MOTOTRBO R7 ofrece capacidades de audio revolucionarias en un dispositivo con grandes caracter\u00edsticas. Su procesamiento de audio avanzado garantiza comunicaciones fuertes y claras, su dise\u00f1o robusto est\u00e1 preparado para entornos dif\u00edciles, y las opciones avanzadas de conectividad preparan a su personal al futuro.  Brochure R7  Especificaciones","og_url":"https:\/\/linerostelecom.cl\/index.php\/producto\/portatil-r7-con-display-vhf-capable\/","og_site_name":"Lineros Telecomunicaciones","article_modified_time":"2025-10-02T16:24:40+00:00","og_image":[{"width":1200,"height":1200,"url":"https:\/\/linerostelecom.cl\/wp-content\/uploads\/2023\/08\/R7-Display-1.jpg","type":"image\/jpeg"}],"twitter_card":"summary_large_image","twitter_misc":{"Tiempo de lectura":"1 minuto"},"schema":{"@context":"https:\/\/schema.org","@graph":[{"@type":"WebPage","@id":"https:\/\/linerostelecom.cl\/index.php\/producto\/portatil-r7-con-display-vhf-capable\/","url":"https:\/\/linerostelecom.cl\/index.php\/producto\/portatil-r7-con-display-vhf-capable\/","name":"PORTATIL R7 CON DISPLAY VHF CAPABLE - Lineros Telecomunicaciones","isPartOf":{"@id":"https:\/\/linerostelecom.cl\/#website"},"datePublished":"2023-08-11T20:26:24+00:00","dateModified":"2025-10-02T16:24:40+00:00","breadcrumb":{"@id":"https:\/\/linerostelecom.cl\/index.php\/producto\/portatil-r7-con-display-vhf-capable\/#breadcrumb"},"inLanguage":"es","potentialAction":[{"@type":"ReadAction","target":["https:\/\/linerostelecom.cl\/index.php\/producto\/portatil-r7-con-display-vhf-capable\/"]}]},{"@type":"BreadcrumbList","@id":"https:\/\/linerostelecom.cl\/index.php\/producto\/portatil-r7-con-display-vhf-capable\/#breadcrumb","itemListElement":[{"@type":"ListItem","position":1,"name":"Portada","item":"https:\/\/linerostelecom.cl\/"},{"@type":"ListItem","position":2,"name":"Tienda","item":"https:\/\/linerostelecom.cl\/index.php\/tienda\/"},{"@type":"ListItem","position":3,"name":"PORTATIL R7 CON DISPLAY VHF CAPABLE"}]},{"@type":"WebSite","@id":"https:\/\/linerostelecom.cl\/#website","url":"https:\/\/linerostelecom.cl\/","name":"Lineros Telecomunicaciones","description":"Servicio y venta de productos para telecomunicaci\u00f3n.","publisher":{"@id":"https:\/\/linerostelecom.cl\/#organization"},"alternateName":"Lineros telecom","potentialAction":[{"@type":"SearchAction","target":{"@type":"EntryPoint","urlTemplate":"https:\/\/linerostelecom.cl\/?s={search_term_string}"},"query-input":"required name=search_term_string"}],"inLanguage":"es"},{"@type":"Organization","@id":"https:\/\/linerostelecom.cl\/#organization","name":"Lineros Telecomunicaciones","alternateName":"Lineros Telecomunicaciones","url":"https:\/\/linerostelecom.cl\/","logo":{"@type":"ImageObject","inLanguage":"es","@id":"https:\/\/linerostelecom.cl\/#\/schema\/logo\/image\/","url":"https:\/\/linerostelecom.cl\/wp-content\/uploads\/2022\/11\/LOGO-LINEROS-2.png","contentUrl":"https:\/\/linerostelecom.cl\/wp-content\/uploads\/2022\/11\/LOGO-LINEROS-2.png","width":1648,"height":319,"caption":"Lineros Telecomunicaciones"},"image":{"@id":"https:\/\/linerostelecom.cl\/#\/schema\/logo\/image\/"}}]}},"_links":{"self":[{"href":"https:\/\/linerostelecom.cl\/index.php\/wp-json\/wp\/v2\/product\/21245989","targetHints":{"allow":["GET"]}}],"collection":[{"href":"https:\/\/linerostelecom.cl\/index.php\/wp-json\/wp\/v2\/product"}],"about":[{"href":"https:\/\/linerostelecom.cl\/index.php\/wp-json\/wp\/v2\/types\/product"}],"replies":[{"embeddable":true,"href":"https:\/\/linerostelecom.cl\/index.php\/wp-json\/wp\/v2\/comments?post=21245989"}],"wp:featuredmedia":[{"embeddable":true,"href":"https:\/\/linerostelecom.cl\/index.php\/wp-json\/wp\/v2\/media\/21245959"}],"wp:attachment":[{"href":"https:\/\/linerostelecom.cl\/index.php\/wp-json\/wp\/v2\/media?parent=21245989"}],"wp:term":[{"taxonomy":"product_cat","embeddable":true,"href":"https:\/\/linerostelecom.cl\/index.php\/wp-json\/wp\/v2\/product_cat?post=21245989"},{"taxonomy":"product_tag","embeddable":true,"href":"https:\/\/linerostelecom.cl\/index.php\/wp-json\/wp\/v2\/product_tag?post=21245989"}],"curies":[{"name":"wp","href":"https:\/\/api.w.org\/{rel}","templated":true}]}}