{"id":21246025,"date":"2023-08-18T18:10:16","date_gmt":"2023-08-18T21:10:16","guid":{"rendered":"https:\/\/linerostelecom.cl\/?post_type=product&#038;p=21246025"},"modified":"2025-10-02T13:24:56","modified_gmt":"2025-10-02T16:24:56","slug":"te-300","status":"publish","type":"product","link":"https:\/\/linerostelecom.cl\/index.php\/producto\/te-300\/","title":{"rendered":"TE 300"},"content":{"rendered":"<p>Combina las funcionalidades de un equipo de radiocomunicaci\u00f3n de dos v\u00edas con tecnolog\u00eda de un dispositivo smartphone en un solo dispositivo. Comunicaci\u00f3n al instante mediante llamadas grupales o individuales. Comunicaci\u00f3n nacional o internacional, sin registro de frecuencia y con una excelente calidad de audio.<\/p>\n<p>\u25aa Tarjeta SIM asociada y habilitada a compa\u00f1\u00eda celular<\/p>\n<p>\u25aa Licencia Telosystems asociada a numero de identificaci\u00f3n IMEI<\/p>\n<p>\u25aa Sistema Operativo Android (Open Source)<\/p>\n<p>\u25aa Aplicaci\u00f3n TELOPTT instalada en dispositivo.<\/p>\n<p>\u25aa Excelente calidad de audio.<\/p>\n","protected":false},"excerpt":{"rendered":"<p>\u25aa Sistema operativo basado en Android.<\/p>\n<p>\u25aa Memoria: 512M DDR3 + 4G ROM<\/p>\n<p>\u25aa CPU: MSM8909, 1.1GHz, Quad-Core<\/p>\n<p>\u25aa WiFi : IEEE802.11a\/b\/g\/n(2.4G, 5G).<\/p>\n<p>\u25aa Bluetooth: BT v4.0 y BLE<\/p>\n<p>\u25aa GPS: \/GLONASS\/AGPS.<\/p>\n<p>\u25aa IP67, prueba de ca\u00edda de 1,5 m<\/p>\n<p><a class=\"btn-descargas\" href=\"https:\/\/linerostelecom.cl\/wp-content\/uploads\/2023\/08\/Telo-TE300.pdf\" download=\"\">Descargar ficha<\/a><\/p>\n","protected":false},"featured_media":21246028,"comment_status":"open","ping_status":"closed","template":"","meta":{"_et_pb_use_builder":"","_et_pb_old_content":"","_et_gb_content_width":""},"product_cat":[39],"product_tag":[66,67],"class_list":["post-21246025","product","type-product","status-publish","has-post-thumbnail","hentry","product_cat-poc","product_tag-poc","product_tag-te300"],"yoast_head":"<!-- This site is optimized with the Yoast SEO plugin v21.0 - https:\/\/yoast.com\/wordpress\/plugins\/seo\/ -->\n<title>TE 300 - Lineros Telecomunicaciones<\/title>\n<meta name=\"robots\" content=\"index, follow, max-snippet:-1, max-image-preview:large, max-video-preview:-1\" \/>\n<link rel=\"canonical\" href=\"https:\/\/linerostelecom.cl\/index.php\/producto\/te-300\/\" \/>\n<meta property=\"og:locale\" content=\"es_ES\" \/>\n<meta property=\"og:type\" content=\"article\" \/>\n<meta property=\"og:title\" content=\"TE 300 - Lineros Telecomunicaciones\" \/>\n<meta property=\"og:description\" content=\"\u25aa Sistema operativo basado en Android.  \u25aa Memoria: 512M DDR3 + 4G ROM  \u25aa CPU: MSM8909, 1.1GHz, Quad-Core  \u25aa WiFi : IEEE802.11a\/b\/g\/n(2.4G, 5G).  \u25aa Bluetooth: BT v4.0 y BLE  \u25aa GPS: \/GLONASS\/AGPS.  \u25aa IP67, prueba de ca\u00edda de 1,5 m  Descargar ficha\" \/>\n<meta property=\"og:url\" content=\"https:\/\/linerostelecom.cl\/index.php\/producto\/te-300\/\" \/>\n<meta property=\"og:site_name\" content=\"Lineros Telecomunicaciones\" \/>\n<meta property=\"article:modified_time\" content=\"2025-10-02T16:24:56+00:00\" \/>\n<meta property=\"og:image\" content=\"https:\/\/linerostelecom.cl\/wp-content\/uploads\/2023\/08\/TE300_1.jpg\" \/>\n\t<meta property=\"og:image:width\" content=\"900\" \/>\n\t<meta property=\"og:image:height\" content=\"660\" \/>\n\t<meta property=\"og:image:type\" content=\"image\/png\" \/>\n<meta name=\"twitter:card\" content=\"summary_large_image\" \/>\n<script type=\"application\/ld+json\" class=\"yoast-schema-graph\">{\"@context\":\"https:\/\/schema.org\",\"@graph\":[{\"@type\":\"WebPage\",\"@id\":\"https:\/\/linerostelecom.cl\/index.php\/producto\/te-300\/\",\"url\":\"https:\/\/linerostelecom.cl\/index.php\/producto\/te-300\/\",\"name\":\"TE 300 - Lineros Telecomunicaciones\",\"isPartOf\":{\"@id\":\"https:\/\/linerostelecom.cl\/#website\"},\"datePublished\":\"2023-08-18T21:10:16+00:00\",\"dateModified\":\"2025-10-02T16:24:56+00:00\",\"breadcrumb\":{\"@id\":\"https:\/\/linerostelecom.cl\/index.php\/producto\/te-300\/#breadcrumb\"},\"inLanguage\":\"es\",\"potentialAction\":[{\"@type\":\"ReadAction\",\"target\":[\"https:\/\/linerostelecom.cl\/index.php\/producto\/te-300\/\"]}]},{\"@type\":\"BreadcrumbList\",\"@id\":\"https:\/\/linerostelecom.cl\/index.php\/producto\/te-300\/#breadcrumb\",\"itemListElement\":[{\"@type\":\"ListItem\",\"position\":1,\"name\":\"Portada\",\"item\":\"https:\/\/linerostelecom.cl\/\"},{\"@type\":\"ListItem\",\"position\":2,\"name\":\"Tienda\",\"item\":\"https:\/\/linerostelecom.cl\/index.php\/tienda\/\"},{\"@type\":\"ListItem\",\"position\":3,\"name\":\"TE 300\"}]},{\"@type\":\"WebSite\",\"@id\":\"https:\/\/linerostelecom.cl\/#website\",\"url\":\"https:\/\/linerostelecom.cl\/\",\"name\":\"Lineros Telecomunicaciones\",\"description\":\"Servicio y venta de productos para telecomunicaci\u00f3n.\",\"publisher\":{\"@id\":\"https:\/\/linerostelecom.cl\/#organization\"},\"alternateName\":\"Lineros telecom\",\"potentialAction\":[{\"@type\":\"SearchAction\",\"target\":{\"@type\":\"EntryPoint\",\"urlTemplate\":\"https:\/\/linerostelecom.cl\/?s={search_term_string}\"},\"query-input\":\"required name=search_term_string\"}],\"inLanguage\":\"es\"},{\"@type\":\"Organization\",\"@id\":\"https:\/\/linerostelecom.cl\/#organization\",\"name\":\"Lineros Telecomunicaciones\",\"alternateName\":\"Lineros Telecomunicaciones\",\"url\":\"https:\/\/linerostelecom.cl\/\",\"logo\":{\"@type\":\"ImageObject\",\"inLanguage\":\"es\",\"@id\":\"https:\/\/linerostelecom.cl\/#\/schema\/logo\/image\/\",\"url\":\"https:\/\/linerostelecom.cl\/wp-content\/uploads\/2022\/11\/LOGO-LINEROS-2.png\",\"contentUrl\":\"https:\/\/linerostelecom.cl\/wp-content\/uploads\/2022\/11\/LOGO-LINEROS-2.png\",\"width\":1648,\"height\":319,\"caption\":\"Lineros Telecomunicaciones\"},\"image\":{\"@id\":\"https:\/\/linerostelecom.cl\/#\/schema\/logo\/image\/\"}}]}<\/script>\n<!-- \/ Yoast SEO plugin. -->","yoast_head_json":{"title":"TE 300 - Lineros Telecomunicaciones","robots":{"index":"index","follow":"follow","max-snippet":"max-snippet:-1","max-image-preview":"max-image-preview:large","max-video-preview":"max-video-preview:-1"},"canonical":"https:\/\/linerostelecom.cl\/index.php\/producto\/te-300\/","og_locale":"es_ES","og_type":"article","og_title":"TE 300 - Lineros Telecomunicaciones","og_description":"\u25aa Sistema operativo basado en Android.  \u25aa Memoria: 512M DDR3 + 4G ROM  \u25aa CPU: MSM8909, 1.1GHz, Quad-Core  \u25aa WiFi : IEEE802.11a\/b\/g\/n(2.4G, 5G).  \u25aa Bluetooth: BT v4.0 y BLE  \u25aa GPS: \/GLONASS\/AGPS.  \u25aa IP67, prueba de ca\u00edda de 1,5 m  Descargar ficha","og_url":"https:\/\/linerostelecom.cl\/index.php\/producto\/te-300\/","og_site_name":"Lineros Telecomunicaciones","article_modified_time":"2025-10-02T16:24:56+00:00","og_image":[{"width":900,"height":660,"url":"https:\/\/linerostelecom.cl\/wp-content\/uploads\/2023\/08\/TE300_1.jpg","type":"image\/png"}],"twitter_card":"summary_large_image","schema":{"@context":"https:\/\/schema.org","@graph":[{"@type":"WebPage","@id":"https:\/\/linerostelecom.cl\/index.php\/producto\/te-300\/","url":"https:\/\/linerostelecom.cl\/index.php\/producto\/te-300\/","name":"TE 300 - Lineros Telecomunicaciones","isPartOf":{"@id":"https:\/\/linerostelecom.cl\/#website"},"datePublished":"2023-08-18T21:10:16+00:00","dateModified":"2025-10-02T16:24:56+00:00","breadcrumb":{"@id":"https:\/\/linerostelecom.cl\/index.php\/producto\/te-300\/#breadcrumb"},"inLanguage":"es","potentialAction":[{"@type":"ReadAction","target":["https:\/\/linerostelecom.cl\/index.php\/producto\/te-300\/"]}]},{"@type":"BreadcrumbList","@id":"https:\/\/linerostelecom.cl\/index.php\/producto\/te-300\/#breadcrumb","itemListElement":[{"@type":"ListItem","position":1,"name":"Portada","item":"https:\/\/linerostelecom.cl\/"},{"@type":"ListItem","position":2,"name":"Tienda","item":"https:\/\/linerostelecom.cl\/index.php\/tienda\/"},{"@type":"ListItem","position":3,"name":"TE 300"}]},{"@type":"WebSite","@id":"https:\/\/linerostelecom.cl\/#website","url":"https:\/\/linerostelecom.cl\/","name":"Lineros Telecomunicaciones","description":"Servicio y venta de productos para telecomunicaci\u00f3n.","publisher":{"@id":"https:\/\/linerostelecom.cl\/#organization"},"alternateName":"Lineros telecom","potentialAction":[{"@type":"SearchAction","target":{"@type":"EntryPoint","urlTemplate":"https:\/\/linerostelecom.cl\/?s={search_term_string}"},"query-input":"required name=search_term_string"}],"inLanguage":"es"},{"@type":"Organization","@id":"https:\/\/linerostelecom.cl\/#organization","name":"Lineros Telecomunicaciones","alternateName":"Lineros Telecomunicaciones","url":"https:\/\/linerostelecom.cl\/","logo":{"@type":"ImageObject","inLanguage":"es","@id":"https:\/\/linerostelecom.cl\/#\/schema\/logo\/image\/","url":"https:\/\/linerostelecom.cl\/wp-content\/uploads\/2022\/11\/LOGO-LINEROS-2.png","contentUrl":"https:\/\/linerostelecom.cl\/wp-content\/uploads\/2022\/11\/LOGO-LINEROS-2.png","width":1648,"height":319,"caption":"Lineros Telecomunicaciones"},"image":{"@id":"https:\/\/linerostelecom.cl\/#\/schema\/logo\/image\/"}}]}},"_links":{"self":[{"href":"https:\/\/linerostelecom.cl\/index.php\/wp-json\/wp\/v2\/product\/21246025","targetHints":{"allow":["GET"]}}],"collection":[{"href":"https:\/\/linerostelecom.cl\/index.php\/wp-json\/wp\/v2\/product"}],"about":[{"href":"https:\/\/linerostelecom.cl\/index.php\/wp-json\/wp\/v2\/types\/product"}],"replies":[{"embeddable":true,"href":"https:\/\/linerostelecom.cl\/index.php\/wp-json\/wp\/v2\/comments?post=21246025"}],"wp:featuredmedia":[{"embeddable":true,"href":"https:\/\/linerostelecom.cl\/index.php\/wp-json\/wp\/v2\/media\/21246028"}],"wp:attachment":[{"href":"https:\/\/linerostelecom.cl\/index.php\/wp-json\/wp\/v2\/media?parent=21246025"}],"wp:term":[{"taxonomy":"product_cat","embeddable":true,"href":"https:\/\/linerostelecom.cl\/index.php\/wp-json\/wp\/v2\/product_cat?post=21246025"},{"taxonomy":"product_tag","embeddable":true,"href":"https:\/\/linerostelecom.cl\/index.php\/wp-json\/wp\/v2\/product_tag?post=21246025"}],"curies":[{"name":"wp","href":"https:\/\/api.w.org\/{rel}","templated":true}]}}