{"id":21246034,"date":"2023-08-18T23:06:31","date_gmt":"2023-08-19T02:06:31","guid":{"rendered":"https:\/\/linerostelecom.cl\/?post_type=product&#038;p=21246034"},"modified":"2025-10-02T13:28:15","modified_gmt":"2025-10-02T16:28:15","slug":"repetidora-mototrbo-slr-5100","status":"publish","type":"product","link":"https:\/\/linerostelecom.cl\/index.php\/producto\/repetidora-mototrbo-slr-5100\/","title":{"rendered":"Repetidora MOTOTRBO SLR 5100"},"content":{"rendered":"<p>La repetidora MOTOTRBO SLR 5100 ofrece un servicio de radio de dos v\u00edas de alto rendimiento y confiabilidad con todas las caracter\u00edsticas que necesita para conectar su lugar de trabajo, ya sea que est\u00e9 en terreno o en la f\u00e1brica.<\/p>\n<p>Con su elegante factor de forma y su bajo consumo de energ\u00eda, el MOTOTRBO SLR 5100 est\u00e1 dise\u00f1ado para un bajo costo de propiedad.<\/p>\n<p>Y con un gran avance en tecnolog\u00eda, representa la pr\u00f3xima generaci\u00f3n de repetidoras como la base de un sistema de radios de dos v\u00edas profesionales MOTOTRBO. Ya sea que necesite la sencillez de un sistema convencional de un solo sitio o las poderosas capacidades de troncalizaci\u00f3n de Capacity Plus, Linked Capacity Plus o Connect Plus, la repetidora SLR 5100 ofrece la potencia del radio de dos v\u00edas digital a su fuerza laboral.<\/p>\n<p>Duplica el n\u00famero de usuarios que pueden recibir servicio con un solo canal de 12.5KHz, permitiendo dos v\u00edas simult\u00e1neas de voz o datos en modo digital TDMA (Acceso M\u00faltiple por Divisi\u00f3n de Tiempo).<\/p>\n","protected":false},"excerpt":{"rendered":"<ul>\n<li>Operaci\u00f3n en modo an\u00e1logo o digital<\/li>\n<li>64 Canales programados en f\u00e1brica<\/li>\n<li>136-174 MHz en VHF<\/li>\n<li>2 ranuras simult\u00e1neas de voz o datos<\/li>\n<li>Montaje interno para duplexer<\/li>\n<li>Protocolo ETSI TS102-361-1<\/li>\n<li>Opciones: 1\/GNSS y 2\/WLAN<\/li>\n<li>Conectividad: ethernet, USB<\/li>\n<li>2 puertos ethernet RJ45<\/li>\n<li>Protocolo IP<\/li>\n<\/ul>\n<p><a class=\"btn-descargas\" href=\"https:\/\/linerostelecom.cl\/wp-content\/uploads\/2023\/08\/SLR5100_datasheet_es.pdf\" download=\"\">Descargar ficha<\/a><\/p>\n","protected":false},"featured_media":21246032,"comment_status":"open","ping_status":"closed","template":"","meta":{"_et_pb_use_builder":"","_et_pb_old_content":"","_et_gb_content_width":""},"product_cat":[40],"product_tag":[68,44],"class_list":["post-21246034","product","type-product","status-publish","has-post-thumbnail","hentry","product_cat-repetidor","product_tag-slr5100","product_tag-vhf"],"yoast_head":"<!-- This site is optimized with the Yoast SEO plugin v21.0 - https:\/\/yoast.com\/wordpress\/plugins\/seo\/ -->\n<title>Repetidora MOTOTRBO SLR 5100 - Lineros Telecomunicaciones<\/title>\n<meta name=\"robots\" content=\"index, follow, max-snippet:-1, max-image-preview:large, max-video-preview:-1\" \/>\n<link rel=\"canonical\" href=\"https:\/\/linerostelecom.cl\/index.php\/producto\/repetidora-mototrbo-slr-5100\/\" \/>\n<meta property=\"og:locale\" content=\"es_ES\" \/>\n<meta property=\"og:type\" content=\"article\" \/>\n<meta property=\"og:title\" content=\"Repetidora MOTOTRBO SLR 5100 - Lineros Telecomunicaciones\" \/>\n<meta property=\"og:description\" content=\"Operaci\u00f3n en modo an\u00e1logo o digital     64 Canales programados en f\u00e1brica     136-174 MHz en VHF     2 ranuras simult\u00e1neas de voz o datos     Montaje interno para duplexer     Protocolo ETSI TS102-361-1     Opciones: 1\/GNSS y 2\/WLAN     Conectividad: ethernet, USB     2 puertos ethernet RJ45     Protocolo IP        Descargar ficha\" \/>\n<meta property=\"og:url\" content=\"https:\/\/linerostelecom.cl\/index.php\/producto\/repetidora-mototrbo-slr-5100\/\" \/>\n<meta property=\"og:site_name\" content=\"Lineros Telecomunicaciones\" \/>\n<meta property=\"article:modified_time\" content=\"2025-10-02T16:28:15+00:00\" \/>\n<meta property=\"og:image\" content=\"https:\/\/linerostelecom.cl\/wp-content\/uploads\/2023\/08\/SLR5100-1.jpg\" \/>\n\t<meta property=\"og:image:width\" content=\"1200\" \/>\n\t<meta property=\"og:image:height\" content=\"1200\" \/>\n\t<meta property=\"og:image:type\" content=\"image\/jpeg\" \/>\n<meta name=\"twitter:card\" content=\"summary_large_image\" \/>\n<meta name=\"twitter:label1\" content=\"Tiempo de lectura\" \/>\n\t<meta name=\"twitter:data1\" content=\"1 minuto\" \/>\n<script type=\"application\/ld+json\" class=\"yoast-schema-graph\">{\"@context\":\"https:\/\/schema.org\",\"@graph\":[{\"@type\":\"WebPage\",\"@id\":\"https:\/\/linerostelecom.cl\/index.php\/producto\/repetidora-mototrbo-slr-5100\/\",\"url\":\"https:\/\/linerostelecom.cl\/index.php\/producto\/repetidora-mototrbo-slr-5100\/\",\"name\":\"Repetidora MOTOTRBO SLR 5100 - Lineros Telecomunicaciones\",\"isPartOf\":{\"@id\":\"https:\/\/linerostelecom.cl\/#website\"},\"datePublished\":\"2023-08-19T02:06:31+00:00\",\"dateModified\":\"2025-10-02T16:28:15+00:00\",\"breadcrumb\":{\"@id\":\"https:\/\/linerostelecom.cl\/index.php\/producto\/repetidora-mototrbo-slr-5100\/#breadcrumb\"},\"inLanguage\":\"es\",\"potentialAction\":[{\"@type\":\"ReadAction\",\"target\":[\"https:\/\/linerostelecom.cl\/index.php\/producto\/repetidora-mototrbo-slr-5100\/\"]}]},{\"@type\":\"BreadcrumbList\",\"@id\":\"https:\/\/linerostelecom.cl\/index.php\/producto\/repetidora-mototrbo-slr-5100\/#breadcrumb\",\"itemListElement\":[{\"@type\":\"ListItem\",\"position\":1,\"name\":\"Portada\",\"item\":\"https:\/\/linerostelecom.cl\/\"},{\"@type\":\"ListItem\",\"position\":2,\"name\":\"Tienda\",\"item\":\"https:\/\/linerostelecom.cl\/index.php\/tienda\/\"},{\"@type\":\"ListItem\",\"position\":3,\"name\":\"Repetidora MOTOTRBO SLR 5100\"}]},{\"@type\":\"WebSite\",\"@id\":\"https:\/\/linerostelecom.cl\/#website\",\"url\":\"https:\/\/linerostelecom.cl\/\",\"name\":\"Lineros Telecomunicaciones\",\"description\":\"Servicio y venta de productos para telecomunicaci\u00f3n.\",\"publisher\":{\"@id\":\"https:\/\/linerostelecom.cl\/#organization\"},\"alternateName\":\"Lineros telecom\",\"potentialAction\":[{\"@type\":\"SearchAction\",\"target\":{\"@type\":\"EntryPoint\",\"urlTemplate\":\"https:\/\/linerostelecom.cl\/?s={search_term_string}\"},\"query-input\":\"required name=search_term_string\"}],\"inLanguage\":\"es\"},{\"@type\":\"Organization\",\"@id\":\"https:\/\/linerostelecom.cl\/#organization\",\"name\":\"Lineros Telecomunicaciones\",\"alternateName\":\"Lineros Telecomunicaciones\",\"url\":\"https:\/\/linerostelecom.cl\/\",\"logo\":{\"@type\":\"ImageObject\",\"inLanguage\":\"es\",\"@id\":\"https:\/\/linerostelecom.cl\/#\/schema\/logo\/image\/\",\"url\":\"https:\/\/linerostelecom.cl\/wp-content\/uploads\/2022\/11\/LOGO-LINEROS-2.png\",\"contentUrl\":\"https:\/\/linerostelecom.cl\/wp-content\/uploads\/2022\/11\/LOGO-LINEROS-2.png\",\"width\":1648,\"height\":319,\"caption\":\"Lineros Telecomunicaciones\"},\"image\":{\"@id\":\"https:\/\/linerostelecom.cl\/#\/schema\/logo\/image\/\"}}]}<\/script>\n<!-- \/ Yoast SEO plugin. -->","yoast_head_json":{"title":"Repetidora MOTOTRBO SLR 5100 - Lineros Telecomunicaciones","robots":{"index":"index","follow":"follow","max-snippet":"max-snippet:-1","max-image-preview":"max-image-preview:large","max-video-preview":"max-video-preview:-1"},"canonical":"https:\/\/linerostelecom.cl\/index.php\/producto\/repetidora-mototrbo-slr-5100\/","og_locale":"es_ES","og_type":"article","og_title":"Repetidora MOTOTRBO SLR 5100 - Lineros Telecomunicaciones","og_description":"Operaci\u00f3n en modo an\u00e1logo o digital     64 Canales programados en f\u00e1brica     136-174 MHz en VHF     2 ranuras simult\u00e1neas de voz o datos     Montaje interno para duplexer     Protocolo ETSI TS102-361-1     Opciones: 1\/GNSS y 2\/WLAN     Conectividad: ethernet, USB     2 puertos ethernet RJ45     Protocolo IP        Descargar ficha","og_url":"https:\/\/linerostelecom.cl\/index.php\/producto\/repetidora-mototrbo-slr-5100\/","og_site_name":"Lineros Telecomunicaciones","article_modified_time":"2025-10-02T16:28:15+00:00","og_image":[{"width":1200,"height":1200,"url":"https:\/\/linerostelecom.cl\/wp-content\/uploads\/2023\/08\/SLR5100-1.jpg","type":"image\/jpeg"}],"twitter_card":"summary_large_image","twitter_misc":{"Tiempo de lectura":"1 minuto"},"schema":{"@context":"https:\/\/schema.org","@graph":[{"@type":"WebPage","@id":"https:\/\/linerostelecom.cl\/index.php\/producto\/repetidora-mototrbo-slr-5100\/","url":"https:\/\/linerostelecom.cl\/index.php\/producto\/repetidora-mototrbo-slr-5100\/","name":"Repetidora MOTOTRBO SLR 5100 - Lineros Telecomunicaciones","isPartOf":{"@id":"https:\/\/linerostelecom.cl\/#website"},"datePublished":"2023-08-19T02:06:31+00:00","dateModified":"2025-10-02T16:28:15+00:00","breadcrumb":{"@id":"https:\/\/linerostelecom.cl\/index.php\/producto\/repetidora-mototrbo-slr-5100\/#breadcrumb"},"inLanguage":"es","potentialAction":[{"@type":"ReadAction","target":["https:\/\/linerostelecom.cl\/index.php\/producto\/repetidora-mototrbo-slr-5100\/"]}]},{"@type":"BreadcrumbList","@id":"https:\/\/linerostelecom.cl\/index.php\/producto\/repetidora-mototrbo-slr-5100\/#breadcrumb","itemListElement":[{"@type":"ListItem","position":1,"name":"Portada","item":"https:\/\/linerostelecom.cl\/"},{"@type":"ListItem","position":2,"name":"Tienda","item":"https:\/\/linerostelecom.cl\/index.php\/tienda\/"},{"@type":"ListItem","position":3,"name":"Repetidora MOTOTRBO SLR 5100"}]},{"@type":"WebSite","@id":"https:\/\/linerostelecom.cl\/#website","url":"https:\/\/linerostelecom.cl\/","name":"Lineros Telecomunicaciones","description":"Servicio y venta de productos para telecomunicaci\u00f3n.","publisher":{"@id":"https:\/\/linerostelecom.cl\/#organization"},"alternateName":"Lineros telecom","potentialAction":[{"@type":"SearchAction","target":{"@type":"EntryPoint","urlTemplate":"https:\/\/linerostelecom.cl\/?s={search_term_string}"},"query-input":"required name=search_term_string"}],"inLanguage":"es"},{"@type":"Organization","@id":"https:\/\/linerostelecom.cl\/#organization","name":"Lineros Telecomunicaciones","alternateName":"Lineros Telecomunicaciones","url":"https:\/\/linerostelecom.cl\/","logo":{"@type":"ImageObject","inLanguage":"es","@id":"https:\/\/linerostelecom.cl\/#\/schema\/logo\/image\/","url":"https:\/\/linerostelecom.cl\/wp-content\/uploads\/2022\/11\/LOGO-LINEROS-2.png","contentUrl":"https:\/\/linerostelecom.cl\/wp-content\/uploads\/2022\/11\/LOGO-LINEROS-2.png","width":1648,"height":319,"caption":"Lineros Telecomunicaciones"},"image":{"@id":"https:\/\/linerostelecom.cl\/#\/schema\/logo\/image\/"}}]}},"_links":{"self":[{"href":"https:\/\/linerostelecom.cl\/index.php\/wp-json\/wp\/v2\/product\/21246034","targetHints":{"allow":["GET"]}}],"collection":[{"href":"https:\/\/linerostelecom.cl\/index.php\/wp-json\/wp\/v2\/product"}],"about":[{"href":"https:\/\/linerostelecom.cl\/index.php\/wp-json\/wp\/v2\/types\/product"}],"replies":[{"embeddable":true,"href":"https:\/\/linerostelecom.cl\/index.php\/wp-json\/wp\/v2\/comments?post=21246034"}],"wp:featuredmedia":[{"embeddable":true,"href":"https:\/\/linerostelecom.cl\/index.php\/wp-json\/wp\/v2\/media\/21246032"}],"wp:attachment":[{"href":"https:\/\/linerostelecom.cl\/index.php\/wp-json\/wp\/v2\/media?parent=21246034"}],"wp:term":[{"taxonomy":"product_cat","embeddable":true,"href":"https:\/\/linerostelecom.cl\/index.php\/wp-json\/wp\/v2\/product_cat?post=21246034"},{"taxonomy":"product_tag","embeddable":true,"href":"https:\/\/linerostelecom.cl\/index.php\/wp-json\/wp\/v2\/product_tag?post=21246034"}],"curies":[{"name":"wp","href":"https:\/\/api.w.org\/{rel}","templated":true}]}}