{"id":21246129,"date":"2024-12-19T16:04:34","date_gmt":"2024-12-19T19:04:34","guid":{"rendered":"https:\/\/linerostelecom.cl\/?post_type=product&#038;p=21246129"},"modified":"2025-10-02T13:25:08","modified_gmt":"2025-10-02T16:25:08","slug":"portatil-r2-digital-vhf","status":"publish","type":"product","link":"https:\/\/linerostelecom.cl\/index.php\/producto\/portatil-r2-digital-vhf\/","title":{"rendered":"PORTATIL R2 &#8211; DIGITAL VHF"},"content":{"rendered":"<p><img loading=\"lazy\" decoding=\"async\" class=\"aligncenter wp-image-21246149\" src=\"https:\/\/linerostelecom.cl\/wp-content\/uploads\/2024\/12\/caracteristicasR2.png\" alt=\"\" width=\"959\" height=\"156\" \/><\/p>\n<p>Resistente, ligero y duradero, el MOTOTRBO R2 demuestra ser la elecci\u00f3n correcta para una fiabilidad durante todo el d\u00eda, incluso en entornos de trabajo dif\u00edciles. \u00daselo con confianza en f\u00e1bricas polvorientas, jardines h\u00famedos y m\u00e1s; y con facilidad incluso con guantes.<\/p>\n<p>Con la cancelaci\u00f3n de ruido de SINC+, amplio alcance y perfiles de audio seleccionables, el MOTOTRBO R2 destaca en ambientes de trabajo ruidosos. Comun\u00edquese con claridad para mantenerse seguro cerca de cerca de una punzadora, un taladro neum\u00e1tico, una excavadora y mucho m\u00e1s.<\/p>\n<p>MOTOTRBO R2 es el dispositivo de trabajo por excelencia. Dise\u00f1ado para minimizar el tiempo de inactividad con una experiencia de usuario simplificada, ergonom\u00eda a prueba de todo y migraci\u00f3n de bajo costo, el R2 lo ayuda a gestionar sus operaciones diarias sin perder el ritmo.<\/p>\n","protected":false},"excerpt":{"rendered":"<p>El MOTOTRBO R2 es un potente equipo de \u00faltima generaci\u00f3n que unifica durabilidad y ergonom\u00eda para garantizar un manejo seguro y sencillo. Con un alcance superior, audio configurable y una integraci\u00f3n perfecta, el R2 es una adici\u00f3n confiable a un d\u00eda de trabajo ininterrumpido.<\/p>\n<p><a class=\"btn-descargas\" href=\"https:\/\/linerostelecom.cl\/wp-content\/uploads\/2024\/12\/mototrbo-r2_brochure-ES.pdf\" download=\"\">Brochure R2<\/a><\/p>\n<p><a class=\"btn-descargas\" href=\"https:\/\/linerostelecom.cl\/wp-content\/uploads\/2024\/12\/mototrbo_r2_datasheet_es.pdf\" download=\"\">Especificaciones<\/a><\/p>\n","protected":false},"featured_media":21246146,"comment_status":"open","ping_status":"closed","template":"","meta":{"_et_pb_use_builder":"","_et_pb_old_content":"","_et_gb_content_width":""},"product_cat":[38,37],"product_tag":[45,74,44],"class_list":["post-21246129","product","type-product","status-publish","has-post-thumbnail","hentry","product_cat-equipos-portatiles","product_cat-portatiles","product_tag-digital","product_tag-r2","product_tag-vhf"],"yoast_head":"<!-- This site is optimized with the Yoast SEO plugin v21.0 - https:\/\/yoast.com\/wordpress\/plugins\/seo\/ -->\n<title>PORTATIL R2 - DIGITAL VHF - Lineros Telecomunicaciones<\/title>\n<meta name=\"robots\" content=\"index, follow, max-snippet:-1, max-image-preview:large, max-video-preview:-1\" \/>\n<link rel=\"canonical\" href=\"https:\/\/linerostelecom.cl\/index.php\/producto\/portatil-r2-digital-vhf\/\" \/>\n<meta property=\"og:locale\" content=\"es_ES\" \/>\n<meta property=\"og:type\" content=\"article\" \/>\n<meta property=\"og:title\" content=\"PORTATIL R2 - DIGITAL VHF - Lineros Telecomunicaciones\" \/>\n<meta property=\"og:description\" content=\"El MOTOTRBO R2 es un potente equipo de \u00faltima generaci\u00f3n que unifica durabilidad y ergonom\u00eda para garantizar un manejo seguro y sencillo. Con un alcance superior, audio configurable y una integraci\u00f3n perfecta, el R2 es una adici\u00f3n confiable a un d\u00eda de trabajo ininterrumpido.  Brochure R2  Especificaciones\" \/>\n<meta property=\"og:url\" content=\"https:\/\/linerostelecom.cl\/index.php\/producto\/portatil-r2-digital-vhf\/\" \/>\n<meta property=\"og:site_name\" content=\"Lineros Telecomunicaciones\" \/>\n<meta property=\"article:modified_time\" content=\"2025-10-02T16:25:08+00:00\" \/>\n<meta property=\"og:image\" content=\"https:\/\/linerostelecom.cl\/wp-content\/uploads\/2024\/12\/nile-front-r2.png\" \/>\n\t<meta property=\"og:image:width\" content=\"2560\" \/>\n\t<meta property=\"og:image:height\" content=\"2560\" \/>\n\t<meta property=\"og:image:type\" content=\"image\/png\" \/>\n<meta name=\"twitter:card\" content=\"summary_large_image\" \/>\n<meta name=\"twitter:label1\" content=\"Tiempo de lectura\" \/>\n\t<meta name=\"twitter:data1\" content=\"1 minuto\" \/>\n<script type=\"application\/ld+json\" class=\"yoast-schema-graph\">{\"@context\":\"https:\/\/schema.org\",\"@graph\":[{\"@type\":\"WebPage\",\"@id\":\"https:\/\/linerostelecom.cl\/index.php\/producto\/portatil-r2-digital-vhf\/\",\"url\":\"https:\/\/linerostelecom.cl\/index.php\/producto\/portatil-r2-digital-vhf\/\",\"name\":\"PORTATIL R2 - DIGITAL VHF - Lineros Telecomunicaciones\",\"isPartOf\":{\"@id\":\"https:\/\/linerostelecom.cl\/#website\"},\"datePublished\":\"2024-12-19T19:04:34+00:00\",\"dateModified\":\"2025-10-02T16:25:08+00:00\",\"breadcrumb\":{\"@id\":\"https:\/\/linerostelecom.cl\/index.php\/producto\/portatil-r2-digital-vhf\/#breadcrumb\"},\"inLanguage\":\"es\",\"potentialAction\":[{\"@type\":\"ReadAction\",\"target\":[\"https:\/\/linerostelecom.cl\/index.php\/producto\/portatil-r2-digital-vhf\/\"]}]},{\"@type\":\"BreadcrumbList\",\"@id\":\"https:\/\/linerostelecom.cl\/index.php\/producto\/portatil-r2-digital-vhf\/#breadcrumb\",\"itemListElement\":[{\"@type\":\"ListItem\",\"position\":1,\"name\":\"Portada\",\"item\":\"https:\/\/linerostelecom.cl\/\"},{\"@type\":\"ListItem\",\"position\":2,\"name\":\"Tienda\",\"item\":\"https:\/\/linerostelecom.cl\/index.php\/tienda\/\"},{\"@type\":\"ListItem\",\"position\":3,\"name\":\"PORTATIL R2 &#8211; DIGITAL VHF\"}]},{\"@type\":\"WebSite\",\"@id\":\"https:\/\/linerostelecom.cl\/#website\",\"url\":\"https:\/\/linerostelecom.cl\/\",\"name\":\"Lineros Telecomunicaciones\",\"description\":\"Servicio y venta de productos para telecomunicaci\u00f3n.\",\"publisher\":{\"@id\":\"https:\/\/linerostelecom.cl\/#organization\"},\"alternateName\":\"Lineros telecom\",\"potentialAction\":[{\"@type\":\"SearchAction\",\"target\":{\"@type\":\"EntryPoint\",\"urlTemplate\":\"https:\/\/linerostelecom.cl\/?s={search_term_string}\"},\"query-input\":\"required name=search_term_string\"}],\"inLanguage\":\"es\"},{\"@type\":\"Organization\",\"@id\":\"https:\/\/linerostelecom.cl\/#organization\",\"name\":\"Lineros Telecomunicaciones\",\"alternateName\":\"Lineros Telecomunicaciones\",\"url\":\"https:\/\/linerostelecom.cl\/\",\"logo\":{\"@type\":\"ImageObject\",\"inLanguage\":\"es\",\"@id\":\"https:\/\/linerostelecom.cl\/#\/schema\/logo\/image\/\",\"url\":\"https:\/\/linerostelecom.cl\/wp-content\/uploads\/2022\/11\/LOGO-LINEROS-2.png\",\"contentUrl\":\"https:\/\/linerostelecom.cl\/wp-content\/uploads\/2022\/11\/LOGO-LINEROS-2.png\",\"width\":1648,\"height\":319,\"caption\":\"Lineros Telecomunicaciones\"},\"image\":{\"@id\":\"https:\/\/linerostelecom.cl\/#\/schema\/logo\/image\/\"}}]}<\/script>\n<!-- \/ Yoast SEO plugin. -->","yoast_head_json":{"title":"PORTATIL R2 - DIGITAL VHF - Lineros Telecomunicaciones","robots":{"index":"index","follow":"follow","max-snippet":"max-snippet:-1","max-image-preview":"max-image-preview:large","max-video-preview":"max-video-preview:-1"},"canonical":"https:\/\/linerostelecom.cl\/index.php\/producto\/portatil-r2-digital-vhf\/","og_locale":"es_ES","og_type":"article","og_title":"PORTATIL R2 - DIGITAL VHF - Lineros Telecomunicaciones","og_description":"El MOTOTRBO R2 es un potente equipo de \u00faltima generaci\u00f3n que unifica durabilidad y ergonom\u00eda para garantizar un manejo seguro y sencillo. Con un alcance superior, audio configurable y una integraci\u00f3n perfecta, el R2 es una adici\u00f3n confiable a un d\u00eda de trabajo ininterrumpido.  Brochure R2  Especificaciones","og_url":"https:\/\/linerostelecom.cl\/index.php\/producto\/portatil-r2-digital-vhf\/","og_site_name":"Lineros Telecomunicaciones","article_modified_time":"2025-10-02T16:25:08+00:00","og_image":[{"width":2560,"height":2560,"url":"https:\/\/linerostelecom.cl\/wp-content\/uploads\/2024\/12\/nile-front-r2.png","type":"image\/png"}],"twitter_card":"summary_large_image","twitter_misc":{"Tiempo de lectura":"1 minuto"},"schema":{"@context":"https:\/\/schema.org","@graph":[{"@type":"WebPage","@id":"https:\/\/linerostelecom.cl\/index.php\/producto\/portatil-r2-digital-vhf\/","url":"https:\/\/linerostelecom.cl\/index.php\/producto\/portatil-r2-digital-vhf\/","name":"PORTATIL R2 - DIGITAL VHF - Lineros Telecomunicaciones","isPartOf":{"@id":"https:\/\/linerostelecom.cl\/#website"},"datePublished":"2024-12-19T19:04:34+00:00","dateModified":"2025-10-02T16:25:08+00:00","breadcrumb":{"@id":"https:\/\/linerostelecom.cl\/index.php\/producto\/portatil-r2-digital-vhf\/#breadcrumb"},"inLanguage":"es","potentialAction":[{"@type":"ReadAction","target":["https:\/\/linerostelecom.cl\/index.php\/producto\/portatil-r2-digital-vhf\/"]}]},{"@type":"BreadcrumbList","@id":"https:\/\/linerostelecom.cl\/index.php\/producto\/portatil-r2-digital-vhf\/#breadcrumb","itemListElement":[{"@type":"ListItem","position":1,"name":"Portada","item":"https:\/\/linerostelecom.cl\/"},{"@type":"ListItem","position":2,"name":"Tienda","item":"https:\/\/linerostelecom.cl\/index.php\/tienda\/"},{"@type":"ListItem","position":3,"name":"PORTATIL R2 &#8211; DIGITAL VHF"}]},{"@type":"WebSite","@id":"https:\/\/linerostelecom.cl\/#website","url":"https:\/\/linerostelecom.cl\/","name":"Lineros Telecomunicaciones","description":"Servicio y venta de productos para telecomunicaci\u00f3n.","publisher":{"@id":"https:\/\/linerostelecom.cl\/#organization"},"alternateName":"Lineros telecom","potentialAction":[{"@type":"SearchAction","target":{"@type":"EntryPoint","urlTemplate":"https:\/\/linerostelecom.cl\/?s={search_term_string}"},"query-input":"required name=search_term_string"}],"inLanguage":"es"},{"@type":"Organization","@id":"https:\/\/linerostelecom.cl\/#organization","name":"Lineros Telecomunicaciones","alternateName":"Lineros Telecomunicaciones","url":"https:\/\/linerostelecom.cl\/","logo":{"@type":"ImageObject","inLanguage":"es","@id":"https:\/\/linerostelecom.cl\/#\/schema\/logo\/image\/","url":"https:\/\/linerostelecom.cl\/wp-content\/uploads\/2022\/11\/LOGO-LINEROS-2.png","contentUrl":"https:\/\/linerostelecom.cl\/wp-content\/uploads\/2022\/11\/LOGO-LINEROS-2.png","width":1648,"height":319,"caption":"Lineros Telecomunicaciones"},"image":{"@id":"https:\/\/linerostelecom.cl\/#\/schema\/logo\/image\/"}}]}},"_links":{"self":[{"href":"https:\/\/linerostelecom.cl\/index.php\/wp-json\/wp\/v2\/product\/21246129","targetHints":{"allow":["GET"]}}],"collection":[{"href":"https:\/\/linerostelecom.cl\/index.php\/wp-json\/wp\/v2\/product"}],"about":[{"href":"https:\/\/linerostelecom.cl\/index.php\/wp-json\/wp\/v2\/types\/product"}],"replies":[{"embeddable":true,"href":"https:\/\/linerostelecom.cl\/index.php\/wp-json\/wp\/v2\/comments?post=21246129"}],"wp:featuredmedia":[{"embeddable":true,"href":"https:\/\/linerostelecom.cl\/index.php\/wp-json\/wp\/v2\/media\/21246146"}],"wp:attachment":[{"href":"https:\/\/linerostelecom.cl\/index.php\/wp-json\/wp\/v2\/media?parent=21246129"}],"wp:term":[{"taxonomy":"product_cat","embeddable":true,"href":"https:\/\/linerostelecom.cl\/index.php\/wp-json\/wp\/v2\/product_cat?post=21246129"},{"taxonomy":"product_tag","embeddable":true,"href":"https:\/\/linerostelecom.cl\/index.php\/wp-json\/wp\/v2\/product_tag?post=21246129"}],"curies":[{"name":"wp","href":"https:\/\/api.w.org\/{rel}","templated":true}]}}